{"id":648432,"date":"2025-03-18T18:33:32","date_gmt":"2025-03-18T17:33:32","guid":{"rendered":"https:\/\/primalfocus.eu\/?post_type=product&#038;p=648432"},"modified":"2026-04-09T16:52:48","modified_gmt":"2026-04-09T14:52:48","slug":"1s-lsd-blotter-150%c2%b5g","status":"publish","type":"product","link":"https:\/\/primalfocus.eu\/de\/1s-lsd-blotters-150%CE%BCg\/","title":{"rendered":"1S-LSD Makro Blotters"},"content":{"rendered":"<h2>1S-LSD Blotters (150\u00b5g) f\u00fcr klare und tiefe Erfahrungen<\/h2>\n<p>Erfahrungen mit der Makrodosierung von 1S-LSD Blotters: a <a href=\"https:\/\/primalfocus.eu\/de\/produkt-kategorie\/legales-lsd\/\">legales, im Labor getestetes LSD<\/a> Pro-Droge, die Klarheit, Kreativit\u00e4t und Introspektion bietet. Entwickelt f\u00fcr Menschen, die eine starke und zuverl\u00e4ssige Erfahrung wollen.<\/p>\n<div style=\"background-color: #eff5e6; padding: 20px; border-radius: 12px; font-family: Montserrat, sans-serif; font-size: 15px; color: #333; line-height: 1.6;\">\n<ul style=\"list-style: none; padding: 0; margin: 0;\">\n<li style=\"margin-bottom: 8px;\">\u2705 150\u00b5g pro Blotter<\/li>\n<li style=\"margin-bottom: 8px;\">\u2705 Legal in vielen EU-L\u00e4ndern<\/li>\n<li style=\"margin-bottom: 8px;\">\u2705 Laborgepr\u00fcft und konsistent<\/li>\n<li style=\"margin-bottom: 8px;\">\u2705 Diskreter europ\u00e4ischer Versand<\/li>\n<li>\u26a0\ufe0f Begrenzter Bestand<\/li>\n<\/ul>\n<\/div>\n<div style=\"font-family: Montserrat, sans-serif; margin-top: 20px;\">\n<h2>Was ist 1S-LSD?<\/h2>\n<p>1S-LSD ist eine Forschungschemikalie, die sich im K\u00f6rper in LSD verwandeln kann. Die Wirkungen sind \u00e4hnlich wie beim klassischen LSD, z. B. st\u00e4rkere Wahrnehmung, visuelle Eindr\u00fccke und tiefere Gedanken.<\/p>\n<p>In den Niederlanden und mehreren anderen EU-L\u00e4ndern ist es nicht als illegal eingestuft, so dass es zu Forschungszwecken verkauft werden kann.<\/p>\n<\/div>\n<div style=\"font-family: Montserrat, sans-serif; margin-top: 20px;\">\n<h2>Was macht 1S-LSD Blotters so besonders?<\/h2>\n<p>Diese Blotters werden in einem professionellen Labor hergestellt und sorgf\u00e4ltig dosiert. Das bedeutet, dass Sie jedes Mal wissen, was Sie erwarten k\u00f6nnen.<\/p>\n<p>Das Erlebnis wird oft als stark, klar und lang anhaltend beschrieben. Verglichen mit <a href=\"https:\/\/primalfocus.eu\/de\/produkt-kategorie\/makrodosierung\/truffel-makrodosierung\/\">magische Tr\u00fcffel<\/a> oder <a href=\"https:\/\/primalfocus.eu\/de\/produkt-kategorie\/tropfen\/\">Pilztropfen<\/a>, Blotters halten in der Regel l\u00e4nger und f\u00fchlen sich konsistenter an.<\/p>\n<\/div>\n<div style=\"font-family: Montserrat, sans-serif; margin-top: 20px;\">\n<h2>Perfekt f\u00fcr<\/h2>\n<ul>\n<li>Forschung \u00fcber LSD-\u00e4hnliche Wirkungen<\/li>\n<li>Vollst\u00e4ndige Makrodosis-Erfahrungen<\/li>\n<li>Kreatives Denken und Reflexion<\/li>\n<li>Menschen, die best\u00e4ndige Ergebnisse wollen<\/li>\n<\/ul>\n<\/div>\n<h2><strong>Warum sollten Sie unsere 1S-LSD Blotters w\u00e4hlen?<\/strong><\/h2>\n<div class=\"su-accordion su-u-trim custom-lsd-accordion\">\n<div class=\"su-spoiler su-spoiler-style-default su-spoiler-icon-plus su-spoiler-closed\" data-scroll-offset=\"0\" data-anchor-in-url=\"no\"><div class=\"su-spoiler-title\" tabindex=\"0\" role=\"button\"><span class=\"su-spoiler-icon\"><\/span>Genaue Dosierung<\/div><div class=\"su-spoiler-content su-u-clearfix su-u-trim\">\n<div style=\"background-color: #eff5e6; padding: 12px 16px; font-size: 15px; color: #444; line-height: 1.8;\">Jeder Blotter enth\u00e4lt 150 \u00b5g f\u00fcr einheitliche Ergebnisse.<\/div>\n<\/div><\/div>\n<div class=\"su-spoiler su-spoiler-style-default su-spoiler-icon-plus su-spoiler-closed\" data-scroll-offset=\"0\" data-anchor-in-url=\"no\"><div class=\"su-spoiler-title\" tabindex=\"0\" role=\"button\"><span class=\"su-spoiler-icon\"><\/span>Legal in vielen EU-L\u00e4ndern<\/div><div class=\"su-spoiler-content su-u-clearfix su-u-trim\">\n<div style=\"background-color: #eff5e6; padding: 12px 16px; font-size: 15px; color: #444; line-height: 1.8;\">In den Niederlanden und vielen anderen EU-L\u00e4ndern nicht als illegal eingestuft.<\/div>\n<\/div><\/div>\n<div class=\"su-spoiler su-spoiler-style-default su-spoiler-icon-plus su-spoiler-closed\" data-scroll-offset=\"0\" data-anchor-in-url=\"no\"><div class=\"su-spoiler-title\" tabindex=\"0\" role=\"button\"><span class=\"su-spoiler-icon\"><\/span>Laborgepr\u00fcft<\/div><div class=\"su-spoiler-content su-u-clearfix su-u-trim\">\n<div style=\"background-color: #eff5e6; padding: 12px 16px; font-size: 15px; color: #444; line-height: 1.8;\">Hergestellt in einem kontrollierten Labor, um die Qualit\u00e4t zu gew\u00e4hrleisten.<\/div>\n<\/div><\/div>\n<div class=\"su-spoiler su-spoiler-style-default su-spoiler-icon-plus su-spoiler-closed\" data-scroll-offset=\"0\" data-anchor-in-url=\"no\"><div class=\"su-spoiler-title\" tabindex=\"0\" role=\"button\"><span class=\"su-spoiler-icon\"><\/span>Diskreter Versand<\/div><div class=\"su-spoiler-content su-u-clearfix su-u-trim\">\n<div style=\"background-color: #eff5e6; padding: 12px 16px; font-size: 15px; color: #444; line-height: 1.8;\">Der Versand erfolgt in neutraler Verpackung mit Versicherung.<\/div>\n<\/div><\/div>\n<\/div>\n<div style=\"margin-top: 20px; background-color: #eff5e6; padding: 16px; border-radius: 8px; border: 1px solid #dbeac7; font-family: Montserrat, sans-serif; font-size: 14px; line-height: 1.8;\">\n<h3><strong>Wichtige Hinweise (sorgf\u00e4ltig lesen):<\/strong><\/h3>\n<ul style=\"margin: 10px 0 0 20px;\">\n<li>Nur f\u00fcr Forschungszwecke.<\/li>\n<li>Nicht verzehren.<\/li>\n<li>Von Kindern und Tieren fernhalten.<\/li>\n<li>Nicht mit Alkohol oder anderen Substanzen mischen.<\/li>\n<li>Nicht geeignet f\u00fcr Menschen mit psychischen Problemen.<\/li>\n<li>An einem k\u00fchlen und dunklen Ort aufbewahren.<\/li>\n<\/ul>\n<\/div>","protected":false},"excerpt":{"rendered":"<p>1S-LSD Blotters (150\u00b5g) for clear and deep experiences Experience macrodosing with 1S-LSD Blotters: a legal, lab-tested LSD pro-drug that offers [&hellip;]<\/p>\n","protected":false},"featured_media":655887,"comment_status":"open","ping_status":"closed","template":"","meta":{"site-sidebar-layout":"default","site-content-layout":"default","ast-site-content-layout":"default","site-content-style":"default","site-sidebar-style":"default","ast-global-header-display":"","ast-banner-title-visibility":"","ast-main-header-display":"","ast-hfb-above-header-display":"","ast-hfb-below-header-display":"","ast-hfb-mobile-header-display":"","site-post-title":"","ast-breadcrumbs-content":"","ast-featured-img":"","footer-sml-layout":"","ast-disable-related-posts":"","theme-transparent-header-meta":"default","adv-header-id-meta":"","stick-header-meta":"","header-above-stick-meta":"","header-main-stick-meta":"","header-below-stick-meta":"","astra-migrate-meta-layouts":"set","ast-page-background-enabled":"default","ast-page-background-meta":{"desktop":{"background-color":"","background-image":"","background-repeat":"repeat","background-position":"center center","background-size":"auto","background-attachment":"scroll","background-type":"","background-media":"","overlay-type":"","overlay-color":"","overlay-opacity":"","overlay-gradient":""},"tablet":{"background-color":"","background-image":"","background-repeat":"repeat","background-position":"center center","background-size":"auto","background-attachment":"scroll","background-type":"","background-media":"","overlay-type":"","overlay-color":"","overlay-opacity":"","overlay-gradient":""},"mobile":{"background-color":"","background-image":"","background-repeat":"repeat","background-position":"center center","background-size":"auto","background-attachment":"scroll","background-type":"","background-media":"","overlay-type":"","overlay-color":"","overlay-opacity":"","overlay-gradient":""}},"ast-content-background-meta":{"desktop":{"background-color":"var(--ast-global-color-5)","background-image":"","background-repeat":"repeat","background-position":"center center","background-size":"auto","background-attachment":"scroll","background-type":"","background-media":"","overlay-type":"","overlay-color":"","overlay-opacity":"","overlay-gradient":""},"tablet":{"background-color":"var(--ast-global-color-5)","background-image":"","background-repeat":"repeat","background-position":"center center","background-size":"auto","background-attachment":"scroll","background-type":"","background-media":"","overlay-type":"","overlay-color":"","overlay-opacity":"","overlay-gradient":""},"mobile":{"background-color":"var(--ast-global-color-5)","background-image":"","background-repeat":"repeat","background-position":"center center","background-size":"auto","background-attachment":"scroll","background-type":"","background-media":"","overlay-type":"","overlay-color":"","overlay-opacity":"","overlay-gradient":""}}},"product_brand":[129],"product_cat":[113,92],"product_tag":[],"class_list":{"0":"post-648432","1":"product","2":"type-product","3":"status-publish","4":"has-post-thumbnail","6":"product_brand-primal-focus","7":"product_cat-legal-lsd","8":"product_cat-macrodosing","9":"product_shipping_class-brievenbus-pakje","10":"desktop-align-center","11":"tablet-align-left","12":"mobile-align-left","14":"first","15":"instock","16":"sale","17":"taxable","18":"shipping-taxable","19":"purchasable","20":"product-type-variable","21":"has-default-attributes"},"yoast_head":"<!-- This site is optimized with the Yoast SEO plugin v27.3 - https:\/\/yoast.com\/product\/yoast-seo-wordpress\/ -->\n<title>Experience Deep Introspection: Legal 1S-LSD Macrodosing Blotter<\/title>\n<meta name=\"description\" content=\"Purchase 1S-LSD Macrodosing Blotters V.2 (150\u00b5g) for analytical research. Lab-tested, legal LSD pro-drug with discreet EU shipping. For research use only.\" \/>\n<meta name=\"robots\" content=\"index, follow, max-snippet:-1, max-image-preview:large, max-video-preview:-1\" \/>\n<link rel=\"canonical\" href=\"https:\/\/primalfocus.eu\/de\/1s-lsd-blotters-150\u03bcg\/\" \/>\n<meta property=\"og:locale\" content=\"de_DE\" \/>\n<meta property=\"og:type\" content=\"article\" \/>\n<meta property=\"og:title\" content=\"Experience Deep Introspection: Legal 1S-LSD Macrodosing Blotter\" \/>\n<meta property=\"og:description\" content=\"Purchase 1S-LSD Macrodosing Blotters V.2 (150\u00b5g) for analytical research. Lab-tested, legal LSD pro-drug with discreet EU shipping. For research use only.\" \/>\n<meta property=\"og:url\" content=\"https:\/\/primalfocus.eu\/de\/1s-lsd-blotters-150\u03bcg\/\" \/>\n<meta property=\"og:site_name\" content=\"Primal Focus\" \/>\n<meta property=\"article:publisher\" content=\"https:\/\/www.facebook.com\/profile.php?id=61575377667059\" \/>\n<meta property=\"article:modified_time\" content=\"2026-04-09T14:52:48+00:00\" \/>\n<meta property=\"og:image\" content=\"https:\/\/primalfocus.eu\/wp-content\/uploads\/2025\/03\/Primal-Focus-150mcg-1S-LSD-Blotter.webp\" \/>\n\t<meta property=\"og:image:width\" content=\"1080\" \/>\n\t<meta property=\"og:image:height\" content=\"1080\" \/>\n\t<meta property=\"og:image:type\" content=\"image\/webp\" \/>\n<meta name=\"twitter:card\" content=\"summary_large_image\" \/>\n<meta name=\"twitter:site\" content=\"@primalfocus_eu\" \/>\n<meta name=\"twitter:label1\" content=\"Gesch\u00e4tzte Lesezeit\" \/>\n\t<meta name=\"twitter:data1\" content=\"2\u00a0Minuten\" \/>\n<script type=\"application\/ld+json\" class=\"yoast-schema-graph\">{\"@context\":\"https:\\\/\\\/schema.org\",\"@graph\":[{\"@type\":\"WebPage\",\"@id\":\"https:\\\/\\\/primalfocus.eu\\\/de\\\/1s-lsd-blotters-150%CE%BCg\\\/\",\"url\":\"https:\\\/\\\/primalfocus.eu\\\/de\\\/1s-lsd-blotters-150%CE%BCg\\\/\",\"name\":\"Experience Deep Introspection: Legal 1S-LSD Macrodosing Blotter\",\"isPartOf\":{\"@id\":\"https:\\\/\\\/primalfocus.eu\\\/de\\\/#website\"},\"primaryImageOfPage\":{\"@id\":\"https:\\\/\\\/primalfocus.eu\\\/de\\\/1s-lsd-blotters-150%CE%BCg\\\/#primaryimage\"},\"image\":{\"@id\":\"https:\\\/\\\/primalfocus.eu\\\/de\\\/1s-lsd-blotters-150%CE%BCg\\\/#primaryimage\"},\"thumbnailUrl\":\"https:\\\/\\\/primalfocus.eu\\\/wp-content\\\/uploads\\\/2025\\\/03\\\/Primal-Focus-150mcg-1S-LSD-Blotter.webp\",\"datePublished\":\"2025-03-18T17:33:32+00:00\",\"dateModified\":\"2026-04-09T14:52:48+00:00\",\"description\":\"Purchase 1S-LSD Macrodosing Blotters V.2 (150\u00b5g) for analytical research. Lab-tested, legal LSD pro-drug with discreet EU shipping. For research use only.\",\"breadcrumb\":{\"@id\":\"https:\\\/\\\/primalfocus.eu\\\/de\\\/1s-lsd-blotters-150%CE%BCg\\\/#breadcrumb\"},\"inLanguage\":\"de\",\"potentialAction\":[{\"@type\":\"ReadAction\",\"target\":[\"https:\\\/\\\/primalfocus.eu\\\/de\\\/1s-lsd-blotters-150%CE%BCg\\\/\"]}]},{\"@type\":\"ImageObject\",\"inLanguage\":\"de\",\"@id\":\"https:\\\/\\\/primalfocus.eu\\\/de\\\/1s-lsd-blotters-150%CE%BCg\\\/#primaryimage\",\"url\":\"https:\\\/\\\/primalfocus.eu\\\/wp-content\\\/uploads\\\/2025\\\/03\\\/Primal-Focus-150mcg-1S-LSD-Blotter.webp\",\"contentUrl\":\"https:\\\/\\\/primalfocus.eu\\\/wp-content\\\/uploads\\\/2025\\\/03\\\/Primal-Focus-150mcg-1S-LSD-Blotter.webp\",\"width\":1080,\"height\":1080,\"caption\":\"Primal Focus 150mcg 1S LSD Blotter\"},{\"@type\":\"BreadcrumbList\",\"@id\":\"https:\\\/\\\/primalfocus.eu\\\/de\\\/1s-lsd-blotters-150%CE%BCg\\\/#breadcrumb\",\"itemListElement\":[{\"@type\":\"ListItem\",\"position\":1,\"name\":\"Home\",\"item\":\"https:\\\/\\\/primalfocus.eu\\\/\"},{\"@type\":\"ListItem\",\"position\":2,\"name\":\"Shop\",\"item\":\"https:\\\/\\\/primalfocus.eu\\\/products\\\/\"},{\"@type\":\"ListItem\",\"position\":3,\"name\":\"Macrodosing\",\"item\":\"https:\\\/\\\/primalfocus.eu\\\/macrodosing\\\/\"},{\"@type\":\"ListItem\",\"position\":4,\"name\":\"1S-LSD Macro Blotters\"}]},{\"@type\":\"WebSite\",\"@id\":\"https:\\\/\\\/primalfocus.eu\\\/de\\\/#website\",\"url\":\"https:\\\/\\\/primalfocus.eu\\\/de\\\/\",\"name\":\"Primal Focus\",\"description\":\"Buy legal psychedelics online\",\"publisher\":{\"@id\":\"https:\\\/\\\/primalfocus.eu\\\/de\\\/#organization\"},\"potentialAction\":[{\"@type\":\"SearchAction\",\"target\":{\"@type\":\"EntryPoint\",\"urlTemplate\":\"https:\\\/\\\/primalfocus.eu\\\/de\\\/?s={search_term_string}\"},\"query-input\":{\"@type\":\"PropertyValueSpecification\",\"valueRequired\":true,\"valueName\":\"search_term_string\"}}],\"inLanguage\":\"de\"},{\"@type\":\"Organization\",\"@id\":\"https:\\\/\\\/primalfocus.eu\\\/de\\\/#organization\",\"name\":\"Primal Focus\",\"alternateName\":\"primalfocus.eu\",\"url\":\"https:\\\/\\\/primalfocus.eu\\\/de\\\/\",\"logo\":{\"@type\":\"ImageObject\",\"inLanguage\":\"de\",\"@id\":\"https:\\\/\\\/primalfocus.eu\\\/de\\\/#\\\/schema\\\/logo\\\/image\\\/\",\"url\":\"https:\\\/\\\/primalfocus.eu\\\/wp-content\\\/uploads\\\/2025\\\/11\\\/primal-focus-logo-header.svg\",\"contentUrl\":\"https:\\\/\\\/primalfocus.eu\\\/wp-content\\\/uploads\\\/2025\\\/11\\\/primal-focus-logo-header.svg\",\"caption\":\"Primal Focus\"},\"image\":{\"@id\":\"https:\\\/\\\/primalfocus.eu\\\/de\\\/#\\\/schema\\\/logo\\\/image\\\/\"},\"sameAs\":[\"https:\\\/\\\/www.facebook.com\\\/profile.php?id=61575377667059\",\"https:\\\/\\\/x.com\\\/primalfocus_eu\",\"https:\\\/\\\/www.instagram.com\\\/primalfocus.store\\\/\"]}]}<\/script>\n<!-- \/ Yoast SEO plugin. -->","yoast_head_json":{"title":"1S-LSD Blotter 150\u00b5g kaufen | Legal &amp; diskret","description":"1S-LSD Blotter 150\u00b5g f\u00fcr Forschungszwecke. Laborgepr\u00fcft, legal und diskret mit EU-Versand. Jetzt online bei Primal Focus bestellen.","robots":{"index":"index","follow":"follow","max-snippet":"max-snippet:-1","max-image-preview":"max-image-preview:large","max-video-preview":"max-video-preview:-1"},"canonical":"https:\/\/primalfocus.eu\/de\/1s-lsd-blotters-150\u03bcg\/","og_locale":"de_DE","og_type":"article","og_title":"Experience Deep Introspection: Legal 1S-LSD Macrodosing Blotter","og_description":"Purchase 1S-LSD Macrodosing Blotters V.2 (150\u00b5g) for analytical research. Lab-tested, legal LSD pro-drug with discreet EU shipping. For research use only.","og_url":"https:\/\/primalfocus.eu\/de\/1s-lsd-blotters-150\u03bcg\/","og_site_name":"Primal Focus","article_publisher":"https:\/\/www.facebook.com\/profile.php?id=61575377667059","article_modified_time":"2026-04-09T14:52:48+00:00","og_image":[{"width":1080,"height":1080,"url":"https:\/\/primalfocus.eu\/wp-content\/uploads\/2025\/03\/Primal-Focus-150mcg-1S-LSD-Blotter.webp","type":"image\/webp"}],"twitter_card":"summary_large_image","twitter_site":"@primalfocus_eu","twitter_misc":{"Gesch\u00e4tzte Lesezeit":"2\u00a0Minuten"},"schema":{"@context":"https:\/\/schema.org","@graph":[{"@type":"WebPage","@id":"https:\/\/primalfocus.eu\/de\/1s-lsd-blotters-150%CE%BCg\/","url":"https:\/\/primalfocus.eu\/de\/1s-lsd-blotters-150%CE%BCg\/","name":"1S-LSD Blotter 150\u00b5g kaufen | Legal &amp; diskret","isPartOf":{"@id":"https:\/\/primalfocus.eu\/de\/#website"},"primaryImageOfPage":{"@id":"https:\/\/primalfocus.eu\/de\/1s-lsd-blotters-150%CE%BCg\/#primaryimage"},"image":{"@id":"https:\/\/primalfocus.eu\/de\/1s-lsd-blotters-150%CE%BCg\/#primaryimage"},"thumbnailUrl":"https:\/\/primalfocus.eu\/wp-content\/uploads\/2025\/03\/Primal-Focus-150mcg-1S-LSD-Blotter.webp","datePublished":"2025-03-18T17:33:32+00:00","dateModified":"2026-04-09T14:52:48+00:00","description":"1S-LSD Blotter 150\u00b5g f\u00fcr Forschungszwecke. Laborgepr\u00fcft, legal und diskret mit EU-Versand. Jetzt online bei Primal Focus bestellen.","breadcrumb":{"@id":"https:\/\/primalfocus.eu\/de\/1s-lsd-blotters-150%CE%BCg\/#breadcrumb"},"inLanguage":"de","potentialAction":[{"@type":"ReadAction","target":["https:\/\/primalfocus.eu\/de\/1s-lsd-blotters-150%CE%BCg\/"]}]},{"@type":"ImageObject","inLanguage":"de","@id":"https:\/\/primalfocus.eu\/de\/1s-lsd-blotters-150%CE%BCg\/#primaryimage","url":"https:\/\/primalfocus.eu\/wp-content\/uploads\/2025\/03\/Primal-Focus-150mcg-1S-LSD-Blotter.webp","contentUrl":"https:\/\/primalfocus.eu\/wp-content\/uploads\/2025\/03\/Primal-Focus-150mcg-1S-LSD-Blotter.webp","width":1080,"height":1080,"caption":"Primal Focus 150mcg 1S LSD Blotter"},{"@type":"BreadcrumbList","@id":"https:\/\/primalfocus.eu\/de\/1s-lsd-blotters-150%CE%BCg\/#breadcrumb","itemListElement":[{"@type":"ListItem","position":1,"name":"Home","item":"https:\/\/primalfocus.eu\/"},{"@type":"ListItem","position":2,"name":"Shop","item":"https:\/\/primalfocus.eu\/products\/"},{"@type":"ListItem","position":3,"name":"Macrodosing","item":"https:\/\/primalfocus.eu\/macrodosing\/"},{"@type":"ListItem","position":4,"name":"1S-LSD Macro Blotters"}]},{"@type":"WebSite","@id":"https:\/\/primalfocus.eu\/de\/#website","url":"https:\/\/primalfocus.eu\/de\/","name":"Primal Focus","description":"Legale Psychedelika online kaufen","publisher":{"@id":"https:\/\/primalfocus.eu\/de\/#organization"},"potentialAction":[{"@type":"SearchAction","target":{"@type":"EntryPoint","urlTemplate":"https:\/\/primalfocus.eu\/de\/?s={search_term_string}"},"query-input":{"@type":"PropertyValueSpecification","valueRequired":true,"valueName":"search_term_string"}}],"inLanguage":"de"},{"@type":"Organization","@id":"https:\/\/primalfocus.eu\/de\/#organization","name":"Primal Focus","alternateName":"primalfocus.eu","url":"https:\/\/primalfocus.eu\/de\/","logo":{"@type":"ImageObject","inLanguage":"de","@id":"https:\/\/primalfocus.eu\/de\/#\/schema\/logo\/image\/","url":"https:\/\/primalfocus.eu\/wp-content\/uploads\/2025\/11\/primal-focus-logo-header.svg","contentUrl":"https:\/\/primalfocus.eu\/wp-content\/uploads\/2025\/11\/primal-focus-logo-header.svg","caption":"Primal Focus"},"image":{"@id":"https:\/\/primalfocus.eu\/de\/#\/schema\/logo\/image\/"},"sameAs":["https:\/\/www.facebook.com\/profile.php?id=61575377667059","https:\/\/x.com\/primalfocus_eu","https:\/\/www.instagram.com\/primalfocus.store\/"]}]}},"jetpack_sharing_enabled":true,"_links":{"self":[{"href":"https:\/\/primalfocus.eu\/de\/wp-json\/wp\/v2\/product\/648432","targetHints":{"allow":["GET"]}}],"collection":[{"href":"https:\/\/primalfocus.eu\/de\/wp-json\/wp\/v2\/product"}],"about":[{"href":"https:\/\/primalfocus.eu\/de\/wp-json\/wp\/v2\/types\/product"}],"replies":[{"embeddable":true,"href":"https:\/\/primalfocus.eu\/de\/wp-json\/wp\/v2\/comments?post=648432"}],"wp:featuredmedia":[{"embeddable":true,"href":"https:\/\/primalfocus.eu\/de\/wp-json\/wp\/v2\/media\/655887"}],"wp:attachment":[{"href":"https:\/\/primalfocus.eu\/de\/wp-json\/wp\/v2\/media?parent=648432"}],"wp:term":[{"taxonomy":"product_brand","embeddable":true,"href":"https:\/\/primalfocus.eu\/de\/wp-json\/wp\/v2\/product_brand?post=648432"},{"taxonomy":"product_cat","embeddable":true,"href":"https:\/\/primalfocus.eu\/de\/wp-json\/wp\/v2\/product_cat?post=648432"},{"taxonomy":"product_tag","embeddable":true,"href":"https:\/\/primalfocus.eu\/de\/wp-json\/wp\/v2\/product_tag?post=648432"}],"curies":[{"name":"wp","href":"https:\/\/api.w.org\/{rel}","templated":true}]}}