{"id":632524,"date":"2025-03-03T00:00:17","date_gmt":"2025-03-02T23:00:17","guid":{"rendered":"https:\/\/primalfocus.eu\/?post_type=product&#038;p=632524"},"modified":"2026-04-03T13:15:11","modified_gmt":"2026-04-03T11:15:11","slug":"magische-truffel-drachen-dynamit","status":"publish","type":"product","link":"https:\/\/primalfocus.eu\/de\/magic-truffles-dragons-dynamite\/","title":{"rendered":"Dragon's Dynamite Tr\u00fcffel (20g)"},"content":{"rendered":"<h3 style=\"font-size: 1.2em;\"><strong>Eine hochenergetische psychedelische Erfahrung mit lebhaften Bildern und emotionaler Klarheit, perfekt f\u00fcr Entdecker, die Intensit\u00e4t in ausgewogener Form suchen.<\/strong><\/h3>\n<div style=\"background-color: #eff5e6; padding: 20px; border-radius: 12px; font-family: Montserrat, sans-serif; font-size: 15px; color: #333; line-height: 1.6;\">\n<ul style=\"list-style: none; padding: 0; margin: 0;\">\n<li style=\"margin-bottom: 8px;\">\u2705 <strong>20 Gramm<\/strong> von frischen magischen Tr\u00fcffeln<\/li>\n<li style=\"margin-bottom: 8px;\">\u2705 <strong>St\u00e4rke:<\/strong> 5 von 5 \u26a1\ufe0f<\/li>\n<li style=\"margin-bottom: 8px;\">\u2705 <strong>100% aus biologischem Anbau<\/strong> in den Niederlanden<\/li>\n<li style=\"margin-bottom: 8px;\">\u2705 <strong>Versand<\/strong> in EU-L\u00e4nder<\/li>\n<\/ul>\n<\/div>\n<h2>Was sind Dragon's Dynamite-Tr\u00fcffel?<\/h2>\n<p>Dragon's Dynamite ist eine der intensivsten magischen Tr\u00fcffeln in unserer Kollektion. Bekannt f\u00fcr seine kraftvolle und energetisierende Wirkung, ist diese Sorte perfekt f\u00fcr diejenigen, die in die Tiefe gehen wollen - und dabei scharf und aufmerksam bleiben wollen. Im Gegensatz zu einigen schwereren Tr\u00fcffeln kombiniert Dragon's Dynamite klare Bilder mit einem hellen, konzentrierten Kopf.<\/p>\n<p>Erwarten Sie leuchtende Farben, einen starken emotionalen Auftrieb und ein Gef\u00fchl der Verbundenheit mit der Welt um Sie herum. Es ist ein Favorit f\u00fcr diejenigen, die sich Intensit\u00e4t w\u00fcnschen, ohne jedoch Klarheit oder Kontrolle zu verlieren.<\/p>\n<h2>Warum der Name Dragon's Dynamite?<\/h2>\n<p>Wie der Name schon sagt, entz\u00fcndet Dragon's Dynamite die Sinne mit Energie, Farbe und Feuer. Diese Sorte entfesselt kraftvolle visuelle Eindr\u00fccke und emotionale Durchbr\u00fcche, w\u00e4hrend sie Deinen Geist hell und wach h\u00e4lt, \u00e4hnlich wie ein Drache, der in Dir erwacht. Sie ist ein Symbol f\u00fcr St\u00e4rke, Energie und Transformation.<\/p>\n<h2><strong>Warum Dragon's Dynamite w\u00e4hlen?<\/strong><\/h2>\n<div class=\"su-accordion su-u-trim custom-truffle-accordion\">\n<div class=\"su-spoiler su-spoiler-style-default su-spoiler-icon-plus su-spoiler-closed\" data-scroll-offset=\"0\" data-anchor-in-url=\"no\"><div class=\"su-spoiler-title\" tabindex=\"0\" role=\"button\"><span class=\"su-spoiler-icon\"><\/span>Klar &amp; anregend<\/div><div class=\"su-spoiler-content su-u-clearfix su-u-trim\">\n<div style=\"background-color: #eff5e6; padding: 12px 16px; font-size: 15px; color: #444;\">Dragon's Dynamite bietet starke visuelle Eindr\u00fccke und tiefe Emotionen, ohne schwere mentale Vernebelung. Perfekt f\u00fcr einen hellen, hochenergetischen Trip.<\/div>\n<\/div><\/div>\n<div class=\"su-spoiler su-spoiler-style-default su-spoiler-icon-plus su-spoiler-closed\" data-scroll-offset=\"0\" data-anchor-in-url=\"no\"><div class=\"su-spoiler-title\" tabindex=\"0\" role=\"button\"><span class=\"su-spoiler-icon\"><\/span>Stark, aber ausgewogen<\/div><div class=\"su-spoiler-content su-u-clearfix su-u-trim\">\n<div style=\"background-color: #eff5e6; padding: 12px 16px; font-size: 15px; color: #444;\">Bewertet mit 5\/5 in der St\u00e4rke. Liefert eine volle psychedelische Erfahrung, w\u00e4hrend dein Bewusstsein intakt bleibt. Ideal f\u00fcr pers\u00f6nliche Einsichten, Spazierg\u00e4nge in der Natur oder kreative Sitzungen.<\/div>\n<\/div><\/div>\n<div class=\"su-spoiler su-spoiler-style-default su-spoiler-icon-plus su-spoiler-closed\" data-scroll-offset=\"0\" data-anchor-in-url=\"no\"><div class=\"su-spoiler-title\" tabindex=\"0\" role=\"button\"><span class=\"su-spoiler-icon\"><\/span>100% in der EU zugelassen<\/div><div class=\"su-spoiler-content su-u-clearfix su-u-trim\">\n<div style=\"background-color: #eff5e6; padding: 12px 16px; font-size: 15px; color: #444;\">Diese Tr\u00fcffel sind in den Niederlanden gesetzlich als Lebensmittel eingestuft. Dank des EU-Rechts k\u00f6nnen sie problemlos in die meisten EU-L\u00e4nder verschickt werden.<\/div>\n<\/div><\/div>\n<div class=\"su-spoiler su-spoiler-style-default su-spoiler-icon-plus su-spoiler-closed\" data-scroll-offset=\"0\" data-anchor-in-url=\"no\"><div class=\"su-spoiler-title\" tabindex=\"0\" role=\"button\"><span class=\"su-spoiler-icon\"><\/span>Biologisch angebaut<\/div><div class=\"su-spoiler-content su-u-clearfix su-u-trim\">\n<div style=\"background-color: #eff5e6; padding: 12px 16px; font-size: 15px; color: #444;\">Keine Chemikalien, kein Unfug. Nur saubere, unterirdisch gewachsene Tr\u00fcffel aus niederl\u00e4ndischem Boden.<\/div>\n<\/div><\/div>\n<div class=\"su-spoiler su-spoiler-style-default su-spoiler-icon-plus su-spoiler-closed\" data-scroll-offset=\"0\" data-anchor-in-url=\"no\"><div class=\"su-spoiler-title\" tabindex=\"0\" role=\"button\"><span class=\"su-spoiler-icon\"><\/span>Laborgepr\u00fcft &amp; lebensmittelecht<\/div><div class=\"su-spoiler-content su-u-clearfix su-u-trim\">\n<div style=\"background-color: #eff5e6; padding: 12px 16px; font-size: 15px; color: #444;\">Hergestellt unter zertifizierten Lebensmittelsicherheitsstandards. Professionell verpackt, sicher zu lagern und zu verzehren.<\/div>\n<\/div><\/div>\n<div class=\"su-spoiler su-spoiler-style-default su-spoiler-icon-plus su-spoiler-closed\" data-scroll-offset=\"0\" data-anchor-in-url=\"no\"><div class=\"su-spoiler-title\" tabindex=\"0\" role=\"button\"><span class=\"su-spoiler-icon\"><\/span>Flexible Dosierung<\/div><div class=\"su-spoiler-content su-u-clearfix su-u-trim\">\n<div style=\"background-color: #eff5e6; padding: 12px 16px; font-size: 15px; color: #444;\">Nicht jede Reise muss intensiv sein. Beginnen Sie mit 5-10 Gramm f\u00fcr eine leichte Erfahrung. Die volle 20-Gramm-Dosis wird nur f\u00fcr erfahrene Nutzer empfohlen.<\/div>\n<\/div><\/div>\n<div class=\"su-spoiler su-spoiler-style-default su-spoiler-icon-plus su-spoiler-closed\" data-scroll-offset=\"0\" data-anchor-in-url=\"no\"><div class=\"su-spoiler-title\" tabindex=\"0\" role=\"button\"><span class=\"su-spoiler-icon\"><\/span>Leicht zu nehmen<\/div><div class=\"su-spoiler-content su-u-clearfix su-u-trim\">\n<div style=\"background-color: #eff5e6; padding: 12px 16px; font-size: 15px; color: #444;\">Essen Sie sie roh, br\u00fchen Sie sie als Tee auf oder mischen Sie sie in eine Mahlzeit. Wie auch immer Sie sie zu sich nehmen - kauen Sie einfach gut und genie\u00dfen Sie die Fahrt.<\/div>\n<\/div><\/div>\n<\/div>\n<div style=\"margin-top: 20px; background-color: #eff5e6; padding: 16px; border-radius: 8px; border: 1px solid #dbeac7; font-family: Montserrat, sans-serif; font-size: 14px;\">\n<h3><strong>Wichtige Hinweise (sorgf\u00e4ltig lesen):<\/strong><\/h3>\n<ul style=\"margin: 10px 0 0 20px;\">\n<li>Verwenden Sie es nicht, wenn Sie unter psychischen Erkrankungen leiden, Medikamente einnehmen oder schwanger sind.<\/li>\n<li>Vermeiden Sie Alkohol und andere Substanzen w\u00e4hrend der Reise.<\/li>\n<li>Beginnen Sie mit einer niedrigen Dosis, vor allem, wenn es Ihr erstes Mal ist. Sie k\u00f6nnen immer mehr nehmen, nicht weniger.<\/li>\n<li>Fahren Sie immer in einer sicheren und ruhigen Umgebung - idealerweise mit einem n\u00fcchternen Reisebegleiter.<\/li>\n<li>Im K\u00fchlschrank (2-4\u00b0C) und au\u00dferhalb der Reichweite von Kindern aufbewahren.<\/li>\n<li>Legal in den Niederlanden und konform mit den EU-Freihandelsvorschriften.<\/li>\n<\/ul>\n<\/div>","protected":false},"excerpt":{"rendered":"<p>A high-energy psychedelic experience with vivid visuals, emotional clarity, perfect for explorers seeking intensity in balanced form. \u2705 20 grams [&hellip;]<\/p>\n","protected":false},"featured_media":632542,"comment_status":"open","ping_status":"closed","template":"","meta":{"site-sidebar-layout":"default","site-content-layout":"default","ast-site-content-layout":"default","site-content-style":"default","site-sidebar-style":"default","ast-global-header-display":"","ast-banner-title-visibility":"","ast-main-header-display":"","ast-hfb-above-header-display":"","ast-hfb-below-header-display":"","ast-hfb-mobile-header-display":"","site-post-title":"","ast-breadcrumbs-content":"","ast-featured-img":"","footer-sml-layout":"","ast-disable-related-posts":"","theme-transparent-header-meta":"default","adv-header-id-meta":"","stick-header-meta":"","header-above-stick-meta":"","header-main-stick-meta":"","header-below-stick-meta":"","astra-migrate-meta-layouts":"set","ast-page-background-enabled":"default","ast-page-background-meta":{"desktop":{"background-color":"","background-image":"","background-repeat":"repeat","background-position":"center center","background-size":"auto","background-attachment":"scroll","background-type":"","background-media":"","overlay-type":"","overlay-color":"","overlay-opacity":"","overlay-gradient":""},"tablet":{"background-color":"","background-image":"","background-repeat":"repeat","background-position":"center center","background-size":"auto","background-attachment":"scroll","background-type":"","background-media":"","overlay-type":"","overlay-color":"","overlay-opacity":"","overlay-gradient":""},"mobile":{"background-color":"","background-image":"","background-repeat":"repeat","background-position":"center center","background-size":"auto","background-attachment":"scroll","background-type":"","background-media":"","overlay-type":"","overlay-color":"","overlay-opacity":"","overlay-gradient":""}},"ast-content-background-meta":{"desktop":{"background-color":"var(--ast-global-color-5)","background-image":"","background-repeat":"repeat","background-position":"center center","background-size":"auto","background-attachment":"scroll","background-type":"","background-media":"","overlay-type":"","overlay-color":"","overlay-opacity":"","overlay-gradient":""},"tablet":{"background-color":"var(--ast-global-color-5)","background-image":"","background-repeat":"repeat","background-position":"center center","background-size":"auto","background-attachment":"scroll","background-type":"","background-media":"","overlay-type":"","overlay-color":"","overlay-opacity":"","overlay-gradient":""},"mobile":{"background-color":"var(--ast-global-color-5)","background-image":"","background-repeat":"repeat","background-position":"center center","background-size":"auto","background-attachment":"scroll","background-type":"","background-media":"","overlay-type":"","overlay-color":"","overlay-opacity":"","overlay-gradient":""}}},"product_brand":[128],"product_cat":[92,109,112],"product_tag":[],"class_list":{"0":"post-632524","1":"product","2":"type-product","3":"status-publish","4":"has-post-thumbnail","6":"product_brand-mcsmart","7":"product_cat-macrodosing","8":"product_cat-magic-truffles","9":"product_cat-mcsmart","10":"product_shipping_class-brievenbus-pakje","11":"desktop-align-center","12":"tablet-align-left","13":"mobile-align-left","15":"first","16":"instock","17":"taxable","18":"shipping-taxable","19":"purchasable","20":"product-type-simple"},"yoast_head":"<!-- This site is optimized with the Yoast SEO plugin v27.3 - https:\/\/yoast.com\/product\/yoast-seo-wordpress\/ -->\n<title>Dragon\u2019s Dynamite Truffles (20g): powerful &amp; clear focus<\/title>\n<meta name=\"description\" content=\"Order Dragon\u2019s Dynamite Magic Truffles at Primal Focus. 20g packs of our strongest strain. Intense visuals, deep insight and energizing clarity.\" \/>\n<meta name=\"robots\" content=\"index, follow, max-snippet:-1, max-image-preview:large, max-video-preview:-1\" \/>\n<link rel=\"canonical\" href=\"https:\/\/primalfocus.eu\/de\/magische-truffel-drachen-dynamit\/\" \/>\n<meta property=\"og:locale\" content=\"de_DE\" \/>\n<meta property=\"og:type\" content=\"article\" \/>\n<meta property=\"og:title\" content=\"Dragon\u2019s Dynamite Truffles (20g): powerful &amp; clear focus\" \/>\n<meta property=\"og:description\" content=\"Order Dragon\u2019s Dynamite Magic Truffles at Primal Focus. 20g packs of our strongest strain. Intense visuals, deep insight and energizing clarity.\" \/>\n<meta property=\"og:url\" content=\"https:\/\/primalfocus.eu\/de\/magische-truffel-drachen-dynamit\/\" \/>\n<meta property=\"og:site_name\" content=\"Primal Focus\" \/>\n<meta property=\"article:publisher\" content=\"https:\/\/www.facebook.com\/profile.php?id=61575377667059\" \/>\n<meta property=\"article:modified_time\" content=\"2026-04-03T11:15:11+00:00\" \/>\n<meta property=\"og:image\" content=\"https:\/\/primalfocus.eu\/wp-content\/uploads\/2025\/02\/Dragons-Dynamite-open-1-1.webp\" \/>\n\t<meta property=\"og:image:width\" content=\"1000\" \/>\n\t<meta property=\"og:image:height\" content=\"1000\" \/>\n\t<meta property=\"og:image:type\" content=\"image\/webp\" \/>\n<meta name=\"twitter:card\" content=\"summary_large_image\" \/>\n<meta name=\"twitter:site\" content=\"@primalfocus_eu\" \/>\n<meta name=\"twitter:label1\" content=\"Gesch\u00e4tzte Lesezeit\" \/>\n\t<meta name=\"twitter:data1\" content=\"3\u00a0Minuten\" \/>\n<script type=\"application\/ld+json\" class=\"yoast-schema-graph\">{\"@context\":\"https:\\\/\\\/schema.org\",\"@graph\":[{\"@type\":\"WebPage\",\"@id\":\"https:\\\/\\\/primalfocus.eu\\\/de\\\/magic-truffles-dragons-dynamite\\\/\",\"url\":\"https:\\\/\\\/primalfocus.eu\\\/de\\\/magic-truffles-dragons-dynamite\\\/\",\"name\":\"Dragon\u2019s Dynamite Truffles (20g): powerful & clear focus\",\"isPartOf\":{\"@id\":\"https:\\\/\\\/primalfocus.eu\\\/de\\\/#website\"},\"primaryImageOfPage\":{\"@id\":\"https:\\\/\\\/primalfocus.eu\\\/de\\\/magic-truffles-dragons-dynamite\\\/#primaryimage\"},\"image\":{\"@id\":\"https:\\\/\\\/primalfocus.eu\\\/de\\\/magic-truffles-dragons-dynamite\\\/#primaryimage\"},\"thumbnailUrl\":\"https:\\\/\\\/primalfocus.eu\\\/wp-content\\\/uploads\\\/2025\\\/02\\\/Dragons-Dynamite-open-1-1.webp\",\"datePublished\":\"2025-03-02T23:00:17+00:00\",\"dateModified\":\"2026-04-03T11:15:11+00:00\",\"description\":\"Order Dragon\u2019s Dynamite Magic Truffles at Primal Focus. 20g packs of our strongest strain. Intense visuals, deep insight and energizing clarity.\",\"breadcrumb\":{\"@id\":\"https:\\\/\\\/primalfocus.eu\\\/de\\\/magic-truffles-dragons-dynamite\\\/#breadcrumb\"},\"inLanguage\":\"de\",\"potentialAction\":[{\"@type\":\"ReadAction\",\"target\":[\"https:\\\/\\\/primalfocus.eu\\\/de\\\/magic-truffles-dragons-dynamite\\\/\"]}]},{\"@type\":\"ImageObject\",\"inLanguage\":\"de\",\"@id\":\"https:\\\/\\\/primalfocus.eu\\\/de\\\/magic-truffles-dragons-dynamite\\\/#primaryimage\",\"url\":\"https:\\\/\\\/primalfocus.eu\\\/wp-content\\\/uploads\\\/2025\\\/02\\\/Dragons-Dynamite-open-1-1.webp\",\"contentUrl\":\"https:\\\/\\\/primalfocus.eu\\\/wp-content\\\/uploads\\\/2025\\\/02\\\/Dragons-Dynamite-open-1-1.webp\",\"width\":1000,\"height\":1000,\"caption\":\"Dragons Dynamite open 1 1\"},{\"@type\":\"BreadcrumbList\",\"@id\":\"https:\\\/\\\/primalfocus.eu\\\/de\\\/magic-truffles-dragons-dynamite\\\/#breadcrumb\",\"itemListElement\":[{\"@type\":\"ListItem\",\"position\":1,\"name\":\"Home\",\"item\":\"https:\\\/\\\/primalfocus.eu\\\/\"},{\"@type\":\"ListItem\",\"position\":2,\"name\":\"Shop\",\"item\":\"https:\\\/\\\/primalfocus.eu\\\/products\\\/\"},{\"@type\":\"ListItem\",\"position\":3,\"name\":\"Macrodosing\",\"item\":\"https:\\\/\\\/primalfocus.eu\\\/macrodosing\\\/\"},{\"@type\":\"ListItem\",\"position\":4,\"name\":\"Magic Truffles\",\"item\":\"https:\\\/\\\/primalfocus.eu\\\/magic-truffles\\\/\"},{\"@type\":\"ListItem\",\"position\":5,\"name\":\"Dragon\u2019s Dynamite Truffles (20g)\"}]},{\"@type\":\"WebSite\",\"@id\":\"https:\\\/\\\/primalfocus.eu\\\/de\\\/#website\",\"url\":\"https:\\\/\\\/primalfocus.eu\\\/de\\\/\",\"name\":\"Primal Focus\",\"description\":\"Buy legal psychedelics online\",\"publisher\":{\"@id\":\"https:\\\/\\\/primalfocus.eu\\\/de\\\/#organization\"},\"potentialAction\":[{\"@type\":\"SearchAction\",\"target\":{\"@type\":\"EntryPoint\",\"urlTemplate\":\"https:\\\/\\\/primalfocus.eu\\\/de\\\/?s={search_term_string}\"},\"query-input\":{\"@type\":\"PropertyValueSpecification\",\"valueRequired\":true,\"valueName\":\"search_term_string\"}}],\"inLanguage\":\"de\"},{\"@type\":\"Organization\",\"@id\":\"https:\\\/\\\/primalfocus.eu\\\/de\\\/#organization\",\"name\":\"Primal Focus\",\"alternateName\":\"primalfocus.eu\",\"url\":\"https:\\\/\\\/primalfocus.eu\\\/de\\\/\",\"logo\":{\"@type\":\"ImageObject\",\"inLanguage\":\"de\",\"@id\":\"https:\\\/\\\/primalfocus.eu\\\/de\\\/#\\\/schema\\\/logo\\\/image\\\/\",\"url\":\"https:\\\/\\\/primalfocus.eu\\\/wp-content\\\/uploads\\\/2025\\\/11\\\/primal-focus-logo-header.svg\",\"contentUrl\":\"https:\\\/\\\/primalfocus.eu\\\/wp-content\\\/uploads\\\/2025\\\/11\\\/primal-focus-logo-header.svg\",\"caption\":\"Primal Focus\"},\"image\":{\"@id\":\"https:\\\/\\\/primalfocus.eu\\\/de\\\/#\\\/schema\\\/logo\\\/image\\\/\"},\"sameAs\":[\"https:\\\/\\\/www.facebook.com\\\/profile.php?id=61575377667059\",\"https:\\\/\\\/x.com\\\/primalfocus_eu\",\"https:\\\/\\\/www.instagram.com\\\/primalfocus.store\\\/\"]}]}<\/script>\n<!-- \/ Yoast SEO plugin. -->","yoast_head_json":{"title":"Starke Magic Truffles kaufen | Dragon\u2019s Dynamite 20g","description":"Dragon\u2019s Dynamite Magic Truffles 20g f\u00fcr starke Wirkung und visuelle Eindr\u00fccke. Jetzt bei Primal Focus sicher online bestellen.","robots":{"index":"index","follow":"follow","max-snippet":"max-snippet:-1","max-image-preview":"max-image-preview:large","max-video-preview":"max-video-preview:-1"},"canonical":"https:\/\/primalfocus.eu\/de\/magische-truffel-drachen-dynamit\/","og_locale":"de_DE","og_type":"article","og_title":"Dragon\u2019s Dynamite Truffles (20g): powerful & clear focus","og_description":"Order Dragon\u2019s Dynamite Magic Truffles at Primal Focus. 20g packs of our strongest strain. Intense visuals, deep insight and energizing clarity.","og_url":"https:\/\/primalfocus.eu\/de\/magische-truffel-drachen-dynamit\/","og_site_name":"Primal Focus","article_publisher":"https:\/\/www.facebook.com\/profile.php?id=61575377667059","article_modified_time":"2026-04-03T11:15:11+00:00","og_image":[{"width":1000,"height":1000,"url":"https:\/\/primalfocus.eu\/wp-content\/uploads\/2025\/02\/Dragons-Dynamite-open-1-1.webp","type":"image\/webp"}],"twitter_card":"summary_large_image","twitter_site":"@primalfocus_eu","twitter_misc":{"Gesch\u00e4tzte Lesezeit":"3\u00a0Minuten"},"schema":{"@context":"https:\/\/schema.org","@graph":[{"@type":"WebPage","@id":"https:\/\/primalfocus.eu\/de\/magic-truffles-dragons-dynamite\/","url":"https:\/\/primalfocus.eu\/de\/magic-truffles-dragons-dynamite\/","name":"Starke Magic Truffles kaufen | Dragon\u2019s Dynamite 20g","isPartOf":{"@id":"https:\/\/primalfocus.eu\/de\/#website"},"primaryImageOfPage":{"@id":"https:\/\/primalfocus.eu\/de\/magic-truffles-dragons-dynamite\/#primaryimage"},"image":{"@id":"https:\/\/primalfocus.eu\/de\/magic-truffles-dragons-dynamite\/#primaryimage"},"thumbnailUrl":"https:\/\/primalfocus.eu\/wp-content\/uploads\/2025\/02\/Dragons-Dynamite-open-1-1.webp","datePublished":"2025-03-02T23:00:17+00:00","dateModified":"2026-04-03T11:15:11+00:00","description":"Dragon\u2019s Dynamite Magic Truffles 20g f\u00fcr starke Wirkung und visuelle Eindr\u00fccke. Jetzt bei Primal Focus sicher online bestellen.","breadcrumb":{"@id":"https:\/\/primalfocus.eu\/de\/magic-truffles-dragons-dynamite\/#breadcrumb"},"inLanguage":"de","potentialAction":[{"@type":"ReadAction","target":["https:\/\/primalfocus.eu\/de\/magic-truffles-dragons-dynamite\/"]}]},{"@type":"ImageObject","inLanguage":"de","@id":"https:\/\/primalfocus.eu\/de\/magic-truffles-dragons-dynamite\/#primaryimage","url":"https:\/\/primalfocus.eu\/wp-content\/uploads\/2025\/02\/Dragons-Dynamite-open-1-1.webp","contentUrl":"https:\/\/primalfocus.eu\/wp-content\/uploads\/2025\/02\/Dragons-Dynamite-open-1-1.webp","width":1000,"height":1000,"caption":"Dragons Dynamite open 1 1"},{"@type":"BreadcrumbList","@id":"https:\/\/primalfocus.eu\/de\/magic-truffles-dragons-dynamite\/#breadcrumb","itemListElement":[{"@type":"ListItem","position":1,"name":"Home","item":"https:\/\/primalfocus.eu\/"},{"@type":"ListItem","position":2,"name":"Shop","item":"https:\/\/primalfocus.eu\/products\/"},{"@type":"ListItem","position":3,"name":"Macrodosing","item":"https:\/\/primalfocus.eu\/macrodosing\/"},{"@type":"ListItem","position":4,"name":"Magic Truffles","item":"https:\/\/primalfocus.eu\/magic-truffles\/"},{"@type":"ListItem","position":5,"name":"Dragon\u2019s Dynamite Truffles (20g)"}]},{"@type":"WebSite","@id":"https:\/\/primalfocus.eu\/de\/#website","url":"https:\/\/primalfocus.eu\/de\/","name":"Primal Focus","description":"Legale Psychedelika online kaufen","publisher":{"@id":"https:\/\/primalfocus.eu\/de\/#organization"},"potentialAction":[{"@type":"SearchAction","target":{"@type":"EntryPoint","urlTemplate":"https:\/\/primalfocus.eu\/de\/?s={search_term_string}"},"query-input":{"@type":"PropertyValueSpecification","valueRequired":true,"valueName":"search_term_string"}}],"inLanguage":"de"},{"@type":"Organization","@id":"https:\/\/primalfocus.eu\/de\/#organization","name":"Primal Focus","alternateName":"primalfocus.eu","url":"https:\/\/primalfocus.eu\/de\/","logo":{"@type":"ImageObject","inLanguage":"de","@id":"https:\/\/primalfocus.eu\/de\/#\/schema\/logo\/image\/","url":"https:\/\/primalfocus.eu\/wp-content\/uploads\/2025\/11\/primal-focus-logo-header.svg","contentUrl":"https:\/\/primalfocus.eu\/wp-content\/uploads\/2025\/11\/primal-focus-logo-header.svg","caption":"Primal Focus"},"image":{"@id":"https:\/\/primalfocus.eu\/de\/#\/schema\/logo\/image\/"},"sameAs":["https:\/\/www.facebook.com\/profile.php?id=61575377667059","https:\/\/x.com\/primalfocus_eu","https:\/\/www.instagram.com\/primalfocus.store\/"]}]}},"jetpack_sharing_enabled":true,"_links":{"self":[{"href":"https:\/\/primalfocus.eu\/de\/wp-json\/wp\/v2\/product\/632524","targetHints":{"allow":["GET"]}}],"collection":[{"href":"https:\/\/primalfocus.eu\/de\/wp-json\/wp\/v2\/product"}],"about":[{"href":"https:\/\/primalfocus.eu\/de\/wp-json\/wp\/v2\/types\/product"}],"replies":[{"embeddable":true,"href":"https:\/\/primalfocus.eu\/de\/wp-json\/wp\/v2\/comments?post=632524"}],"wp:featuredmedia":[{"embeddable":true,"href":"https:\/\/primalfocus.eu\/de\/wp-json\/wp\/v2\/media\/632542"}],"wp:attachment":[{"href":"https:\/\/primalfocus.eu\/de\/wp-json\/wp\/v2\/media?parent=632524"}],"wp:term":[{"taxonomy":"product_brand","embeddable":true,"href":"https:\/\/primalfocus.eu\/de\/wp-json\/wp\/v2\/product_brand?post=632524"},{"taxonomy":"product_cat","embeddable":true,"href":"https:\/\/primalfocus.eu\/de\/wp-json\/wp\/v2\/product_cat?post=632524"},{"taxonomy":"product_tag","embeddable":true,"href":"https:\/\/primalfocus.eu\/de\/wp-json\/wp\/v2\/product_tag?post=632524"}],"curies":[{"name":"wp","href":"https:\/\/api.w.org\/{rel}","templated":true}]}}