{"id":461818,"date":"2024-10-09T15:05:08","date_gmt":"2024-10-09T13:05:08","guid":{"rendered":"https:\/\/primalfocus.eu\/?post_type=product&#038;p=461818"},"modified":"2026-04-08T08:04:38","modified_gmt":"2026-04-08T06:04:38","slug":"chaga-kapseln","status":"publish","type":"product","link":"https:\/\/primalfocus.eu\/de\/chaga-capsules\/","title":{"rendered":"Chaga-Kapseln"},"content":{"rendered":"<p>Erleben Sie nat\u00fcrliche Immununterst\u00fctzung aus dem Herzen des Waldes mit Chaga-Pilz-Kapseln von Primal Focus. Der Chaga-Pilz ist f\u00fcr sein reichhaltiges Antioxidantienprofil und seine immunst\u00e4rkenden Eigenschaften bekannt und hilft Ihnen, eine dauerhafte Widerstandsf\u00e4higkeit gegen Stress und M\u00fcdigkeit aufzubauen. Jede Kapsel enth\u00e4lt reines, wild geerntetes Chaga-Extrakt, das einen der st\u00e4rksten adaptogenen Pilze der Natur in seiner reinsten Form enth\u00e4lt.<\/p>\n<div style=\"background-color: #eff5e6; padding: 20px; border-radius: 12px; font-family: Montserrat, sans-serif; font-size: 15px; color: #333; line-height: 1.6;\">\n<ul style=\"list-style: none; padding: 0; margin: 0;\">\n<li style=\"margin-bottom: 8px;\">\u2705 <strong>90 Kapseln pro Beutel<\/strong> (1-3 Monate Vorrat)<\/li>\n<li style=\"margin-bottom: 8px;\">\u2705 <strong>100% Organisch<\/strong> &amp; hergestellt aus wild geerntetem Chaga<\/li>\n<li style=\"margin-bottom: 8px;\">\u2705 <strong>Nur Fruchtk\u00f6rper<\/strong> - kein Getreide, keine F\u00fcllstoffe<\/li>\n<\/ul>\n<\/div>\n<p>&nbsp;<\/p>\n<div class=\"su-accordion su-u-trim custom-chaga-description\">\n<div class=\"su-spoiler su-spoiler-style-fancy su-spoiler-icon-plus su-spoiler-closed\" data-scroll-offset=\"0\" data-anchor-in-url=\"no\"><div class=\"su-spoiler-title\" tabindex=\"0\" role=\"button\"><span class=\"su-spoiler-icon\"><\/span>Was ist Chaga?<\/div><div class=\"su-spoiler-content su-u-clearfix su-u-trim\">\n<div style=\"background-color: #eff5e6; padding: 16px; font-size: 15px; font-family: Montserrat, sans-serif; color: #444; line-height: 1.6;\">\n<p>Chaga (<em>Inonotus obliquus<\/em>) ist ein Heilpilz, der auf Birken in kalten Regionen wie Sibirien, Kanada und Nordeuropa w\u00e4chst. \u00c4u\u00dferlich sieht er aus wie verkohltes Holz, aber in seinem Inneren enth\u00e4lt er eine dichte Konzentration von Antioxidantien, Beta-Glucanen und anderen Wirkstoffen, die die Gesundheit des Immunsystems und die langfristige Vitalit\u00e4t unterst\u00fctzen. Der Chaga, der traditionell in der russischen und nordischen Kr\u00e4utermedizin verwendet wird, ist heute weltweit als eines der wirksamsten nat\u00fcrlichen Adaptogene anerkannt.<\/p>\n<\/div>\n<\/div><\/div>\n<div class=\"su-spoiler su-spoiler-style-fancy su-spoiler-icon-plus su-spoiler-closed\" data-scroll-offset=\"0\" data-anchor-in-url=\"no\"><div class=\"su-spoiler-title\" tabindex=\"0\" role=\"button\"><span class=\"su-spoiler-icon\"><\/span>Warum Chaga verwenden?<\/div><div class=\"su-spoiler-content su-u-clearfix su-u-trim\">\n<div style=\"background-color: #eff5e6; padding: 16px; font-size: 15px; font-family: Montserrat, sans-serif; color: #444; line-height: 1.6;\">\n<p>Chaga ist vor allem f\u00fcr seine immunst\u00e4rkenden Eigenschaften bekannt, die dem K\u00f6rper helfen, in Zeiten von Stress oder Krankheit widerstandsf\u00e4hig zu bleiben. Sein von Natur aus hoher Gehalt an Antioxidantien und Beta-Glucanen hilft, Entz\u00fcndungen zu verringern, M\u00fcdigkeit zu bek\u00e4mpfen und eine ausgewogene Immunantwort zu f\u00f6rdern. Eine regelm\u00e4\u00dfige Einnahme kann das allgemeine Wohlbefinden unterst\u00fctzen, die Energie steigern und dazu beitragen, dass Sie sich den ganzen Tag \u00fcber st\u00e4rker und konzentrierter f\u00fchlen.<\/p>\n<\/div>\n<\/div><\/div>\n<div class=\"su-spoiler su-spoiler-style-fancy su-spoiler-icon-plus su-spoiler-closed\" data-scroll-offset=\"0\" data-anchor-in-url=\"no\"><div class=\"su-spoiler-title\" tabindex=\"0\" role=\"button\"><span class=\"su-spoiler-icon\"><\/span>Wer sollte Chaga verwenden?<\/div><div class=\"su-spoiler-content su-u-clearfix su-u-trim\">\n<div style=\"background-color: #eff5e6; padding: 16px; font-size: 15px; font-family: Montserrat, sans-serif; color: #444; line-height: 1.6;\">\n<p>Chaga ist ideal f\u00fcr alle, die ihre nat\u00fcrlichen Abwehrkr\u00e4fte st\u00e4rken und ihre Energie konstant halten wollen. Er ist besonders geeignet f\u00fcr:<\/p>\n<ul>\n<li>Menschen, die ihre Immunfunktion auf nat\u00fcrliche Weise unterst\u00fctzen wollen<\/li>\n<li>Personen, die einen anstrengenden oder stressigen Lebensstil haben und t\u00e4glich Unterst\u00fctzung ben\u00f6tigen<\/li>\n<li>Personen, die sich von einer Krankheit erholen oder versuchen, einem Burnout vorzubeugen<\/li>\n<\/ul>\n<\/div>\n<\/div><\/div>\n<div class=\"su-spoiler su-spoiler-style-fancy su-spoiler-icon-plus su-spoiler-closed\" data-scroll-offset=\"0\" data-anchor-in-url=\"no\"><div class=\"su-spoiler-title\" tabindex=\"0\" role=\"button\"><span class=\"su-spoiler-icon\"><\/span>Was ist in unseren Kapseln enthalten?<\/div><div class=\"su-spoiler-content su-u-clearfix su-u-trim\">\n<div style=\"background-color: #eff5e6; padding: 16px; font-size: 15px; font-family: Montserrat, sans-serif; color: #444; line-height: 1.6;\">\n<p>Jede Kapsel enth\u00e4lt 100% reinen Chaga-Extrakt nur aus dem Fruchtk\u00f6rper, ohne K\u00f6rner, St\u00e4rke oder Zusatzstoffe. Unser duales Extraktionsverfahren bewahrt das gesamte Spektrum der aktiven Verbindungen, einschlie\u00dflich der wasserl\u00f6slichen Beta-Glucane und der alkoholl\u00f6slichen Antioxidantien. Das Ergebnis ist ein sauberes, konzentriertes Nahrungserg\u00e4nzungsmittel in veganen Kapseln, die jedes Mal eine gleichbleibende, zuverl\u00e4ssige St\u00e4rke liefern.<\/p>\n<\/div>\n<\/div><\/div>\n<\/div>\n<div style=\"margin-top: 20px; background-color: #eff5e6; padding: 16px; border-radius: 8px; border: 1px solid #dbeac7; font-family: Montserrat, sans-serif; font-size: 14px;\">\n<h2>Wichtige Hinweise (sorgf\u00e4ltig lesen)<\/h2>\n<ul>\n<li>Nicht f\u00fcr den Gebrauch w\u00e4hrend der Schwangerschaft oder der Stillzeit geeignet<\/li>\n<li>Vermeiden Sie es, wenn Sie allergisch auf Pilze oder Birkenpollen reagieren.<\/li>\n<li>Sicher f\u00fcr den t\u00e4glichen Gebrauch; am besten morgens oder nachmittags einnehmen<\/li>\n<li>Konsultieren Sie Ihren Arzt, wenn Sie an Autoimmunerkrankungen leiden oder Blutverd\u00fcnner einnehmen<\/li>\n<\/ul>\n<\/div>","protected":false},"excerpt":{"rendered":"<p>Experience natural immune support from the heart of the forest with Chaga Mushroom Capsules by Primal Focus. Known for its [&hellip;]<\/p>\n","protected":false},"featured_media":870318,"comment_status":"open","ping_status":"closed","template":"","meta":{"site-sidebar-layout":"default","site-content-layout":"default","ast-site-content-layout":"default","site-content-style":"default","site-sidebar-style":"default","ast-global-header-display":"","ast-banner-title-visibility":"","ast-main-header-display":"","ast-hfb-above-header-display":"","ast-hfb-below-header-display":"","ast-hfb-mobile-header-display":"","site-post-title":"","ast-breadcrumbs-content":"","ast-featured-img":"","footer-sml-layout":"","ast-disable-related-posts":"","theme-transparent-header-meta":"default","adv-header-id-meta":"","stick-header-meta":"","header-above-stick-meta":"","header-main-stick-meta":"","header-below-stick-meta":"","astra-migrate-meta-layouts":"set","ast-page-background-enabled":"default","ast-page-background-meta":{"desktop":{"background-color":"","background-image":"","background-repeat":"repeat","background-position":"center center","background-size":"auto","background-attachment":"scroll","background-type":"","background-media":"","overlay-type":"","overlay-color":"","overlay-opacity":"","overlay-gradient":""},"tablet":{"background-color":"","background-image":"","background-repeat":"repeat","background-position":"center center","background-size":"auto","background-attachment":"scroll","background-type":"","background-media":"","overlay-type":"","overlay-color":"","overlay-opacity":"","overlay-gradient":""},"mobile":{"background-color":"","background-image":"","background-repeat":"repeat","background-position":"center center","background-size":"auto","background-attachment":"scroll","background-type":"","background-media":"","overlay-type":"","overlay-color":"","overlay-opacity":"","overlay-gradient":""}},"ast-content-background-meta":{"desktop":{"background-color":"var(--ast-global-color-5)","background-image":"","background-repeat":"repeat","background-position":"center center","background-size":"auto","background-attachment":"scroll","background-type":"","background-media":"","overlay-type":"","overlay-color":"","overlay-opacity":"","overlay-gradient":""},"tablet":{"background-color":"var(--ast-global-color-5)","background-image":"","background-repeat":"repeat","background-position":"center center","background-size":"auto","background-attachment":"scroll","background-type":"","background-media":"","overlay-type":"","overlay-color":"","overlay-opacity":"","overlay-gradient":""},"mobile":{"background-color":"var(--ast-global-color-5)","background-image":"","background-repeat":"repeat","background-position":"center center","background-size":"auto","background-attachment":"scroll","background-type":"","background-media":"","overlay-type":"","overlay-color":"","overlay-opacity":"","overlay-gradient":""}}},"product_brand":[129],"product_cat":[108],"product_tag":[],"class_list":{"0":"post-461818","1":"product","2":"type-product","3":"status-publish","4":"has-post-thumbnail","6":"product_brand-primal-focus","7":"product_cat-functional-mushrooms","8":"product_shipping_class-brievenbus-pakje","9":"desktop-align-center","10":"tablet-align-left","11":"mobile-align-left","13":"first","14":"instock","15":"taxable","16":"shipping-taxable","17":"purchasable","18":"product-type-simple"},"yoast_head":"<!-- This site is optimized with the Yoast SEO plugin v27.3 - https:\/\/yoast.com\/product\/yoast-seo-wordpress\/ -->\n<title>Buy Chaga mushroom capsules for energy and immune balance<\/title>\n<meta name=\"description\" content=\"Discover pure Chaga mushroom benefits with Primal Focus. 100% fruiting body extract for energy, balance and protection. Organic, vegan and filler-free.\" \/>\n<meta name=\"robots\" content=\"index, follow, max-snippet:-1, max-image-preview:large, max-video-preview:-1\" \/>\n<link rel=\"canonical\" href=\"https:\/\/primalfocus.eu\/de\/chaga-kapseln\/\" \/>\n<meta property=\"og:locale\" content=\"de_DE\" \/>\n<meta property=\"og:type\" content=\"article\" \/>\n<meta property=\"og:title\" content=\"Buy Chaga mushroom capsules for energy and immune balance\" \/>\n<meta property=\"og:description\" content=\"Discover pure Chaga mushroom benefits with Primal Focus. 100% fruiting body extract for energy, balance and protection. Organic, vegan and filler-free.\" \/>\n<meta property=\"og:url\" content=\"https:\/\/primalfocus.eu\/de\/chaga-kapseln\/\" \/>\n<meta property=\"og:site_name\" content=\"Primal Focus\" \/>\n<meta property=\"article:publisher\" content=\"https:\/\/www.facebook.com\/profile.php?id=61575377667059\" \/>\n<meta property=\"article:modified_time\" content=\"2026-04-08T06:04:38+00:00\" \/>\n<meta property=\"og:image\" content=\"https:\/\/primalfocus.eu\/wp-content\/uploads\/2024\/10\/Chaga-Capsules-primalfocus.eu_.webp\" \/>\n\t<meta property=\"og:image:width\" content=\"1080\" \/>\n\t<meta property=\"og:image:height\" content=\"1080\" \/>\n\t<meta property=\"og:image:type\" content=\"image\/webp\" \/>\n<meta name=\"twitter:card\" content=\"summary_large_image\" \/>\n<meta name=\"twitter:site\" content=\"@primalfocus_eu\" \/>\n<meta name=\"twitter:label1\" content=\"Gesch\u00e4tzte Lesezeit\" \/>\n\t<meta name=\"twitter:data1\" content=\"2\u00a0Minuten\" \/>\n<script type=\"application\/ld+json\" class=\"yoast-schema-graph\">{\"@context\":\"https:\\\/\\\/schema.org\",\"@graph\":[{\"@type\":\"WebPage\",\"@id\":\"https:\\\/\\\/primalfocus.eu\\\/de\\\/chaga-capsules\\\/\",\"url\":\"https:\\\/\\\/primalfocus.eu\\\/de\\\/chaga-capsules\\\/\",\"name\":\"Buy Chaga mushroom capsules for energy and immune balance\",\"isPartOf\":{\"@id\":\"https:\\\/\\\/primalfocus.eu\\\/de\\\/#website\"},\"primaryImageOfPage\":{\"@id\":\"https:\\\/\\\/primalfocus.eu\\\/de\\\/chaga-capsules\\\/#primaryimage\"},\"image\":{\"@id\":\"https:\\\/\\\/primalfocus.eu\\\/de\\\/chaga-capsules\\\/#primaryimage\"},\"thumbnailUrl\":\"https:\\\/\\\/primalfocus.eu\\\/wp-content\\\/uploads\\\/2024\\\/10\\\/Chaga-Capsules-primalfocus.eu_.webp\",\"datePublished\":\"2024-10-09T13:05:08+00:00\",\"dateModified\":\"2026-04-08T06:04:38+00:00\",\"description\":\"Discover pure Chaga mushroom benefits with Primal Focus. 100% fruiting body extract for energy, balance and protection. Organic, vegan and filler-free.\",\"breadcrumb\":{\"@id\":\"https:\\\/\\\/primalfocus.eu\\\/de\\\/chaga-capsules\\\/#breadcrumb\"},\"inLanguage\":\"de\",\"potentialAction\":[{\"@type\":\"ReadAction\",\"target\":[\"https:\\\/\\\/primalfocus.eu\\\/de\\\/chaga-capsules\\\/\"]}]},{\"@type\":\"ImageObject\",\"inLanguage\":\"de\",\"@id\":\"https:\\\/\\\/primalfocus.eu\\\/de\\\/chaga-capsules\\\/#primaryimage\",\"url\":\"https:\\\/\\\/primalfocus.eu\\\/wp-content\\\/uploads\\\/2024\\\/10\\\/Chaga-Capsules-primalfocus.eu_.webp\",\"contentUrl\":\"https:\\\/\\\/primalfocus.eu\\\/wp-content\\\/uploads\\\/2024\\\/10\\\/Chaga-Capsules-primalfocus.eu_.webp\",\"width\":1080,\"height\":1080,\"caption\":\"Chaga Capsules primalfocus.eu\"},{\"@type\":\"BreadcrumbList\",\"@id\":\"https:\\\/\\\/primalfocus.eu\\\/de\\\/chaga-capsules\\\/#breadcrumb\",\"itemListElement\":[{\"@type\":\"ListItem\",\"position\":1,\"name\":\"Home\",\"item\":\"https:\\\/\\\/primalfocus.eu\\\/\"},{\"@type\":\"ListItem\",\"position\":2,\"name\":\"Shop\",\"item\":\"https:\\\/\\\/primalfocus.eu\\\/products\\\/\"},{\"@type\":\"ListItem\",\"position\":3,\"name\":\"Functional Mushrooms\",\"item\":\"https:\\\/\\\/primalfocus.eu\\\/functional-mushrooms\\\/\"},{\"@type\":\"ListItem\",\"position\":4,\"name\":\"Chaga Capsules\"}]},{\"@type\":\"WebSite\",\"@id\":\"https:\\\/\\\/primalfocus.eu\\\/de\\\/#website\",\"url\":\"https:\\\/\\\/primalfocus.eu\\\/de\\\/\",\"name\":\"Primal Focus\",\"description\":\"Buy legal psychedelics online\",\"publisher\":{\"@id\":\"https:\\\/\\\/primalfocus.eu\\\/de\\\/#organization\"},\"potentialAction\":[{\"@type\":\"SearchAction\",\"target\":{\"@type\":\"EntryPoint\",\"urlTemplate\":\"https:\\\/\\\/primalfocus.eu\\\/de\\\/?s={search_term_string}\"},\"query-input\":{\"@type\":\"PropertyValueSpecification\",\"valueRequired\":true,\"valueName\":\"search_term_string\"}}],\"inLanguage\":\"de\"},{\"@type\":\"Organization\",\"@id\":\"https:\\\/\\\/primalfocus.eu\\\/de\\\/#organization\",\"name\":\"Primal Focus\",\"alternateName\":\"primalfocus.eu\",\"url\":\"https:\\\/\\\/primalfocus.eu\\\/de\\\/\",\"logo\":{\"@type\":\"ImageObject\",\"inLanguage\":\"de\",\"@id\":\"https:\\\/\\\/primalfocus.eu\\\/de\\\/#\\\/schema\\\/logo\\\/image\\\/\",\"url\":\"https:\\\/\\\/primalfocus.eu\\\/wp-content\\\/uploads\\\/2025\\\/11\\\/primal-focus-logo-header.svg\",\"contentUrl\":\"https:\\\/\\\/primalfocus.eu\\\/wp-content\\\/uploads\\\/2025\\\/11\\\/primal-focus-logo-header.svg\",\"caption\":\"Primal Focus\"},\"image\":{\"@id\":\"https:\\\/\\\/primalfocus.eu\\\/de\\\/#\\\/schema\\\/logo\\\/image\\\/\"},\"sameAs\":[\"https:\\\/\\\/www.facebook.com\\\/profile.php?id=61575377667059\",\"https:\\\/\\\/x.com\\\/primalfocus_eu\",\"https:\\\/\\\/www.instagram.com\\\/primalfocus.store\\\/\"]}]}<\/script>\n<!-- \/ Yoast SEO plugin. -->","yoast_head_json":{"title":"Chaga Kapseln kaufen | Hochwertiger Extrakt","description":"Unterst\u00fctze dein Immunsystem mit unseren Premium Chaga Kapseln. Hochkonzentrierter Extrakt aus Wildsammlung, laborgepr\u00fcft &amp; vegan.","robots":{"index":"index","follow":"follow","max-snippet":"max-snippet:-1","max-image-preview":"max-image-preview:large","max-video-preview":"max-video-preview:-1"},"canonical":"https:\/\/primalfocus.eu\/de\/chaga-kapseln\/","og_locale":"de_DE","og_type":"article","og_title":"Buy Chaga mushroom capsules for energy and immune balance","og_description":"Discover pure Chaga mushroom benefits with Primal Focus. 100% fruiting body extract for energy, balance and protection. Organic, vegan and filler-free.","og_url":"https:\/\/primalfocus.eu\/de\/chaga-kapseln\/","og_site_name":"Primal Focus","article_publisher":"https:\/\/www.facebook.com\/profile.php?id=61575377667059","article_modified_time":"2026-04-08T06:04:38+00:00","og_image":[{"width":1080,"height":1080,"url":"https:\/\/primalfocus.eu\/wp-content\/uploads\/2024\/10\/Chaga-Capsules-primalfocus.eu_.webp","type":"image\/webp"}],"twitter_card":"summary_large_image","twitter_site":"@primalfocus_eu","twitter_misc":{"Gesch\u00e4tzte Lesezeit":"2\u00a0Minuten"},"schema":{"@context":"https:\/\/schema.org","@graph":[{"@type":"WebPage","@id":"https:\/\/primalfocus.eu\/de\/chaga-capsules\/","url":"https:\/\/primalfocus.eu\/de\/chaga-capsules\/","name":"Chaga Kapseln kaufen | Hochwertiger Extrakt","isPartOf":{"@id":"https:\/\/primalfocus.eu\/de\/#website"},"primaryImageOfPage":{"@id":"https:\/\/primalfocus.eu\/de\/chaga-capsules\/#primaryimage"},"image":{"@id":"https:\/\/primalfocus.eu\/de\/chaga-capsules\/#primaryimage"},"thumbnailUrl":"https:\/\/primalfocus.eu\/wp-content\/uploads\/2024\/10\/Chaga-Capsules-primalfocus.eu_.webp","datePublished":"2024-10-09T13:05:08+00:00","dateModified":"2026-04-08T06:04:38+00:00","description":"Unterst\u00fctze dein Immunsystem mit unseren Premium Chaga Kapseln. Hochkonzentrierter Extrakt aus Wildsammlung, laborgepr\u00fcft &amp; vegan.","breadcrumb":{"@id":"https:\/\/primalfocus.eu\/de\/chaga-capsules\/#breadcrumb"},"inLanguage":"de","potentialAction":[{"@type":"ReadAction","target":["https:\/\/primalfocus.eu\/de\/chaga-capsules\/"]}]},{"@type":"ImageObject","inLanguage":"de","@id":"https:\/\/primalfocus.eu\/de\/chaga-capsules\/#primaryimage","url":"https:\/\/primalfocus.eu\/wp-content\/uploads\/2024\/10\/Chaga-Capsules-primalfocus.eu_.webp","contentUrl":"https:\/\/primalfocus.eu\/wp-content\/uploads\/2024\/10\/Chaga-Capsules-primalfocus.eu_.webp","width":1080,"height":1080,"caption":"Chaga Capsules primalfocus.eu"},{"@type":"BreadcrumbList","@id":"https:\/\/primalfocus.eu\/de\/chaga-capsules\/#breadcrumb","itemListElement":[{"@type":"ListItem","position":1,"name":"Home","item":"https:\/\/primalfocus.eu\/"},{"@type":"ListItem","position":2,"name":"Shop","item":"https:\/\/primalfocus.eu\/products\/"},{"@type":"ListItem","position":3,"name":"Functional Mushrooms","item":"https:\/\/primalfocus.eu\/functional-mushrooms\/"},{"@type":"ListItem","position":4,"name":"Chaga Capsules"}]},{"@type":"WebSite","@id":"https:\/\/primalfocus.eu\/de\/#website","url":"https:\/\/primalfocus.eu\/de\/","name":"Primal Focus","description":"Legale Psychedelika online kaufen","publisher":{"@id":"https:\/\/primalfocus.eu\/de\/#organization"},"potentialAction":[{"@type":"SearchAction","target":{"@type":"EntryPoint","urlTemplate":"https:\/\/primalfocus.eu\/de\/?s={search_term_string}"},"query-input":{"@type":"PropertyValueSpecification","valueRequired":true,"valueName":"search_term_string"}}],"inLanguage":"de"},{"@type":"Organization","@id":"https:\/\/primalfocus.eu\/de\/#organization","name":"Primal Focus","alternateName":"primalfocus.eu","url":"https:\/\/primalfocus.eu\/de\/","logo":{"@type":"ImageObject","inLanguage":"de","@id":"https:\/\/primalfocus.eu\/de\/#\/schema\/logo\/image\/","url":"https:\/\/primalfocus.eu\/wp-content\/uploads\/2025\/11\/primal-focus-logo-header.svg","contentUrl":"https:\/\/primalfocus.eu\/wp-content\/uploads\/2025\/11\/primal-focus-logo-header.svg","caption":"Primal Focus"},"image":{"@id":"https:\/\/primalfocus.eu\/de\/#\/schema\/logo\/image\/"},"sameAs":["https:\/\/www.facebook.com\/profile.php?id=61575377667059","https:\/\/x.com\/primalfocus_eu","https:\/\/www.instagram.com\/primalfocus.store\/"]}]}},"jetpack_sharing_enabled":true,"_links":{"self":[{"href":"https:\/\/primalfocus.eu\/de\/wp-json\/wp\/v2\/product\/461818","targetHints":{"allow":["GET"]}}],"collection":[{"href":"https:\/\/primalfocus.eu\/de\/wp-json\/wp\/v2\/product"}],"about":[{"href":"https:\/\/primalfocus.eu\/de\/wp-json\/wp\/v2\/types\/product"}],"replies":[{"embeddable":true,"href":"https:\/\/primalfocus.eu\/de\/wp-json\/wp\/v2\/comments?post=461818"}],"wp:featuredmedia":[{"embeddable":true,"href":"https:\/\/primalfocus.eu\/de\/wp-json\/wp\/v2\/media\/870318"}],"wp:attachment":[{"href":"https:\/\/primalfocus.eu\/de\/wp-json\/wp\/v2\/media?parent=461818"}],"wp:term":[{"taxonomy":"product_brand","embeddable":true,"href":"https:\/\/primalfocus.eu\/de\/wp-json\/wp\/v2\/product_brand?post=461818"},{"taxonomy":"product_cat","embeddable":true,"href":"https:\/\/primalfocus.eu\/de\/wp-json\/wp\/v2\/product_cat?post=461818"},{"taxonomy":"product_tag","embeddable":true,"href":"https:\/\/primalfocus.eu\/de\/wp-json\/wp\/v2\/product_tag?post=461818"}],"curies":[{"name":"wp","href":"https:\/\/api.w.org\/{rel}","templated":true}]}}