{"id":460111,"date":"2024-10-08T19:20:51","date_gmt":"2024-10-08T17:20:51","guid":{"rendered":"https:\/\/primalfocus.eu\/?post_type=product&#038;p=460111"},"modified":"2026-04-08T08:04:39","modified_gmt":"2026-04-08T06:04:39","slug":"reishi-kapseln","status":"publish","type":"product","link":"https:\/\/primalfocus.eu\/de\/reishi-capsules\/","title":{"rendered":"Reishi-Kapseln"},"content":{"rendered":"<p>Finden Sie Ruhe, Ausgeglichenheit und langfristiges Wohlbefinden mit den Reishi-Pilz-Kapseln von Primal Focus. Bekannt als \u201cPilz der Unsterblichkeit\u201d, unterst\u00fctzt der Reishi in der traditionellen chinesischen Medizin seit Jahrhunderten Gesundheit und Langlebigkeit. Unsere Kapseln enthalten einen reinen, hochwirksamen Extrakt aus 100% Bio-Fruchtk\u00f6rpern, der eine nat\u00fcrliche Unterst\u00fctzung f\u00fcr Stressabbau, besseren Schlaf und Immunabwehr bietet.<\/p>\n<div style=\"background-color: #eff5e6; padding: 20px; border-radius: 12px; font-family: Montserrat, sans-serif; font-size: 15px; color: #333; line-height: 1.6;\">\n<ul style=\"list-style: none; padding: 0; margin: 0;\">\n<li style=\"margin-bottom: 8px;\">\u2705 <strong>90 Kapseln<\/strong> pro Beutel (Vorrat f\u00fcr 1-3 Monate)<\/li>\n<li style=\"margin-bottom: 8px;\">\u2705 <strong>100% Organisch<\/strong><\/li>\n<li style=\"margin-bottom: 8px;\">\u2705 <strong>Pure Fruiting Body<\/strong> nur - keine F\u00fcllstoffe<\/li>\n<li style=\"margin-bottom: 8px;\">\u2705 <strong>Hochwirksamer Extrakt<\/strong> (30% Polysaccharide)<\/li>\n<li style=\"margin-bottom: 8px;\">\u2705 <strong>Vegan, GVO-frei, glutenfrei<\/strong><\/li>\n<\/ul>\n<\/div>\n<p>&nbsp;<\/p>\n<div class=\"su-accordion su-u-trim custom-reishi-info\">\n<div class=\"su-spoiler su-spoiler-style-fancy su-spoiler-icon-plus su-spoiler-closed\" data-scroll-offset=\"0\" data-anchor-in-url=\"no\"><div class=\"su-spoiler-title\" tabindex=\"0\" role=\"button\"><span class=\"su-spoiler-icon\"><\/span>Was ist Reishi?<\/div><div class=\"su-spoiler-content su-u-clearfix su-u-trim\">\n<div style=\"background-color: #eff5e6; padding: 16px; font-size: 15px; font-family: Montserrat, sans-serif; color: #444; line-height: 1.6;\">\n<p>Reishi (<em>Ganoderma lucidum<\/em>) ist einer der angesehensten <a href=\"\/de\/%e2%80%9dhttps%3a\/\/primalfocus.eu\/produkt-kategorie\/funktionelle-pilze-2\/%e2%80%9d\/\">Champignons<\/a> in der \u00f6stlichen Kr\u00e4uterkunde. Er wird oft als \u201cPilz der Unsterblichkeit\u201d bezeichnet, weil er seit langem f\u00fcr Ausgeglichenheit, Vitalit\u00e4t und Immunit\u00e4t verwendet wird. Der Reishi wirkt als Adaptogen und hilft dem K\u00f6rper, sich an Stress anzupassen und die Harmonie zu bewahren. Er unterst\u00fctzt das Nervensystem, f\u00f6rdert einen besseren Schlaf und st\u00e4rkt mit der Zeit die Immunfunktion.<\/p>\n<\/div>\n<\/div><\/div>\n<div class=\"su-spoiler su-spoiler-style-fancy su-spoiler-icon-plus su-spoiler-closed\" data-scroll-offset=\"0\" data-anchor-in-url=\"no\"><div class=\"su-spoiler-title\" tabindex=\"0\" role=\"button\"><span class=\"su-spoiler-icon\"><\/span>Die wichtigsten Vorteile des Reishi<\/div><div class=\"su-spoiler-content su-u-clearfix su-u-trim\">\n<div style=\"background-color: #eff5e6; padding: 16px; font-size: 15px; font-family: Montserrat, sans-serif; color: #444; line-height: 1.6;\">\n<p>Die Reishi-Erg\u00e4nzung wird wegen ihrer zahlreichen nat\u00fcrlichen Vorteile gesch\u00e4tzt. Es hilft dem K\u00f6rper und dem Geist, zur Ruhe zu kommen und das innere Gleichgewicht zu st\u00e4rken. Die wichtigsten Vorteile umfassen:<\/p>\n<ul>\n<li><strong>Stressabbau:<\/strong> hilft, Cortisol zu reduzieren und das Nervensystem zu beruhigen<\/li>\n<li><strong>Schlafunterst\u00fctzung:<\/strong> f\u00f6rdert auf nat\u00fcrliche Weise einen tieferen, erholsameren Schlaf<\/li>\n<li><strong>St\u00e4rke des Immunsystems:<\/strong> unterst\u00fctzt die langfristige Immunfunktion und Widerstandsf\u00e4higkeit<\/li>\n<\/ul>\n<\/div>\n<\/div><\/div>\n<div class=\"su-spoiler su-spoiler-style-fancy su-spoiler-icon-plus su-spoiler-closed\" data-scroll-offset=\"0\" data-anchor-in-url=\"no\"><div class=\"su-spoiler-title\" tabindex=\"0\" role=\"button\"><span class=\"su-spoiler-icon\"><\/span>Wer sollte Reishi verwenden?<\/div><div class=\"su-spoiler-content su-u-clearfix su-u-trim\">\n<div style=\"background-color: #eff5e6; padding: 16px; font-size: 15px; font-family: Montserrat, sans-serif; color: #444; line-height: 1.6;\">\n<p>Der Reishi ist ideal f\u00fcr alle, die Ruhe, Ausgeglichenheit und langfristige Gesundheit suchen. Er eignet sich besonders f\u00fcr Menschen, die unter Stress, M\u00fcdigkeit oder Schlafmangel leiden, und f\u00fcr diejenigen, die ihr Immunsystem auf nat\u00fcrliche Weise unterst\u00fctzen wollen. Reishi ist auch bei Menschen beliebt, die Wert auf ganzheitliches Wohlbefinden und vorbeugende Ma\u00dfnahmen legen.<\/p>\n<\/div>\n<\/div><\/div>\n<\/div>\n<p>&nbsp;<\/p>\n<div style=\"margin-top: 20px; background-color: #eff5e6; padding: 16px; border-radius: 8px; border: 1px solid #dbeac7; font-family: Montserrat, sans-serif; font-size: 14px;\">\n<h2>Wichtige Hinweise (sorgf\u00e4ltig lesen)<\/h2>\n<ul>\n<li>Nicht empfohlen w\u00e4hrend Schwangerschaft und Stillzeit<\/li>\n<li>Konsultieren Sie Ihren Arzt, wenn Sie Medikamente einnehmen oder an einer Krankheit leiden<\/li>\n<li>Dieses Produkt ist nicht dazu bestimmt, Krankheiten zu diagnostizieren, zu behandeln, zu heilen oder zu verhindern.<\/li>\n<li>An einem k\u00fchlen, trockenen Ort fern von Sonnenlicht aufbewahren<\/li>\n<li>Au\u00dferhalb der Reichweite von Kindern aufbewahren<\/li>\n<li>Veganerfreundlich und frei von k\u00fcnstlichen Zusatzstoffen oder Konservierungsmitteln<\/li>\n<\/ul>\n<\/div>","protected":false},"excerpt":{"rendered":"<p>Find calm, balance and long-term wellbeing with Reishi Mushroom Capsules by Primal Focus. Known as the \u201cmushroom of immortality\u201d, Reishi [&hellip;]<\/p>\n","protected":false},"featured_media":870320,"comment_status":"open","ping_status":"closed","template":"","meta":{"site-sidebar-layout":"default","site-content-layout":"default","ast-site-content-layout":"default","site-content-style":"default","site-sidebar-style":"default","ast-global-header-display":"","ast-banner-title-visibility":"","ast-main-header-display":"","ast-hfb-above-header-display":"","ast-hfb-below-header-display":"","ast-hfb-mobile-header-display":"","site-post-title":"","ast-breadcrumbs-content":"","ast-featured-img":"","footer-sml-layout":"","ast-disable-related-posts":"","theme-transparent-header-meta":"default","adv-header-id-meta":"","stick-header-meta":"","header-above-stick-meta":"","header-main-stick-meta":"","header-below-stick-meta":"","astra-migrate-meta-layouts":"set","ast-page-background-enabled":"default","ast-page-background-meta":{"desktop":{"background-color":"","background-image":"","background-repeat":"repeat","background-position":"center center","background-size":"auto","background-attachment":"scroll","background-type":"","background-media":"","overlay-type":"","overlay-color":"","overlay-opacity":"","overlay-gradient":""},"tablet":{"background-color":"","background-image":"","background-repeat":"repeat","background-position":"center center","background-size":"auto","background-attachment":"scroll","background-type":"","background-media":"","overlay-type":"","overlay-color":"","overlay-opacity":"","overlay-gradient":""},"mobile":{"background-color":"","background-image":"","background-repeat":"repeat","background-position":"center center","background-size":"auto","background-attachment":"scroll","background-type":"","background-media":"","overlay-type":"","overlay-color":"","overlay-opacity":"","overlay-gradient":""}},"ast-content-background-meta":{"desktop":{"background-color":"var(--ast-global-color-5)","background-image":"","background-repeat":"repeat","background-position":"center center","background-size":"auto","background-attachment":"scroll","background-type":"","background-media":"","overlay-type":"","overlay-color":"","overlay-opacity":"","overlay-gradient":""},"tablet":{"background-color":"var(--ast-global-color-5)","background-image":"","background-repeat":"repeat","background-position":"center center","background-size":"auto","background-attachment":"scroll","background-type":"","background-media":"","overlay-type":"","overlay-color":"","overlay-opacity":"","overlay-gradient":""},"mobile":{"background-color":"var(--ast-global-color-5)","background-image":"","background-repeat":"repeat","background-position":"center center","background-size":"auto","background-attachment":"scroll","background-type":"","background-media":"","overlay-type":"","overlay-color":"","overlay-opacity":"","overlay-gradient":""}}},"product_brand":[129],"product_cat":[108],"product_tag":[],"class_list":{"0":"post-460111","1":"product","2":"type-product","3":"status-publish","4":"has-post-thumbnail","6":"product_brand-primal-focus","7":"product_cat-functional-mushrooms","8":"product_shipping_class-brievenbus-pakje","9":"desktop-align-center","10":"tablet-align-left","11":"mobile-align-left","13":"first","14":"instock","15":"taxable","16":"shipping-taxable","17":"purchasable","18":"product-type-simple"},"yoast_head":"<!-- This site is optimized with the Yoast SEO plugin v27.3 - https:\/\/yoast.com\/product\/yoast-seo-wordpress\/ -->\n<title>Reishi mushroom capsules: natural stress relief and immune support<\/title>\n<meta name=\"description\" content=\"Discover Reishi mushroom capsules by Primal Focus. Organic Reishi extract for better sleep and long-term immune balance. Vegan, non-GMO and filler-free.\" \/>\n<meta name=\"robots\" content=\"index, follow, max-snippet:-1, max-image-preview:large, max-video-preview:-1\" \/>\n<link rel=\"canonical\" href=\"https:\/\/primalfocus.eu\/de\/reishi-kapseln\/\" \/>\n<meta property=\"og:locale\" content=\"de_DE\" \/>\n<meta property=\"og:type\" content=\"article\" \/>\n<meta property=\"og:title\" content=\"Reishi mushroom capsules: natural stress relief and immune support\" \/>\n<meta property=\"og:description\" content=\"Discover Reishi mushroom capsules by Primal Focus. Organic Reishi extract for better sleep and long-term immune balance. Vegan, non-GMO and filler-free.\" \/>\n<meta property=\"og:url\" content=\"https:\/\/primalfocus.eu\/de\/reishi-kapseln\/\" \/>\n<meta property=\"og:site_name\" content=\"Primal Focus\" \/>\n<meta property=\"article:publisher\" content=\"https:\/\/www.facebook.com\/profile.php?id=61575377667059\" \/>\n<meta property=\"article:modified_time\" content=\"2026-04-08T06:04:39+00:00\" \/>\n<meta property=\"og:image\" content=\"https:\/\/primalfocus.eu\/wp-content\/uploads\/2024\/10\/Reishi-Capsules-primalfocus.eu_.webp\" \/>\n\t<meta property=\"og:image:width\" content=\"1080\" \/>\n\t<meta property=\"og:image:height\" content=\"1080\" \/>\n\t<meta property=\"og:image:type\" content=\"image\/webp\" \/>\n<meta name=\"twitter:card\" content=\"summary_large_image\" \/>\n<meta name=\"twitter:site\" content=\"@primalfocus_eu\" \/>\n<meta name=\"twitter:label1\" content=\"Gesch\u00e4tzte Lesezeit\" \/>\n\t<meta name=\"twitter:data1\" content=\"2\u00a0Minuten\" \/>\n<script type=\"application\/ld+json\" class=\"yoast-schema-graph\">{\"@context\":\"https:\\\/\\\/schema.org\",\"@graph\":[{\"@type\":\"WebPage\",\"@id\":\"https:\\\/\\\/primalfocus.eu\\\/de\\\/reishi-capsules\\\/\",\"url\":\"https:\\\/\\\/primalfocus.eu\\\/de\\\/reishi-capsules\\\/\",\"name\":\"Reishi mushroom capsules: natural stress relief and immune support\",\"isPartOf\":{\"@id\":\"https:\\\/\\\/primalfocus.eu\\\/de\\\/#website\"},\"primaryImageOfPage\":{\"@id\":\"https:\\\/\\\/primalfocus.eu\\\/de\\\/reishi-capsules\\\/#primaryimage\"},\"image\":{\"@id\":\"https:\\\/\\\/primalfocus.eu\\\/de\\\/reishi-capsules\\\/#primaryimage\"},\"thumbnailUrl\":\"https:\\\/\\\/primalfocus.eu\\\/wp-content\\\/uploads\\\/2024\\\/10\\\/Reishi-Capsules-primalfocus.eu_.webp\",\"datePublished\":\"2024-10-08T17:20:51+00:00\",\"dateModified\":\"2026-04-08T06:04:39+00:00\",\"description\":\"Discover Reishi mushroom capsules by Primal Focus. Organic Reishi extract for better sleep and long-term immune balance. Vegan, non-GMO and filler-free.\",\"breadcrumb\":{\"@id\":\"https:\\\/\\\/primalfocus.eu\\\/de\\\/reishi-capsules\\\/#breadcrumb\"},\"inLanguage\":\"de\",\"potentialAction\":[{\"@type\":\"ReadAction\",\"target\":[\"https:\\\/\\\/primalfocus.eu\\\/de\\\/reishi-capsules\\\/\"]}]},{\"@type\":\"ImageObject\",\"inLanguage\":\"de\",\"@id\":\"https:\\\/\\\/primalfocus.eu\\\/de\\\/reishi-capsules\\\/#primaryimage\",\"url\":\"https:\\\/\\\/primalfocus.eu\\\/wp-content\\\/uploads\\\/2024\\\/10\\\/Reishi-Capsules-primalfocus.eu_.webp\",\"contentUrl\":\"https:\\\/\\\/primalfocus.eu\\\/wp-content\\\/uploads\\\/2024\\\/10\\\/Reishi-Capsules-primalfocus.eu_.webp\",\"width\":1080,\"height\":1080,\"caption\":\"Reishi Capsules primalfocus.eu\"},{\"@type\":\"BreadcrumbList\",\"@id\":\"https:\\\/\\\/primalfocus.eu\\\/de\\\/reishi-capsules\\\/#breadcrumb\",\"itemListElement\":[{\"@type\":\"ListItem\",\"position\":1,\"name\":\"Home\",\"item\":\"https:\\\/\\\/primalfocus.eu\\\/\"},{\"@type\":\"ListItem\",\"position\":2,\"name\":\"Shop\",\"item\":\"https:\\\/\\\/primalfocus.eu\\\/products\\\/\"},{\"@type\":\"ListItem\",\"position\":3,\"name\":\"Functional Mushrooms\",\"item\":\"https:\\\/\\\/primalfocus.eu\\\/functional-mushrooms\\\/\"},{\"@type\":\"ListItem\",\"position\":4,\"name\":\"Reishi Capsules\"}]},{\"@type\":\"WebSite\",\"@id\":\"https:\\\/\\\/primalfocus.eu\\\/de\\\/#website\",\"url\":\"https:\\\/\\\/primalfocus.eu\\\/de\\\/\",\"name\":\"Primal Focus\",\"description\":\"Buy legal psychedelics online\",\"publisher\":{\"@id\":\"https:\\\/\\\/primalfocus.eu\\\/de\\\/#organization\"},\"potentialAction\":[{\"@type\":\"SearchAction\",\"target\":{\"@type\":\"EntryPoint\",\"urlTemplate\":\"https:\\\/\\\/primalfocus.eu\\\/de\\\/?s={search_term_string}\"},\"query-input\":{\"@type\":\"PropertyValueSpecification\",\"valueRequired\":true,\"valueName\":\"search_term_string\"}}],\"inLanguage\":\"de\"},{\"@type\":\"Organization\",\"@id\":\"https:\\\/\\\/primalfocus.eu\\\/de\\\/#organization\",\"name\":\"Primal Focus\",\"alternateName\":\"primalfocus.eu\",\"url\":\"https:\\\/\\\/primalfocus.eu\\\/de\\\/\",\"logo\":{\"@type\":\"ImageObject\",\"inLanguage\":\"de\",\"@id\":\"https:\\\/\\\/primalfocus.eu\\\/de\\\/#\\\/schema\\\/logo\\\/image\\\/\",\"url\":\"https:\\\/\\\/primalfocus.eu\\\/wp-content\\\/uploads\\\/2025\\\/11\\\/primal-focus-logo-header.svg\",\"contentUrl\":\"https:\\\/\\\/primalfocus.eu\\\/wp-content\\\/uploads\\\/2025\\\/11\\\/primal-focus-logo-header.svg\",\"caption\":\"Primal Focus\"},\"image\":{\"@id\":\"https:\\\/\\\/primalfocus.eu\\\/de\\\/#\\\/schema\\\/logo\\\/image\\\/\"},\"sameAs\":[\"https:\\\/\\\/www.facebook.com\\\/profile.php?id=61575377667059\",\"https:\\\/\\\/x.com\\\/primalfocus_eu\",\"https:\\\/\\\/www.instagram.com\\\/primalfocus.store\\\/\"]}]}<\/script>\n<!-- \/ Yoast SEO plugin. -->","yoast_head_json":{"title":"Reishi kaufen | Kapseln f\u00fcr Balance &amp; Gesundheit","description":"Reishi Kapseln f\u00fcr mehr Balance und Wohlbefinden. Unterst\u00fctzt Immunsystem und Entspannung. Jetzt bei Primal Focus online bestellen.","robots":{"index":"index","follow":"follow","max-snippet":"max-snippet:-1","max-image-preview":"max-image-preview:large","max-video-preview":"max-video-preview:-1"},"canonical":"https:\/\/primalfocus.eu\/de\/reishi-kapseln\/","og_locale":"de_DE","og_type":"article","og_title":"Reishi mushroom capsules: natural stress relief and immune support","og_description":"Discover Reishi mushroom capsules by Primal Focus. Organic Reishi extract for better sleep and long-term immune balance. Vegan, non-GMO and filler-free.","og_url":"https:\/\/primalfocus.eu\/de\/reishi-kapseln\/","og_site_name":"Primal Focus","article_publisher":"https:\/\/www.facebook.com\/profile.php?id=61575377667059","article_modified_time":"2026-04-08T06:04:39+00:00","og_image":[{"width":1080,"height":1080,"url":"https:\/\/primalfocus.eu\/wp-content\/uploads\/2024\/10\/Reishi-Capsules-primalfocus.eu_.webp","type":"image\/webp"}],"twitter_card":"summary_large_image","twitter_site":"@primalfocus_eu","twitter_misc":{"Gesch\u00e4tzte Lesezeit":"2\u00a0Minuten"},"schema":{"@context":"https:\/\/schema.org","@graph":[{"@type":"WebPage","@id":"https:\/\/primalfocus.eu\/de\/reishi-capsules\/","url":"https:\/\/primalfocus.eu\/de\/reishi-capsules\/","name":"Reishi kaufen | Kapseln f\u00fcr Balance &amp; Gesundheit","isPartOf":{"@id":"https:\/\/primalfocus.eu\/de\/#website"},"primaryImageOfPage":{"@id":"https:\/\/primalfocus.eu\/de\/reishi-capsules\/#primaryimage"},"image":{"@id":"https:\/\/primalfocus.eu\/de\/reishi-capsules\/#primaryimage"},"thumbnailUrl":"https:\/\/primalfocus.eu\/wp-content\/uploads\/2024\/10\/Reishi-Capsules-primalfocus.eu_.webp","datePublished":"2024-10-08T17:20:51+00:00","dateModified":"2026-04-08T06:04:39+00:00","description":"Reishi Kapseln f\u00fcr mehr Balance und Wohlbefinden. Unterst\u00fctzt Immunsystem und Entspannung. Jetzt bei Primal Focus online bestellen.","breadcrumb":{"@id":"https:\/\/primalfocus.eu\/de\/reishi-capsules\/#breadcrumb"},"inLanguage":"de","potentialAction":[{"@type":"ReadAction","target":["https:\/\/primalfocus.eu\/de\/reishi-capsules\/"]}]},{"@type":"ImageObject","inLanguage":"de","@id":"https:\/\/primalfocus.eu\/de\/reishi-capsules\/#primaryimage","url":"https:\/\/primalfocus.eu\/wp-content\/uploads\/2024\/10\/Reishi-Capsules-primalfocus.eu_.webp","contentUrl":"https:\/\/primalfocus.eu\/wp-content\/uploads\/2024\/10\/Reishi-Capsules-primalfocus.eu_.webp","width":1080,"height":1080,"caption":"Reishi Capsules primalfocus.eu"},{"@type":"BreadcrumbList","@id":"https:\/\/primalfocus.eu\/de\/reishi-capsules\/#breadcrumb","itemListElement":[{"@type":"ListItem","position":1,"name":"Home","item":"https:\/\/primalfocus.eu\/"},{"@type":"ListItem","position":2,"name":"Shop","item":"https:\/\/primalfocus.eu\/products\/"},{"@type":"ListItem","position":3,"name":"Functional Mushrooms","item":"https:\/\/primalfocus.eu\/functional-mushrooms\/"},{"@type":"ListItem","position":4,"name":"Reishi Capsules"}]},{"@type":"WebSite","@id":"https:\/\/primalfocus.eu\/de\/#website","url":"https:\/\/primalfocus.eu\/de\/","name":"Primal Focus","description":"Legale Psychedelika online kaufen","publisher":{"@id":"https:\/\/primalfocus.eu\/de\/#organization"},"potentialAction":[{"@type":"SearchAction","target":{"@type":"EntryPoint","urlTemplate":"https:\/\/primalfocus.eu\/de\/?s={search_term_string}"},"query-input":{"@type":"PropertyValueSpecification","valueRequired":true,"valueName":"search_term_string"}}],"inLanguage":"de"},{"@type":"Organization","@id":"https:\/\/primalfocus.eu\/de\/#organization","name":"Primal Focus","alternateName":"primalfocus.eu","url":"https:\/\/primalfocus.eu\/de\/","logo":{"@type":"ImageObject","inLanguage":"de","@id":"https:\/\/primalfocus.eu\/de\/#\/schema\/logo\/image\/","url":"https:\/\/primalfocus.eu\/wp-content\/uploads\/2025\/11\/primal-focus-logo-header.svg","contentUrl":"https:\/\/primalfocus.eu\/wp-content\/uploads\/2025\/11\/primal-focus-logo-header.svg","caption":"Primal Focus"},"image":{"@id":"https:\/\/primalfocus.eu\/de\/#\/schema\/logo\/image\/"},"sameAs":["https:\/\/www.facebook.com\/profile.php?id=61575377667059","https:\/\/x.com\/primalfocus_eu","https:\/\/www.instagram.com\/primalfocus.store\/"]}]}},"jetpack_sharing_enabled":true,"_links":{"self":[{"href":"https:\/\/primalfocus.eu\/de\/wp-json\/wp\/v2\/product\/460111","targetHints":{"allow":["GET"]}}],"collection":[{"href":"https:\/\/primalfocus.eu\/de\/wp-json\/wp\/v2\/product"}],"about":[{"href":"https:\/\/primalfocus.eu\/de\/wp-json\/wp\/v2\/types\/product"}],"replies":[{"embeddable":true,"href":"https:\/\/primalfocus.eu\/de\/wp-json\/wp\/v2\/comments?post=460111"}],"wp:featuredmedia":[{"embeddable":true,"href":"https:\/\/primalfocus.eu\/de\/wp-json\/wp\/v2\/media\/870320"}],"wp:attachment":[{"href":"https:\/\/primalfocus.eu\/de\/wp-json\/wp\/v2\/media?parent=460111"}],"wp:term":[{"taxonomy":"product_brand","embeddable":true,"href":"https:\/\/primalfocus.eu\/de\/wp-json\/wp\/v2\/product_brand?post=460111"},{"taxonomy":"product_cat","embeddable":true,"href":"https:\/\/primalfocus.eu\/de\/wp-json\/wp\/v2\/product_cat?post=460111"},{"taxonomy":"product_tag","embeddable":true,"href":"https:\/\/primalfocus.eu\/de\/wp-json\/wp\/v2\/product_tag?post=460111"}],"curies":[{"name":"wp","href":"https:\/\/api.w.org\/{rel}","templated":true}]}}