{"id":286363,"date":"2024-06-13T12:16:43","date_gmt":"2024-06-13T10:16:43","guid":{"rendered":"https:\/\/primalfocus.eu\/?post_type=product&#038;p=286363"},"modified":"2026-04-06T04:43:26","modified_gmt":"2026-04-06T02:43:26","slug":"monkey-madness-t-shirt","status":"publish","type":"product","link":"https:\/\/primalfocus.eu\/de\/monkey-madness-t-shirt\/","title":{"rendered":"\u2018Monkey Madness\u2019 T-shirt"},"content":{"rendered":"","protected":false},"excerpt":{"rendered":"<p>F\u00fchl dich frei in unserem oversized Unisex-T-Shirt aus 100 % Baumwolle. Perfekt zum Entspannen oder f\u00fcr einen Trip, mit bequemem Schnitt und einem m\u00fchelosen Stil, der immer gut aussieht. Ein Must-Have f\u00fcr jeden abenteuerlichen Tag.<\/p>","protected":false},"featured_media":890503,"comment_status":"open","ping_status":"closed","template":"","meta":{"site-sidebar-layout":"default","site-content-layout":"","ast-site-content-layout":"default","site-content-style":"default","site-sidebar-style":"default","ast-global-header-display":"","ast-banner-title-visibility":"","ast-main-header-display":"","ast-hfb-above-header-display":"","ast-hfb-below-header-display":"","ast-hfb-mobile-header-display":"","site-post-title":"","ast-breadcrumbs-content":"","ast-featured-img":"","footer-sml-layout":"","ast-disable-related-posts":"","theme-transparent-header-meta":"default","adv-header-id-meta":"","stick-header-meta":"","header-above-stick-meta":"","header-main-stick-meta":"","header-below-stick-meta":"","astra-migrate-meta-layouts":"set","ast-page-background-enabled":"default","ast-page-background-meta":{"desktop":{"background-color":"","background-image":"","background-repeat":"repeat","background-position":"center center","background-size":"auto","background-attachment":"scroll","background-type":"","background-media":"","overlay-type":"","overlay-color":"","overlay-opacity":"","overlay-gradient":""},"tablet":{"background-color":"","background-image":"","background-repeat":"repeat","background-position":"center center","background-size":"auto","background-attachment":"scroll","background-type":"","background-media":"","overlay-type":"","overlay-color":"","overlay-opacity":"","overlay-gradient":""},"mobile":{"background-color":"","background-image":"","background-repeat":"repeat","background-position":"center center","background-size":"auto","background-attachment":"scroll","background-type":"","background-media":"","overlay-type":"","overlay-color":"","overlay-opacity":"","overlay-gradient":""}},"ast-content-background-meta":{"desktop":{"background-color":"var(--ast-global-color-5)","background-image":"","background-repeat":"repeat","background-position":"center center","background-size":"auto","background-attachment":"scroll","background-type":"","background-media":"","overlay-type":"","overlay-color":"","overlay-opacity":"","overlay-gradient":""},"tablet":{"background-color":"var(--ast-global-color-5)","background-image":"","background-repeat":"repeat","background-position":"center center","background-size":"auto","background-attachment":"scroll","background-type":"","background-media":"","overlay-type":"","overlay-color":"","overlay-opacity":"","overlay-gradient":""},"mobile":{"background-color":"var(--ast-global-color-5)","background-image":"","background-repeat":"repeat","background-position":"center center","background-size":"auto","background-attachment":"scroll","background-type":"","background-media":"","overlay-type":"","overlay-color":"","overlay-opacity":"","overlay-gradient":""}}},"product_brand":[129],"product_cat":[107],"product_tag":[],"class_list":{"0":"post-286363","1":"product","2":"type-product","3":"status-publish","4":"has-post-thumbnail","6":"product_brand-primal-focus","7":"product_cat-movement","8":"desktop-align-center","9":"tablet-align-left","10":"mobile-align-left","12":"first","13":"instock","14":"taxable","15":"shipping-taxable","16":"purchasable","17":"product-type-variable"},"yoast_head":"<!-- This site is optimized with the Yoast SEO plugin v27.3 - https:\/\/yoast.com\/product\/yoast-seo-wordpress\/ -->\n<title>&#039;Monkey Madness&#039; T-shirt - Primal Focus<\/title>\n<meta name=\"description\" content=\"Elevate your vibe with our oversized unisex t-shirt, crafted from 100% premium cotton for ultimate comfort. A must-have for any journey.\" \/>\n<meta name=\"robots\" content=\"index, follow, max-snippet:-1, max-image-preview:large, max-video-preview:-1\" \/>\n<link rel=\"canonical\" href=\"https:\/\/primalfocus.eu\/de\/monkey-madness-t-shirt\/\" \/>\n<meta property=\"og:locale\" content=\"de_DE\" \/>\n<meta property=\"og:type\" content=\"article\" \/>\n<meta property=\"og:title\" content=\"&#039;Monkey Madness&#039; T-shirt - Primal Focus\" \/>\n<meta property=\"og:description\" content=\"Elevate your vibe with our oversized unisex t-shirt, crafted from 100% premium cotton for ultimate comfort. A must-have for any journey.\" \/>\n<meta property=\"og:url\" content=\"https:\/\/primalfocus.eu\/de\/monkey-madness-t-shirt\/\" \/>\n<meta property=\"og:site_name\" content=\"Primal Focus\" \/>\n<meta property=\"article:publisher\" content=\"https:\/\/www.facebook.com\/profile.php?id=61575377667059\" \/>\n<meta property=\"article:modified_time\" content=\"2026-04-06T02:43:26+00:00\" \/>\n<meta property=\"og:image\" content=\"https:\/\/primalfocus.eu\/wp-content\/uploads\/2024\/06\/primalfocus-T-shirt-18.webp\" \/>\n\t<meta property=\"og:image:width\" content=\"810\" \/>\n\t<meta property=\"og:image:height\" content=\"810\" \/>\n\t<meta property=\"og:image:type\" content=\"image\/webp\" \/>\n<meta name=\"twitter:card\" content=\"summary_large_image\" \/>\n<meta name=\"twitter:site\" content=\"@primalfocus_eu\" \/>\n<meta name=\"twitter:label1\" content=\"Gesch\u00e4tzte Lesezeit\" \/>\n\t<meta name=\"twitter:data1\" content=\"1\u00a0Minute\" \/>\n<script type=\"application\/ld+json\" class=\"yoast-schema-graph\">{\"@context\":\"https:\\\/\\\/schema.org\",\"@graph\":[{\"@type\":\"WebPage\",\"@id\":\"https:\\\/\\\/primalfocus.eu\\\/de\\\/monkey-madness-t-shirt\\\/\",\"url\":\"https:\\\/\\\/primalfocus.eu\\\/de\\\/monkey-madness-t-shirt\\\/\",\"name\":\"'Monkey Madness' T-shirt - Primal Focus\",\"isPartOf\":{\"@id\":\"https:\\\/\\\/primalfocus.eu\\\/de\\\/#website\"},\"primaryImageOfPage\":{\"@id\":\"https:\\\/\\\/primalfocus.eu\\\/de\\\/monkey-madness-t-shirt\\\/#primaryimage\"},\"image\":{\"@id\":\"https:\\\/\\\/primalfocus.eu\\\/de\\\/monkey-madness-t-shirt\\\/#primaryimage\"},\"thumbnailUrl\":\"https:\\\/\\\/primalfocus.eu\\\/wp-content\\\/uploads\\\/2024\\\/06\\\/primalfocus-T-shirt-18.webp\",\"datePublished\":\"2024-06-13T10:16:43+00:00\",\"dateModified\":\"2026-04-06T02:43:26+00:00\",\"description\":\"Elevate your vibe with our oversized unisex t-shirt, crafted from 100% premium cotton for ultimate comfort. A must-have for any journey.\",\"breadcrumb\":{\"@id\":\"https:\\\/\\\/primalfocus.eu\\\/de\\\/monkey-madness-t-shirt\\\/#breadcrumb\"},\"inLanguage\":\"de\",\"potentialAction\":[{\"@type\":\"ReadAction\",\"target\":[\"https:\\\/\\\/primalfocus.eu\\\/de\\\/monkey-madness-t-shirt\\\/\"]}]},{\"@type\":\"ImageObject\",\"inLanguage\":\"de\",\"@id\":\"https:\\\/\\\/primalfocus.eu\\\/de\\\/monkey-madness-t-shirt\\\/#primaryimage\",\"url\":\"https:\\\/\\\/primalfocus.eu\\\/wp-content\\\/uploads\\\/2024\\\/06\\\/primalfocus-T-shirt-18.webp\",\"contentUrl\":\"https:\\\/\\\/primalfocus.eu\\\/wp-content\\\/uploads\\\/2024\\\/06\\\/primalfocus-T-shirt-18.webp\",\"width\":810,\"height\":810,\"caption\":\"primalfocus T shirt 18\"},{\"@type\":\"BreadcrumbList\",\"@id\":\"https:\\\/\\\/primalfocus.eu\\\/de\\\/monkey-madness-t-shirt\\\/#breadcrumb\",\"itemListElement\":[{\"@type\":\"ListItem\",\"position\":1,\"name\":\"Home\",\"item\":\"https:\\\/\\\/primalfocus.eu\\\/\"},{\"@type\":\"ListItem\",\"position\":2,\"name\":\"Shop\",\"item\":\"https:\\\/\\\/primalfocus.eu\\\/products\\\/\"},{\"@type\":\"ListItem\",\"position\":3,\"name\":\"Clothing\",\"item\":\"https:\\\/\\\/primalfocus.eu\\\/movement\\\/\"},{\"@type\":\"ListItem\",\"position\":4,\"name\":\"&#8216;Monkey Madness&#8217; T-shirt\"}]},{\"@type\":\"WebSite\",\"@id\":\"https:\\\/\\\/primalfocus.eu\\\/de\\\/#website\",\"url\":\"https:\\\/\\\/primalfocus.eu\\\/de\\\/\",\"name\":\"Primal Focus\",\"description\":\"Buy legal psychedelics online\",\"publisher\":{\"@id\":\"https:\\\/\\\/primalfocus.eu\\\/de\\\/#organization\"},\"potentialAction\":[{\"@type\":\"SearchAction\",\"target\":{\"@type\":\"EntryPoint\",\"urlTemplate\":\"https:\\\/\\\/primalfocus.eu\\\/de\\\/?s={search_term_string}\"},\"query-input\":{\"@type\":\"PropertyValueSpecification\",\"valueRequired\":true,\"valueName\":\"search_term_string\"}}],\"inLanguage\":\"de\"},{\"@type\":\"Organization\",\"@id\":\"https:\\\/\\\/primalfocus.eu\\\/de\\\/#organization\",\"name\":\"Primal Focus\",\"alternateName\":\"primalfocus.eu\",\"url\":\"https:\\\/\\\/primalfocus.eu\\\/de\\\/\",\"logo\":{\"@type\":\"ImageObject\",\"inLanguage\":\"de\",\"@id\":\"https:\\\/\\\/primalfocus.eu\\\/de\\\/#\\\/schema\\\/logo\\\/image\\\/\",\"url\":\"https:\\\/\\\/primalfocus.eu\\\/wp-content\\\/uploads\\\/2025\\\/11\\\/primal-focus-logo-header.svg\",\"contentUrl\":\"https:\\\/\\\/primalfocus.eu\\\/wp-content\\\/uploads\\\/2025\\\/11\\\/primal-focus-logo-header.svg\",\"caption\":\"Primal Focus\"},\"image\":{\"@id\":\"https:\\\/\\\/primalfocus.eu\\\/de\\\/#\\\/schema\\\/logo\\\/image\\\/\"},\"sameAs\":[\"https:\\\/\\\/www.facebook.com\\\/profile.php?id=61575377667059\",\"https:\\\/\\\/x.com\\\/primalfocus_eu\",\"https:\\\/\\\/www.instagram.com\\\/primalfocus.store\\\/\"]}]}<\/script>\n<!-- \/ Yoast SEO plugin. -->","yoast_head_json":{"title":"Oversize T-Shirt kaufen | Monkey Madness Design","description":"Oversize T-Shirt aus 100 % Baumwolle. Stylisch, bequem und auff\u00e4llig. Jetzt Monkey Madness T-Shirt online bei Primal Focus bestellen.","robots":{"index":"index","follow":"follow","max-snippet":"max-snippet:-1","max-image-preview":"max-image-preview:large","max-video-preview":"max-video-preview:-1"},"canonical":"https:\/\/primalfocus.eu\/de\/monkey-madness-t-shirt\/","og_locale":"de_DE","og_type":"article","og_title":"'Monkey Madness' T-shirt - Primal Focus","og_description":"Elevate your vibe with our oversized unisex t-shirt, crafted from 100% premium cotton for ultimate comfort. A must-have for any journey.","og_url":"https:\/\/primalfocus.eu\/de\/monkey-madness-t-shirt\/","og_site_name":"Primal Focus","article_publisher":"https:\/\/www.facebook.com\/profile.php?id=61575377667059","article_modified_time":"2026-04-06T02:43:26+00:00","og_image":[{"width":810,"height":810,"url":"https:\/\/primalfocus.eu\/wp-content\/uploads\/2024\/06\/primalfocus-T-shirt-18.webp","type":"image\/webp"}],"twitter_card":"summary_large_image","twitter_site":"@primalfocus_eu","twitter_misc":{"Gesch\u00e4tzte Lesezeit":"1\u00a0Minute"},"schema":{"@context":"https:\/\/schema.org","@graph":[{"@type":"WebPage","@id":"https:\/\/primalfocus.eu\/de\/monkey-madness-t-shirt\/","url":"https:\/\/primalfocus.eu\/de\/monkey-madness-t-shirt\/","name":"Oversize T-Shirt kaufen | Monkey Madness Design","isPartOf":{"@id":"https:\/\/primalfocus.eu\/de\/#website"},"primaryImageOfPage":{"@id":"https:\/\/primalfocus.eu\/de\/monkey-madness-t-shirt\/#primaryimage"},"image":{"@id":"https:\/\/primalfocus.eu\/de\/monkey-madness-t-shirt\/#primaryimage"},"thumbnailUrl":"https:\/\/primalfocus.eu\/wp-content\/uploads\/2024\/06\/primalfocus-T-shirt-18.webp","datePublished":"2024-06-13T10:16:43+00:00","dateModified":"2026-04-06T02:43:26+00:00","description":"Oversize T-Shirt aus 100 % Baumwolle. Stylisch, bequem und auff\u00e4llig. Jetzt Monkey Madness T-Shirt online bei Primal Focus bestellen.","breadcrumb":{"@id":"https:\/\/primalfocus.eu\/de\/monkey-madness-t-shirt\/#breadcrumb"},"inLanguage":"de","potentialAction":[{"@type":"ReadAction","target":["https:\/\/primalfocus.eu\/de\/monkey-madness-t-shirt\/"]}]},{"@type":"ImageObject","inLanguage":"de","@id":"https:\/\/primalfocus.eu\/de\/monkey-madness-t-shirt\/#primaryimage","url":"https:\/\/primalfocus.eu\/wp-content\/uploads\/2024\/06\/primalfocus-T-shirt-18.webp","contentUrl":"https:\/\/primalfocus.eu\/wp-content\/uploads\/2024\/06\/primalfocus-T-shirt-18.webp","width":810,"height":810,"caption":"primalfocus T shirt 18"},{"@type":"BreadcrumbList","@id":"https:\/\/primalfocus.eu\/de\/monkey-madness-t-shirt\/#breadcrumb","itemListElement":[{"@type":"ListItem","position":1,"name":"Home","item":"https:\/\/primalfocus.eu\/"},{"@type":"ListItem","position":2,"name":"Shop","item":"https:\/\/primalfocus.eu\/products\/"},{"@type":"ListItem","position":3,"name":"Clothing","item":"https:\/\/primalfocus.eu\/movement\/"},{"@type":"ListItem","position":4,"name":"&#8216;Monkey Madness&#8217; T-shirt"}]},{"@type":"WebSite","@id":"https:\/\/primalfocus.eu\/de\/#website","url":"https:\/\/primalfocus.eu\/de\/","name":"Primal Focus","description":"Legale Psychedelika online kaufen","publisher":{"@id":"https:\/\/primalfocus.eu\/de\/#organization"},"potentialAction":[{"@type":"SearchAction","target":{"@type":"EntryPoint","urlTemplate":"https:\/\/primalfocus.eu\/de\/?s={search_term_string}"},"query-input":{"@type":"PropertyValueSpecification","valueRequired":true,"valueName":"search_term_string"}}],"inLanguage":"de"},{"@type":"Organization","@id":"https:\/\/primalfocus.eu\/de\/#organization","name":"Primal Focus","alternateName":"primalfocus.eu","url":"https:\/\/primalfocus.eu\/de\/","logo":{"@type":"ImageObject","inLanguage":"de","@id":"https:\/\/primalfocus.eu\/de\/#\/schema\/logo\/image\/","url":"https:\/\/primalfocus.eu\/wp-content\/uploads\/2025\/11\/primal-focus-logo-header.svg","contentUrl":"https:\/\/primalfocus.eu\/wp-content\/uploads\/2025\/11\/primal-focus-logo-header.svg","caption":"Primal Focus"},"image":{"@id":"https:\/\/primalfocus.eu\/de\/#\/schema\/logo\/image\/"},"sameAs":["https:\/\/www.facebook.com\/profile.php?id=61575377667059","https:\/\/x.com\/primalfocus_eu","https:\/\/www.instagram.com\/primalfocus.store\/"]}]}},"jetpack_sharing_enabled":true,"_links":{"self":[{"href":"https:\/\/primalfocus.eu\/de\/wp-json\/wp\/v2\/product\/286363","targetHints":{"allow":["GET"]}}],"collection":[{"href":"https:\/\/primalfocus.eu\/de\/wp-json\/wp\/v2\/product"}],"about":[{"href":"https:\/\/primalfocus.eu\/de\/wp-json\/wp\/v2\/types\/product"}],"replies":[{"embeddable":true,"href":"https:\/\/primalfocus.eu\/de\/wp-json\/wp\/v2\/comments?post=286363"}],"wp:featuredmedia":[{"embeddable":true,"href":"https:\/\/primalfocus.eu\/de\/wp-json\/wp\/v2\/media\/890503"}],"wp:attachment":[{"href":"https:\/\/primalfocus.eu\/de\/wp-json\/wp\/v2\/media?parent=286363"}],"wp:term":[{"taxonomy":"product_brand","embeddable":true,"href":"https:\/\/primalfocus.eu\/de\/wp-json\/wp\/v2\/product_brand?post=286363"},{"taxonomy":"product_cat","embeddable":true,"href":"https:\/\/primalfocus.eu\/de\/wp-json\/wp\/v2\/product_cat?post=286363"},{"taxonomy":"product_tag","embeddable":true,"href":"https:\/\/primalfocus.eu\/de\/wp-json\/wp\/v2\/product_tag?post=286363"}],"curies":[{"name":"wp","href":"https:\/\/api.w.org\/{rel}","templated":true}]}}