{"id":258525,"date":"2024-05-14T10:49:17","date_gmt":"2024-05-14T08:49:17","guid":{"rendered":"https:\/\/primalfocus.eu\/?post_type=product&#038;p=258525"},"modified":"2026-04-09T11:54:40","modified_gmt":"2026-04-09T09:54:40","slug":"cordyceps-kapseln","status":"publish","type":"product","link":"https:\/\/primalfocus.eu\/de\/cordyceps-capsules\/","title":{"rendered":"Cordyceps-Kapseln"},"content":{"rendered":"<p>Erleben Sie einen nat\u00fcrlichen Weg, um Ihre Energie, Ausdauer und Lungengesundheit mit Cordyceps-Erg\u00e4nzungsmitteln von Primal Focus zu steigern. Diese hochwirksamen Nahrungserg\u00e4nzungsmittel eignen sich perfekt f\u00fcr einen aktiven Lebensstil und sorgen f\u00fcr Klarheit und Ausdauer ohne Koffein oder Abst\u00fcrze. Jede Kapsel enth\u00e4lt einen kraftvollen Extrakt aus 100% organischen Fruchtk\u00f6rpern, der sicherstellt, dass Sie das volle Spektrum an Wirkstoffen ohne F\u00fcllstoffe oder Zus\u00e4tze erhalten.<\/p>\n<div style=\"background-color: #eff5e6; padding: 20px; border-radius: 12px; font-family: Montserrat, sans-serif; font-size: 15px; color: #333; line-height: 1.6;\">\n<ul style=\"list-style: none; padding: 0; margin: 0;\">\n<li style=\"margin-bottom: 8px;\">\u2705 <strong>90 Kapseln<\/strong> pro Beutel (Vorrat f\u00fcr 1-3 Monate)<\/li>\n<li style=\"margin-bottom: 8px;\">\u2705 <strong>100% Fruchtk\u00f6rper-Extrakt<\/strong> - keine F\u00fcllstoffe<\/li>\n<li style=\"margin-bottom: 8px;\">\u2705 <strong>Hochkonzentrierte Konzentration<\/strong> f\u00fcr echte Ergebnisse<\/li>\n<li style=\"margin-bottom: 8px;\">\u2705 <strong>Biologisch angebaut<\/strong> Cordyceps (Cordyceps militaris)<\/li>\n<li style=\"margin-bottom: 8px;\">\u2705 <strong>Vegan, glutenfrei, nicht gentechnisch ver\u00e4ndert<\/strong><\/li>\n<\/ul>\n<\/div>\n<h2>Was ist Cordyceps?<\/h2>\n<p>Cordyceps ist ein adaptogenes Mittel <a href=\"\/de\/%e2%80%9dhttps%3a\/\/primalfocus.eu\/produkt-kategorie\/funktionelle-pilze-2\/%e2%80%9d\/\">Pilz<\/a> wird in der chinesischen Medizin traditionell zur Unterst\u00fctzung von Energie, Ausdauer und Erholung verwendet. Er hilft dem K\u00f6rper, den Sauerstoff effizienter zu nutzen und kann das ATP, die nat\u00fcrliche Energiequelle des K\u00f6rpers, erh\u00f6hen. Als Adaptogen arbeitet der Cordyceps mit dem K\u00f6rper zusammen, um ihn dabei zu unterst\u00fctzen, auf k\u00f6rperlichen und geistigen Stress in ausgewogener Weise zu reagieren.<\/p>\n<h2>Was sind die Vorteile von Cordyceps?<\/h2>\n<p>Der Cordyceps bietet eine breite Palette an nat\u00fcrlichen Vorteilen, die Energie, Leistung und Wohlbefinden f\u00f6rdern. Er wird h\u00e4ufig von Sportlern und Menschen mit einem aktiven oder anspruchsvollen Lebensstil verwendet. Die wichtigsten Vorteile sind:<\/p>\n<ul>\n<li>Unterst\u00fctzt die nat\u00fcrliche Energie und Vitalit\u00e4t durch die ATP-Produktion<\/li>\n<li>Verbessert die Sauerstoffausbeute bei Sport und Stress<\/li>\n<li>Verbessert die Ausdauer und hilft, M\u00fcdigkeit zu verringern<\/li>\n<li>Unterst\u00fctzt das Gleichgewicht und die Abwehrkr\u00e4fte des Immunsystems<\/li>\n<li>F\u00f6rdert die Gesundheit der Atemwege und die Lungenkapazit\u00e4t<\/li>\n<\/ul>\n<h2>Wer sollte Cordyceps einnehmen?<\/h2>\n<p>Cordyceps ist ideal f\u00fcr alle, die einen sauberen, nat\u00fcrlichen Energieschub w\u00fcnschen, ohne auf Stimulanzien angewiesen zu sein. Er eignet sich besonders f\u00fcr Sportler, vielbesch\u00e4ftigte Berufst\u00e4tige und Menschen, die ihre Lunge, ihr Immunsystem und die Erholung nach dem Sport unterst\u00fctzen wollen. Cordyceps kann auch f\u00fcr Menschen von Vorteil sein, die sich energielos f\u00fchlen oder Schwierigkeiten haben, sich w\u00e4hrend des Tages zu konzentrieren.<\/p>\n<h2>Wie sollte ich es verwenden?<\/h2>\n<p>Nehmen Sie 1 bis 3 Kapseln t\u00e4glich mit Wasser ein. Um die besten Ergebnisse zu erzielen, nehmen Sie Ihr Cordyceps-Pr\u00e4parat morgens ein, um das Energieniveau w\u00e4hrend des Tages zu unterst\u00fctzen. Wenn Sie aktiv sind oder Sport treiben, kann die Einnahme 30 Minuten vor dem Training die Leistung und Ausdauer verbessern.<\/p>\n<h2>Wie schnell werde ich Auswirkungen bemerken?<\/h2>\n<p>Viele Anwender sp\u00fcren schon nach wenigen Tagen einen leichten Energiezuwachs. Um die volle Wirkung zu erzielen, wie z.B. eine erh\u00f6hte Ausdauer und Immununterst\u00fctzung, wird eine konsequente t\u00e4gliche Einnahme \u00fcber 2 bis 4 Wochen empfohlen. Da der Cordyceps allm\u00e4hlich wirkt, bringt eine langfristige Einnahme die besten Ergebnisse.<\/p>\n<div style=\"margin-top: 20px; background-color: #eff5e6; padding: 16px; border-radius: 8px; border: 1px solid #dbeac7; font-family: Montserrat, sans-serif; font-size: 14px;\">\n<h2>Wichtige Hinweise (sorgf\u00e4ltig lesen)<\/h2>\n<ul>\n<li>Nicht geeignet f\u00fcr Kinder, w\u00e4hrend der Schwangerschaft oder Stillzeit<\/li>\n<li>Konsultieren Sie vor der Anwendung einen Arzt, wenn Sie Medikamente einnehmen oder an einer Krankheit leiden<\/li>\n<li>Dieses Produkt ist eine Erg\u00e4nzung und kein Ersatz f\u00fcr eine gesunde Lebensweise oder Ern\u00e4hrung<\/li>\n<li>K\u00fchl, trocken, vor direkter Sonneneinstrahlung gesch\u00fctzt und au\u00dferhalb der Reichweite von Kindern aufbewahren<\/li>\n<li>Veganerfreundlich und frei von k\u00fcnstlichen Zusatzstoffen<\/li>\n<li>Enth\u00e4lt nur reinen, leistungsstarken Cordyceps-Extrakt<\/li>\n<\/ul>\n<\/div>","protected":false},"excerpt":{"rendered":"<p>Experience a natural way to boost your energy, stamina and lung health with Cordyceps supplements by Primal Focus. Perfect for [&hellip;]<\/p>\n","protected":false},"featured_media":870321,"comment_status":"open","ping_status":"closed","template":"","meta":{"site-sidebar-layout":"default","site-content-layout":"default","ast-site-content-layout":"default","site-content-style":"default","site-sidebar-style":"default","ast-global-header-display":"","ast-banner-title-visibility":"","ast-main-header-display":"","ast-hfb-above-header-display":"","ast-hfb-below-header-display":"","ast-hfb-mobile-header-display":"","site-post-title":"","ast-breadcrumbs-content":"","ast-featured-img":"","footer-sml-layout":"","ast-disable-related-posts":"","theme-transparent-header-meta":"default","adv-header-id-meta":"","stick-header-meta":"","header-above-stick-meta":"","header-main-stick-meta":"","header-below-stick-meta":"","astra-migrate-meta-layouts":"set","ast-page-background-enabled":"default","ast-page-background-meta":{"desktop":{"background-color":"","background-image":"","background-repeat":"repeat","background-position":"center center","background-size":"auto","background-attachment":"scroll","background-type":"","background-media":"","overlay-type":"","overlay-color":"","overlay-opacity":"","overlay-gradient":""},"tablet":{"background-color":"","background-image":"","background-repeat":"repeat","background-position":"center center","background-size":"auto","background-attachment":"scroll","background-type":"","background-media":"","overlay-type":"","overlay-color":"","overlay-opacity":"","overlay-gradient":""},"mobile":{"background-color":"","background-image":"","background-repeat":"repeat","background-position":"center center","background-size":"auto","background-attachment":"scroll","background-type":"","background-media":"","overlay-type":"","overlay-color":"","overlay-opacity":"","overlay-gradient":""}},"ast-content-background-meta":{"desktop":{"background-color":"var(--ast-global-color-5)","background-image":"","background-repeat":"repeat","background-position":"center center","background-size":"auto","background-attachment":"scroll","background-type":"","background-media":"","overlay-type":"","overlay-color":"","overlay-opacity":"","overlay-gradient":""},"tablet":{"background-color":"var(--ast-global-color-5)","background-image":"","background-repeat":"repeat","background-position":"center center","background-size":"auto","background-attachment":"scroll","background-type":"","background-media":"","overlay-type":"","overlay-color":"","overlay-opacity":"","overlay-gradient":""},"mobile":{"background-color":"var(--ast-global-color-5)","background-image":"","background-repeat":"repeat","background-position":"center center","background-size":"auto","background-attachment":"scroll","background-type":"","background-media":"","overlay-type":"","overlay-color":"","overlay-opacity":"","overlay-gradient":""}}},"product_brand":[129],"product_cat":[108],"product_tag":[],"class_list":{"0":"post-258525","1":"product","2":"type-product","3":"status-publish","4":"has-post-thumbnail","6":"product_brand-primal-focus","7":"product_cat-functional-mushrooms","8":"product_shipping_class-brievenbus-pakje","9":"desktop-align-center","10":"tablet-align-left","11":"mobile-align-left","13":"first","14":"instock","15":"taxable","16":"shipping-taxable","17":"purchasable","18":"product-type-simple"},"yoast_head":"<!-- This site is optimized with the Yoast SEO plugin v27.3 - https:\/\/yoast.com\/product\/yoast-seo-wordpress\/ -->\n<title>Cordyceps supplement: natural energy, stamina and lung support<\/title>\n<meta name=\"description\" content=\"Discover the Cordyceps supplement by Primal Focus. 100% fruiting body extract for natural energy, endurance and recovery. Organic, vegan and filler-free.\" \/>\n<meta name=\"robots\" content=\"index, follow, max-snippet:-1, max-image-preview:large, max-video-preview:-1\" \/>\n<link rel=\"canonical\" href=\"https:\/\/primalfocus.eu\/de\/cordyceps-kapseln\/\" \/>\n<meta property=\"og:locale\" content=\"de_DE\" \/>\n<meta property=\"og:type\" content=\"article\" \/>\n<meta property=\"og:title\" content=\"Cordyceps supplement: natural energy, stamina and lung support\" \/>\n<meta property=\"og:description\" content=\"Discover the Cordyceps supplement by Primal Focus. 100% fruiting body extract for natural energy, endurance and recovery. Organic, vegan and filler-free.\" \/>\n<meta property=\"og:url\" content=\"https:\/\/primalfocus.eu\/de\/cordyceps-kapseln\/\" \/>\n<meta property=\"og:site_name\" content=\"Primal Focus\" \/>\n<meta property=\"article:publisher\" content=\"https:\/\/www.facebook.com\/profile.php?id=61575377667059\" \/>\n<meta property=\"article:modified_time\" content=\"2026-04-09T09:54:40+00:00\" \/>\n<meta property=\"og:image\" content=\"https:\/\/primalfocus.eu\/wp-content\/uploads\/2024\/05\/Cordyceps-Capsules-primalfocus.eu_.webp\" \/>\n\t<meta property=\"og:image:width\" content=\"1080\" \/>\n\t<meta property=\"og:image:height\" content=\"1080\" \/>\n\t<meta property=\"og:image:type\" content=\"image\/webp\" \/>\n<meta name=\"twitter:card\" content=\"summary_large_image\" \/>\n<meta name=\"twitter:site\" content=\"@primalfocus_eu\" \/>\n<meta name=\"twitter:label1\" content=\"Gesch\u00e4tzte Lesezeit\" \/>\n\t<meta name=\"twitter:data1\" content=\"3\u00a0Minuten\" \/>\n<script type=\"application\/ld+json\" class=\"yoast-schema-graph\">{\"@context\":\"https:\\\/\\\/schema.org\",\"@graph\":[{\"@type\":\"WebPage\",\"@id\":\"https:\\\/\\\/primalfocus.eu\\\/de\\\/cordyceps-capsules\\\/\",\"url\":\"https:\\\/\\\/primalfocus.eu\\\/de\\\/cordyceps-capsules\\\/\",\"name\":\"Cordyceps supplement: natural energy, stamina and lung support\",\"isPartOf\":{\"@id\":\"https:\\\/\\\/primalfocus.eu\\\/de\\\/#website\"},\"primaryImageOfPage\":{\"@id\":\"https:\\\/\\\/primalfocus.eu\\\/de\\\/cordyceps-capsules\\\/#primaryimage\"},\"image\":{\"@id\":\"https:\\\/\\\/primalfocus.eu\\\/de\\\/cordyceps-capsules\\\/#primaryimage\"},\"thumbnailUrl\":\"https:\\\/\\\/primalfocus.eu\\\/wp-content\\\/uploads\\\/2024\\\/05\\\/Cordyceps-Capsules-primalfocus.eu_.webp\",\"datePublished\":\"2024-05-14T08:49:17+00:00\",\"dateModified\":\"2026-04-09T09:54:40+00:00\",\"description\":\"Discover the Cordyceps supplement by Primal Focus. 100% fruiting body extract for natural energy, endurance and recovery. Organic, vegan and filler-free.\",\"breadcrumb\":{\"@id\":\"https:\\\/\\\/primalfocus.eu\\\/de\\\/cordyceps-capsules\\\/#breadcrumb\"},\"inLanguage\":\"de\",\"potentialAction\":[{\"@type\":\"ReadAction\",\"target\":[\"https:\\\/\\\/primalfocus.eu\\\/de\\\/cordyceps-capsules\\\/\"]}]},{\"@type\":\"ImageObject\",\"inLanguage\":\"de\",\"@id\":\"https:\\\/\\\/primalfocus.eu\\\/de\\\/cordyceps-capsules\\\/#primaryimage\",\"url\":\"https:\\\/\\\/primalfocus.eu\\\/wp-content\\\/uploads\\\/2024\\\/05\\\/Cordyceps-Capsules-primalfocus.eu_.webp\",\"contentUrl\":\"https:\\\/\\\/primalfocus.eu\\\/wp-content\\\/uploads\\\/2024\\\/05\\\/Cordyceps-Capsules-primalfocus.eu_.webp\",\"width\":1080,\"height\":1080,\"caption\":\"Cordyceps Capsules primalfocus.eu\"},{\"@type\":\"BreadcrumbList\",\"@id\":\"https:\\\/\\\/primalfocus.eu\\\/de\\\/cordyceps-capsules\\\/#breadcrumb\",\"itemListElement\":[{\"@type\":\"ListItem\",\"position\":1,\"name\":\"Home\",\"item\":\"https:\\\/\\\/primalfocus.eu\\\/\"},{\"@type\":\"ListItem\",\"position\":2,\"name\":\"Shop\",\"item\":\"https:\\\/\\\/primalfocus.eu\\\/products\\\/\"},{\"@type\":\"ListItem\",\"position\":3,\"name\":\"Functional Mushrooms\",\"item\":\"https:\\\/\\\/primalfocus.eu\\\/functional-mushrooms\\\/\"},{\"@type\":\"ListItem\",\"position\":4,\"name\":\"Cordyceps Capsules\"}]},{\"@type\":\"WebSite\",\"@id\":\"https:\\\/\\\/primalfocus.eu\\\/de\\\/#website\",\"url\":\"https:\\\/\\\/primalfocus.eu\\\/de\\\/\",\"name\":\"Primal Focus\",\"description\":\"Buy legal psychedelics online\",\"publisher\":{\"@id\":\"https:\\\/\\\/primalfocus.eu\\\/de\\\/#organization\"},\"potentialAction\":[{\"@type\":\"SearchAction\",\"target\":{\"@type\":\"EntryPoint\",\"urlTemplate\":\"https:\\\/\\\/primalfocus.eu\\\/de\\\/?s={search_term_string}\"},\"query-input\":{\"@type\":\"PropertyValueSpecification\",\"valueRequired\":true,\"valueName\":\"search_term_string\"}}],\"inLanguage\":\"de\"},{\"@type\":\"Organization\",\"@id\":\"https:\\\/\\\/primalfocus.eu\\\/de\\\/#organization\",\"name\":\"Primal Focus\",\"alternateName\":\"primalfocus.eu\",\"url\":\"https:\\\/\\\/primalfocus.eu\\\/de\\\/\",\"logo\":{\"@type\":\"ImageObject\",\"inLanguage\":\"de\",\"@id\":\"https:\\\/\\\/primalfocus.eu\\\/de\\\/#\\\/schema\\\/logo\\\/image\\\/\",\"url\":\"https:\\\/\\\/primalfocus.eu\\\/wp-content\\\/uploads\\\/2025\\\/11\\\/primal-focus-logo-header.svg\",\"contentUrl\":\"https:\\\/\\\/primalfocus.eu\\\/wp-content\\\/uploads\\\/2025\\\/11\\\/primal-focus-logo-header.svg\",\"caption\":\"Primal Focus\"},\"image\":{\"@id\":\"https:\\\/\\\/primalfocus.eu\\\/de\\\/#\\\/schema\\\/logo\\\/image\\\/\"},\"sameAs\":[\"https:\\\/\\\/www.facebook.com\\\/profile.php?id=61575377667059\",\"https:\\\/\\\/x.com\\\/primalfocus_eu\",\"https:\\\/\\\/www.instagram.com\\\/primalfocus.store\\\/\"]}]}<\/script>\n<!-- \/ Yoast SEO plugin. -->","yoast_head_json":{"title":"Cordyceps kaufen | Kapseln f\u00fcr Energie &amp; Ausdauer","description":"Cordyceps Kapseln f\u00fcr mehr Energie und Ausdauer. Nat\u00fcrliche Unterst\u00fctzung f\u00fcr Leistung und Wohlbefinden. Jetzt online bestellen.","robots":{"index":"index","follow":"follow","max-snippet":"max-snippet:-1","max-image-preview":"max-image-preview:large","max-video-preview":"max-video-preview:-1"},"canonical":"https:\/\/primalfocus.eu\/de\/cordyceps-kapseln\/","og_locale":"de_DE","og_type":"article","og_title":"Cordyceps supplement: natural energy, stamina and lung support","og_description":"Discover the Cordyceps supplement by Primal Focus. 100% fruiting body extract for natural energy, endurance and recovery. Organic, vegan and filler-free.","og_url":"https:\/\/primalfocus.eu\/de\/cordyceps-kapseln\/","og_site_name":"Primal Focus","article_publisher":"https:\/\/www.facebook.com\/profile.php?id=61575377667059","article_modified_time":"2026-04-09T09:54:40+00:00","og_image":[{"width":1080,"height":1080,"url":"https:\/\/primalfocus.eu\/wp-content\/uploads\/2024\/05\/Cordyceps-Capsules-primalfocus.eu_.webp","type":"image\/webp"}],"twitter_card":"summary_large_image","twitter_site":"@primalfocus_eu","twitter_misc":{"Gesch\u00e4tzte Lesezeit":"3\u00a0Minuten"},"schema":{"@context":"https:\/\/schema.org","@graph":[{"@type":"WebPage","@id":"https:\/\/primalfocus.eu\/de\/cordyceps-capsules\/","url":"https:\/\/primalfocus.eu\/de\/cordyceps-capsules\/","name":"Cordyceps kaufen | Kapseln f\u00fcr Energie &amp; Ausdauer","isPartOf":{"@id":"https:\/\/primalfocus.eu\/de\/#website"},"primaryImageOfPage":{"@id":"https:\/\/primalfocus.eu\/de\/cordyceps-capsules\/#primaryimage"},"image":{"@id":"https:\/\/primalfocus.eu\/de\/cordyceps-capsules\/#primaryimage"},"thumbnailUrl":"https:\/\/primalfocus.eu\/wp-content\/uploads\/2024\/05\/Cordyceps-Capsules-primalfocus.eu_.webp","datePublished":"2024-05-14T08:49:17+00:00","dateModified":"2026-04-09T09:54:40+00:00","description":"Cordyceps Kapseln f\u00fcr mehr Energie und Ausdauer. Nat\u00fcrliche Unterst\u00fctzung f\u00fcr Leistung und Wohlbefinden. Jetzt online bestellen.","breadcrumb":{"@id":"https:\/\/primalfocus.eu\/de\/cordyceps-capsules\/#breadcrumb"},"inLanguage":"de","potentialAction":[{"@type":"ReadAction","target":["https:\/\/primalfocus.eu\/de\/cordyceps-capsules\/"]}]},{"@type":"ImageObject","inLanguage":"de","@id":"https:\/\/primalfocus.eu\/de\/cordyceps-capsules\/#primaryimage","url":"https:\/\/primalfocus.eu\/wp-content\/uploads\/2024\/05\/Cordyceps-Capsules-primalfocus.eu_.webp","contentUrl":"https:\/\/primalfocus.eu\/wp-content\/uploads\/2024\/05\/Cordyceps-Capsules-primalfocus.eu_.webp","width":1080,"height":1080,"caption":"Cordyceps Capsules primalfocus.eu"},{"@type":"BreadcrumbList","@id":"https:\/\/primalfocus.eu\/de\/cordyceps-capsules\/#breadcrumb","itemListElement":[{"@type":"ListItem","position":1,"name":"Home","item":"https:\/\/primalfocus.eu\/"},{"@type":"ListItem","position":2,"name":"Shop","item":"https:\/\/primalfocus.eu\/products\/"},{"@type":"ListItem","position":3,"name":"Functional Mushrooms","item":"https:\/\/primalfocus.eu\/functional-mushrooms\/"},{"@type":"ListItem","position":4,"name":"Cordyceps Capsules"}]},{"@type":"WebSite","@id":"https:\/\/primalfocus.eu\/de\/#website","url":"https:\/\/primalfocus.eu\/de\/","name":"Primal Focus","description":"Legale Psychedelika online kaufen","publisher":{"@id":"https:\/\/primalfocus.eu\/de\/#organization"},"potentialAction":[{"@type":"SearchAction","target":{"@type":"EntryPoint","urlTemplate":"https:\/\/primalfocus.eu\/de\/?s={search_term_string}"},"query-input":{"@type":"PropertyValueSpecification","valueRequired":true,"valueName":"search_term_string"}}],"inLanguage":"de"},{"@type":"Organization","@id":"https:\/\/primalfocus.eu\/de\/#organization","name":"Primal Focus","alternateName":"primalfocus.eu","url":"https:\/\/primalfocus.eu\/de\/","logo":{"@type":"ImageObject","inLanguage":"de","@id":"https:\/\/primalfocus.eu\/de\/#\/schema\/logo\/image\/","url":"https:\/\/primalfocus.eu\/wp-content\/uploads\/2025\/11\/primal-focus-logo-header.svg","contentUrl":"https:\/\/primalfocus.eu\/wp-content\/uploads\/2025\/11\/primal-focus-logo-header.svg","caption":"Primal Focus"},"image":{"@id":"https:\/\/primalfocus.eu\/de\/#\/schema\/logo\/image\/"},"sameAs":["https:\/\/www.facebook.com\/profile.php?id=61575377667059","https:\/\/x.com\/primalfocus_eu","https:\/\/www.instagram.com\/primalfocus.store\/"]}]}},"jetpack_sharing_enabled":true,"_links":{"self":[{"href":"https:\/\/primalfocus.eu\/de\/wp-json\/wp\/v2\/product\/258525","targetHints":{"allow":["GET"]}}],"collection":[{"href":"https:\/\/primalfocus.eu\/de\/wp-json\/wp\/v2\/product"}],"about":[{"href":"https:\/\/primalfocus.eu\/de\/wp-json\/wp\/v2\/types\/product"}],"replies":[{"embeddable":true,"href":"https:\/\/primalfocus.eu\/de\/wp-json\/wp\/v2\/comments?post=258525"}],"wp:featuredmedia":[{"embeddable":true,"href":"https:\/\/primalfocus.eu\/de\/wp-json\/wp\/v2\/media\/870321"}],"wp:attachment":[{"href":"https:\/\/primalfocus.eu\/de\/wp-json\/wp\/v2\/media?parent=258525"}],"wp:term":[{"taxonomy":"product_brand","embeddable":true,"href":"https:\/\/primalfocus.eu\/de\/wp-json\/wp\/v2\/product_brand?post=258525"},{"taxonomy":"product_cat","embeddable":true,"href":"https:\/\/primalfocus.eu\/de\/wp-json\/wp\/v2\/product_cat?post=258525"},{"taxonomy":"product_tag","embeddable":true,"href":"https:\/\/primalfocus.eu\/de\/wp-json\/wp\/v2\/product_tag?post=258525"}],"curies":[{"name":"wp","href":"https:\/\/api.w.org\/{rel}","templated":true}]}}