{"id":862994,"date":"2025-09-11T15:48:11","date_gmt":"2025-09-11T13:48:11","guid":{"rendered":"https:\/\/primalfocus.eu\/?page_id=862994"},"modified":"2026-02-24T10:31:50","modified_gmt":"2026-02-24T09:31:50","slug":"instagram-folgen","status":"publish","type":"page","link":"https:\/\/primalfocus.eu\/de\/instagram-follow\/","title":{"rendered":"instagram-follow"},"content":{"rendered":"<div data-elementor-type=\"wp-page\" data-elementor-id=\"862994\" class=\"elementor elementor-862994\" data-elementor-post-type=\"page\">\n\t\t\t\t\t\t<section class=\"elementor-section elementor-top-section elementor-element elementor-element-ed35cf8 elementor-section-height-min-height elementor-section-content-middle elementor-reverse-mobile elementor-section-boxed elementor-section-height-default elementor-section-items-middle\" data-id=\"ed35cf8\" data-element_type=\"section\" data-e-type=\"section\" data-settings=\"{&quot;background_background&quot;:&quot;classic&quot;}\">\n\t\t\t\t\t\t\t<div class=\"elementor-background-overlay\"><\/div>\n\t\t\t\t\t\t\t<div class=\"elementor-container elementor-column-gap-no\">\n\t\t\t\t\t<div class=\"elementor-column elementor-col-50 elementor-top-column elementor-element elementor-element-a12b607\" data-id=\"a12b607\" data-element_type=\"column\" data-e-type=\"column\">\n\t\t\t<div class=\"elementor-widget-wrap elementor-element-populated\">\n\t\t\t\t\t\t<div class=\"elementor-element elementor-element-308476f elementor-hidden-mobile elementor-widget elementor-widget-image\" data-id=\"308476f\" data-element_type=\"widget\" data-e-type=\"widget\" data-widget_type=\"image.default\">\n\t\t\t\t<div class=\"elementor-widget-container\">\n\t\t\t\t\t\t\t\t\t\t\t\t\t\t\t<img decoding=\"async\" width=\"200\" height=\"50\" src=\"https:\/\/primalfocus.eu\/wp-content\/uploads\/2025\/06\/Primal-Focus-Logo.svg\" class=\"attachment-full size-full wp-image-720755\" alt=\"Primal Focus Logo\" \/>\t\t\t\t\t\t\t\t\t\t\t\t\t\t\t<\/div>\n\t\t\t\t<\/div>\n\t\t\t\t<div class=\"elementor-element elementor-element-d252b68 elementor-hidden-mobile elementor-widget elementor-widget-heading\" data-id=\"d252b68\" data-element_type=\"widget\" data-e-type=\"widget\" data-widget_type=\"heading.default\">\n\t\t\t\t<div class=\"elementor-widget-container\">\n\t\t\t\t\t<h2 class=\"elementor-heading-title elementor-size-default\">Vielen Dank f\u00fcr Ihr Interesse!<\/h2>\t\t\t\t<\/div>\n\t\t\t\t<\/div>\n\t\t\t\t<div class=\"elementor-element elementor-element-c625539 elementor-hidden-mobile elementor-widget elementor-widget-text-editor\" data-id=\"c625539\" data-element_type=\"widget\" data-e-type=\"widget\" data-widget_type=\"text-editor.default\">\n\t\t\t\t<div class=\"elementor-widget-container\">\n\t\t\t\t\t\t\t\t\t<p>Dieses Angebot ist g\u00fcltig f\u00fcr die n\u00e4chsten <strong data-start=\"257\" data-end=\"274\">Nur 24 Stunden.<\/strong><\/p>\t\t\t\t\t\t\t\t<\/div>\n\t\t\t\t<\/div>\n\t\t\t\t<div class=\"elementor-element elementor-element-c546f84 elementor-mobile-align-center elementor-widget elementor-widget-button\" data-id=\"c546f84\" data-element_type=\"widget\" data-e-type=\"widget\" data-widget_type=\"button.default\">\n\t\t\t\t<div class=\"elementor-widget-container\">\n\t\t\t\t\t\t\t\t\t<div class=\"elementor-button-wrapper\">\n\t\t\t\t\t<a class=\"elementor-button elementor-button-link elementor-size-sm\" href=\"https:\/\/primalfocus.eu\/de\/produkte\/\">\n\t\t\t\t\t\t<span class=\"elementor-button-content-wrapper\">\n\t\t\t\t\t\t<span class=\"elementor-button-icon\">\n\t\t\t\t<svg aria-hidden=\"true\" class=\"e-font-icon-svg e-fas-shopping-basket\" viewbox=\"0 0 576 512\" xmlns=\"http:\/\/www.w3.org\/2000\/svg\"><path d=\"M576 216v16c0 13.255-10.745 24-24 24h-8l-26.113 182.788C514.509 462.435 494.257 480 470.37 480H105.63c-23.887 0-44.139-17.565-47.518-41.212L32 256h-8c-13.255 0-24-10.745-24-24v-16c0-13.255 10.745-24 24-24h67.341l106.78-146.821c10.395-14.292 30.407-17.453 44.701-7.058 14.293 10.395 17.453 30.408 7.058 44.701L170.477 192h235.046L326.12 82.821c-10.395-14.292-7.234-34.306 7.059-44.701 14.291-10.395 34.306-7.235 44.701 7.058L484.659 192H552c13.255 0 24 10.745 24 24zM312 392V280c0-13.255-10.745-24-24-24s-24 10.745-24 24v112c0 13.255 10.745 24 24 24s24-10.745 24-24zm112 0V280c0-13.255-10.745-24-24-24s-24 10.745-24 24v112c0 13.255 10.745 24 24 24s24-10.745 24-24zm-224 0V280c0-13.255-10.745-24-24-24s-24 10.745-24 24v112c0 13.255 10.745 24 24 24s24-10.745 24-24z\"><\/path><\/svg>\t\t\t<\/span>\n\t\t\t\t\t\t\t\t\t<span class=\"elementor-button-text\">Jetzt anzeigen<\/span>\n\t\t\t\t\t<\/span>\n\t\t\t\t\t<\/a>\n\t\t\t\t<\/div>\n\t\t\t\t\t\t\t\t<\/div>\n\t\t\t\t<\/div>\n\t\t\t\t\t<\/div>\n\t\t<\/div>\n\t\t\t\t<div class=\"elementor-column elementor-col-50 elementor-top-column elementor-element elementor-element-8124e72\" data-id=\"8124e72\" data-element_type=\"column\" data-e-type=\"column\">\n\t\t\t<div class=\"elementor-widget-wrap elementor-element-populated\">\n\t\t\t\t\t\t<div class=\"elementor-element elementor-element-5590162 elementor-widget elementor-widget-image\" data-id=\"5590162\" data-element_type=\"widget\" data-e-type=\"widget\" data-widget_type=\"image.default\">\n\t\t\t\t<div class=\"elementor-widget-container\">\n\t\t\t\t\t\t\t\t\t\t\t\t\t\t\t\t<a href=\"https:\/\/primalfocus.eu\/de\/produkte\/\">\n\t\t\t\t\t\t\t<img fetchpriority=\"high\" decoding=\"async\" width=\"1024\" height=\"1024\" src=\"https:\/\/primalfocus.eu\/wp-content\/uploads\/2025\/04\/Hollandia-Inner-Journey-1024x1024.webp\" class=\"attachment-large size-large wp-image-674597\" alt=\"Hollandia Innere Reise\" srcset=\"https:\/\/primalfocus.eu\/wp-content\/uploads\/2025\/04\/Hollandia-Inner-Journey-1024x1024.webp 1024w, https:\/\/primalfocus.eu\/wp-content\/uploads\/2025\/04\/Hollandia-Inner-Journey-300x300.webp 300w, https:\/\/primalfocus.eu\/wp-content\/uploads\/2025\/04\/Hollandia-Inner-Journey-150x150.webp 150w, https:\/\/primalfocus.eu\/wp-content\/uploads\/2025\/04\/Hollandia-Inner-Journey-768x768.webp 768w, https:\/\/primalfocus.eu\/wp-content\/uploads\/2025\/04\/Hollandia-Inner-Journey-12x12.webp 12w, https:\/\/primalfocus.eu\/wp-content\/uploads\/2025\/04\/Hollandia-Inner-Journey-605x605.webp 605w, https:\/\/primalfocus.eu\/wp-content\/uploads\/2025\/04\/Hollandia-Inner-Journey-600x600.webp 600w, https:\/\/primalfocus.eu\/wp-content\/uploads\/2025\/04\/Hollandia-Inner-Journey-100x100.webp 100w, https:\/\/primalfocus.eu\/wp-content\/uploads\/2025\/04\/Hollandia-Inner-Journey.webp 1080w\" sizes=\"(max-width: 1024px) 100vw, 1024px\" \/>\t\t\t\t\t\t\t\t<\/a>\n\t\t\t\t\t\t\t\t\t\t\t\t\t\t\t<\/div>\n\t\t\t\t<\/div>\n\t\t\t\t<div class=\"elementor-element elementor-element-8457c0a elementor-widget elementor-widget-heading\" data-id=\"8457c0a\" data-element_type=\"widget\" data-e-type=\"widget\" data-widget_type=\"heading.default\">\n\t\t\t\t<div class=\"elementor-widget-container\">\n\t\t\t\t\t<h2 class=\"elementor-heading-title elementor-size-default\">15% Jetzt aus!<\/h2>\t\t\t\t<\/div>\n\t\t\t\t<\/div>\n\t\t\t\t<div class=\"elementor-element elementor-element-bee5e6d elementor-widget elementor-widget-html\" data-id=\"bee5e6d\" data-element_type=\"widget\" data-e-type=\"widget\" data-widget_type=\"html.default\">\n\t\t\t\t<div class=\"elementor-widget-container\">\n\t\t\t\t\t<div class=\"coupon-wrapper\" onclick=\"copyCouponCode()\">\r\n  <div class=\"coupon-header\">\r\n    <span class=\"coupon-text\">Verwenden Sie diesen Rabattcode:<\/span>\r\n  <\/div>\r\n  \r\n  <div class=\"coupon-card\">\r\n    <span id=\"coupon-code\">insta15<\/span>\r\n  <\/div>\r\n  \r\n  <div class=\"coupon-footer\">\r\n    <span class=\"click-to-copy\">Zum Kopieren anklicken<\/span>\r\n  <\/div>\r\n<\/div>\r\n\r\n<style>\r\n.coupon-wrapper {\r\n  text-align: center;\r\n  font-family: Montserrat, sans-serif;\r\n  cursor: pointer;\r\n  margin: 20px auto;\r\n  max-width: 300px;\r\n}\r\n\r\n.coupon-header {\r\n  color: #fff; \/* white text above border *\/\r\n  margin-bottom: 10px;\r\n  font-size: 16px;\r\n}\r\n\r\n.coupon-footer {\r\n  color: #fff; \/* white text outside border *\/\r\n  margin: 10px 0;\r\n  font-size: 16px;\r\n}\r\n\r\n.coupon-card {\r\n  border: 4px dashed #fff; \/* white dashed border *\/\r\n  border-radius: 12px;\r\n  padding: 15px 25px;\r\n  display: inline-block;\r\n  background: rgba(255, 255, 255, 0.15); \/* slightly stronger transparent white *\/\r\n  transition: transform 0.2s ease;\r\n}\r\n\r\n.coupon-wrapper:hover .coupon-card {\r\n  transform: scale(1.05);\r\n}\r\n\r\n#coupon-code {\r\n  font-size: 22px;\r\n  font-weight: bold;\r\n  color: #fff; \/* white coupon text *\/\r\n  letter-spacing: 1px;\r\n}\r\n<\/style>\r\n\r\n<script>\r\nfunction copyCouponCode() {\r\n  const code = document.getElementById(\"coupon-code\").innerText;\r\n  navigator.clipboard.writeText(code).then(() => {\r\n    const footer = document.querySelector(\".click-to-copy\");\r\n    footer.innerText = \"Copied!\";\r\n    setTimeout(() => {\r\n      footer.innerText = \"Click to copy\";\r\n    }, 2000);\r\n  });\r\n}\r\n<\/script>\r\n\t\t\t\t<\/div>\n\t\t\t\t<\/div>\n\t\t\t\t\t<\/div>\n\t\t<\/div>\n\t\t\t\t\t<\/div>\n\t\t<\/section>\n\t\t\t\t<\/div>","protected":false},"excerpt":{"rendered":"<p>Thanks for your follow! This offer is valid for the next 24 hours only. Show now 15% Off Now! Use [&hellip;]<\/p>\n","protected":false},"author":1,"featured_media":0,"parent":0,"menu_order":0,"comment_status":"closed","ping_status":"closed","template":"","meta":{"site-sidebar-layout":"no-sidebar","site-content-layout":"page-builder","ast-site-content-layout":"full-width-container","site-content-style":"default","site-sidebar-style":"default","ast-global-header-display":"","ast-banner-title-visibility":"","ast-main-header-display":"disabled","ast-hfb-above-header-display":"","ast-hfb-below-header-display":"disabled","ast-hfb-mobile-header-display":"disabled","site-post-title":"disabled","ast-breadcrumbs-content":"","ast-featured-img":"disabled","footer-sml-layout":"","ast-disable-related-posts":"","theme-transparent-header-meta":"","adv-header-id-meta":"","stick-header-meta":"","header-above-stick-meta":"","header-main-stick-meta":"","header-below-stick-meta":"","astra-migrate-meta-layouts":"set","ast-page-background-enabled":"default","ast-page-background-meta":{"desktop":{"background-color":"","background-image":"","background-repeat":"repeat","background-position":"center center","background-size":"auto","background-attachment":"scroll","background-type":"","background-media":"","overlay-type":"","overlay-color":"","overlay-gradient":""},"tablet":{"background-color":"","background-image":"","background-repeat":"repeat","background-position":"center center","background-size":"auto","background-attachment":"scroll","background-type":"","background-media":"","overlay-type":"","overlay-color":"","overlay-gradient":""},"mobile":{"background-color":"","background-image":"","background-repeat":"repeat","background-position":"center center","background-size":"auto","background-attachment":"scroll","background-type":"","background-media":"","overlay-type":"","overlay-color":"","overlay-gradient":""}},"ast-content-background-meta":{"desktop":{"background-color":"var(--ast-global-color-5)","background-image":"","background-repeat":"repeat","background-position":"center center","background-size":"auto","background-attachment":"scroll","background-type":"","background-media":"","overlay-type":"","overlay-color":"","overlay-gradient":""},"tablet":{"background-color":"var(--ast-global-color-5)","background-image":"","background-repeat":"repeat","background-position":"center center","background-size":"auto","background-attachment":"scroll","background-type":"","background-media":"","overlay-type":"","overlay-color":"","overlay-gradient":""},"mobile":{"background-color":"var(--ast-global-color-5)","background-image":"","background-repeat":"repeat","background-position":"center center","background-size":"auto","background-attachment":"scroll","background-type":"","background-media":"","overlay-type":"","overlay-color":"","overlay-gradient":""}},"footnotes":""},"class_list":["post-862994","page","type-page","status-publish","hentry"],"yoast_head":"<!-- This site is optimized with the Yoast SEO plugin v27.4 - https:\/\/yoast.com\/product\/yoast-seo-wordpress\/ -->\n<title>instagram-follow - Primal Focus<\/title>\n<meta name=\"robots\" content=\"noindex, follow\" \/>\n<meta property=\"og:locale\" content=\"de_DE\" \/>\n<meta property=\"og:type\" content=\"article\" \/>\n<meta property=\"og:title\" content=\"instagram-follow - Primal Focus\" \/>\n<meta property=\"og:description\" content=\"Thanks for your follow! This offer is valid for the next 24 hours only. Show now 15% Off Now! Use [&hellip;]\" \/>\n<meta property=\"og:url\" content=\"https:\/\/primalfocus.eu\/de\/instagram-folgen\/\" \/>\n<meta property=\"og:site_name\" content=\"Primal Focus\" \/>\n<meta property=\"article:publisher\" content=\"https:\/\/www.facebook.com\/profile.php?id=61575377667059\" \/>\n<meta property=\"article:modified_time\" content=\"2026-02-24T09:31:50+00:00\" \/>\n<meta property=\"og:image\" content=\"https:\/\/primalfocus.eu\/wp-content\/uploads\/2025\/06\/Primal-Focus-Logo.svg?_t=1757599343\" \/>\n<meta name=\"twitter:card\" content=\"summary_large_image\" \/>\n<meta name=\"twitter:site\" content=\"@primalfocus_eu\" \/>\n<meta name=\"twitter:label1\" content=\"Gesch\u00e4tzte Lesezeit\" \/>\n\t<meta name=\"twitter:data1\" content=\"1\u00a0Minute\" \/>\n<script type=\"application\/ld+json\" class=\"yoast-schema-graph\">{\"@context\":\"https:\\\/\\\/schema.org\",\"@graph\":[{\"@type\":\"WebPage\",\"@id\":\"https:\\\/\\\/primalfocus.eu\\\/de\\\/instagram-follow\\\/\",\"url\":\"https:\\\/\\\/primalfocus.eu\\\/de\\\/instagram-follow\\\/\",\"name\":\"instagram-follow - Primal Focus\",\"isPartOf\":{\"@id\":\"https:\\\/\\\/primalfocus.eu\\\/de\\\/#website\"},\"primaryImageOfPage\":{\"@id\":\"https:\\\/\\\/primalfocus.eu\\\/de\\\/instagram-follow\\\/#primaryimage\"},\"image\":{\"@id\":\"https:\\\/\\\/primalfocus.eu\\\/de\\\/instagram-follow\\\/#primaryimage\"},\"thumbnailUrl\":\"https:\\\/\\\/primalfocus.eu\\\/wp-content\\\/uploads\\\/2025\\\/06\\\/Primal-Focus-Logo.svg?_t=1757599343\",\"datePublished\":\"2025-09-11T13:48:11+00:00\",\"dateModified\":\"2026-02-24T09:31:50+00:00\",\"breadcrumb\":{\"@id\":\"https:\\\/\\\/primalfocus.eu\\\/de\\\/instagram-follow\\\/#breadcrumb\"},\"inLanguage\":\"de\",\"potentialAction\":[{\"@type\":\"ReadAction\",\"target\":[\"https:\\\/\\\/primalfocus.eu\\\/de\\\/instagram-follow\\\/\"]}]},{\"@type\":\"ImageObject\",\"inLanguage\":\"de\",\"@id\":\"https:\\\/\\\/primalfocus.eu\\\/de\\\/instagram-follow\\\/#primaryimage\",\"url\":\"https:\\\/\\\/primalfocus.eu\\\/wp-content\\\/uploads\\\/2025\\\/06\\\/Primal-Focus-Logo.svg?_t=1757599343\",\"contentUrl\":\"https:\\\/\\\/primalfocus.eu\\\/wp-content\\\/uploads\\\/2025\\\/06\\\/Primal-Focus-Logo.svg?_t=1757599343\"},{\"@type\":\"BreadcrumbList\",\"@id\":\"https:\\\/\\\/primalfocus.eu\\\/de\\\/instagram-follow\\\/#breadcrumb\",\"itemListElement\":[{\"@type\":\"ListItem\",\"position\":1,\"name\":\"Home\",\"item\":\"https:\\\/\\\/primalfocus.eu\\\/\"},{\"@type\":\"ListItem\",\"position\":2,\"name\":\"instagram-follow\"}]},{\"@type\":\"WebSite\",\"@id\":\"https:\\\/\\\/primalfocus.eu\\\/de\\\/#website\",\"url\":\"https:\\\/\\\/primalfocus.eu\\\/de\\\/\",\"name\":\"Primal Focus\",\"description\":\"Buy legal psychedelics online\",\"publisher\":{\"@id\":\"https:\\\/\\\/primalfocus.eu\\\/de\\\/#organization\"},\"potentialAction\":[{\"@type\":\"SearchAction\",\"target\":{\"@type\":\"EntryPoint\",\"urlTemplate\":\"https:\\\/\\\/primalfocus.eu\\\/de\\\/?s={search_term_string}\"},\"query-input\":{\"@type\":\"PropertyValueSpecification\",\"valueRequired\":true,\"valueName\":\"search_term_string\"}}],\"inLanguage\":\"de\"},{\"@type\":\"Organization\",\"@id\":\"https:\\\/\\\/primalfocus.eu\\\/de\\\/#organization\",\"name\":\"Primal Focus\",\"alternateName\":\"primalfocus.eu\",\"url\":\"https:\\\/\\\/primalfocus.eu\\\/de\\\/\",\"logo\":{\"@type\":\"ImageObject\",\"inLanguage\":\"de\",\"@id\":\"https:\\\/\\\/primalfocus.eu\\\/de\\\/#\\\/schema\\\/logo\\\/image\\\/\",\"url\":\"https:\\\/\\\/primalfocus.eu\\\/wp-content\\\/uploads\\\/2025\\\/11\\\/primal-focus-logo-header.svg\",\"contentUrl\":\"https:\\\/\\\/primalfocus.eu\\\/wp-content\\\/uploads\\\/2025\\\/11\\\/primal-focus-logo-header.svg\",\"caption\":\"Primal Focus\"},\"image\":{\"@id\":\"https:\\\/\\\/primalfocus.eu\\\/de\\\/#\\\/schema\\\/logo\\\/image\\\/\"},\"sameAs\":[\"https:\\\/\\\/www.facebook.com\\\/profile.php?id=61575377667059\",\"https:\\\/\\\/x.com\\\/primalfocus_eu\",\"https:\\\/\\\/www.instagram.com\\\/primalfocus.store\\\/\"]}]}<\/script>\n<!-- \/ Yoast SEO plugin. -->","yoast_head_json":{"title":"instagram-follow - Primal Focus","robots":{"index":"noindex","follow":"follow"},"og_locale":"de_DE","og_type":"article","og_title":"instagram-follow - Primal Focus","og_description":"Thanks for your follow! This offer is valid for the next 24 hours only. Show now 15% Off Now! Use [&hellip;]","og_url":"https:\/\/primalfocus.eu\/de\/instagram-folgen\/","og_site_name":"Primal Focus","article_publisher":"https:\/\/www.facebook.com\/profile.php?id=61575377667059","article_modified_time":"2026-02-24T09:31:50+00:00","og_image":[{"url":"https:\/\/primalfocus.eu\/wp-content\/uploads\/2025\/06\/Primal-Focus-Logo.svg?_t=1757599343","type":"","width":"","height":""}],"twitter_card":"summary_large_image","twitter_site":"@primalfocus_eu","twitter_misc":{"Gesch\u00e4tzte Lesezeit":"1\u00a0Minute"},"schema":{"@context":"https:\/\/schema.org","@graph":[{"@type":"WebPage","@id":"https:\/\/primalfocus.eu\/de\/instagram-follow\/","url":"https:\/\/primalfocus.eu\/de\/instagram-follow\/","name":"instagram-follow - Primal Focus","isPartOf":{"@id":"https:\/\/primalfocus.eu\/de\/#website"},"primaryImageOfPage":{"@id":"https:\/\/primalfocus.eu\/de\/instagram-follow\/#primaryimage"},"image":{"@id":"https:\/\/primalfocus.eu\/de\/instagram-follow\/#primaryimage"},"thumbnailUrl":"https:\/\/primalfocus.eu\/wp-content\/uploads\/2025\/06\/Primal-Focus-Logo.svg?_t=1757599343","datePublished":"2025-09-11T13:48:11+00:00","dateModified":"2026-02-24T09:31:50+00:00","breadcrumb":{"@id":"https:\/\/primalfocus.eu\/de\/instagram-follow\/#breadcrumb"},"inLanguage":"de","potentialAction":[{"@type":"ReadAction","target":["https:\/\/primalfocus.eu\/de\/instagram-follow\/"]}]},{"@type":"ImageObject","inLanguage":"de","@id":"https:\/\/primalfocus.eu\/de\/instagram-follow\/#primaryimage","url":"https:\/\/primalfocus.eu\/wp-content\/uploads\/2025\/06\/Primal-Focus-Logo.svg?_t=1757599343","contentUrl":"https:\/\/primalfocus.eu\/wp-content\/uploads\/2025\/06\/Primal-Focus-Logo.svg?_t=1757599343"},{"@type":"BreadcrumbList","@id":"https:\/\/primalfocus.eu\/de\/instagram-follow\/#breadcrumb","itemListElement":[{"@type":"ListItem","position":1,"name":"Home","item":"https:\/\/primalfocus.eu\/"},{"@type":"ListItem","position":2,"name":"instagram-follow"}]},{"@type":"WebSite","@id":"https:\/\/primalfocus.eu\/de\/#website","url":"https:\/\/primalfocus.eu\/de\/","name":"Primal Focus","description":"Legale Psychedelika online kaufen","publisher":{"@id":"https:\/\/primalfocus.eu\/de\/#organization"},"potentialAction":[{"@type":"SearchAction","target":{"@type":"EntryPoint","urlTemplate":"https:\/\/primalfocus.eu\/de\/?s={search_term_string}"},"query-input":{"@type":"PropertyValueSpecification","valueRequired":true,"valueName":"search_term_string"}}],"inLanguage":"de"},{"@type":"Organization","@id":"https:\/\/primalfocus.eu\/de\/#organization","name":"Primal Focus","alternateName":"primalfocus.eu","url":"https:\/\/primalfocus.eu\/de\/","logo":{"@type":"ImageObject","inLanguage":"de","@id":"https:\/\/primalfocus.eu\/de\/#\/schema\/logo\/image\/","url":"https:\/\/primalfocus.eu\/wp-content\/uploads\/2025\/11\/primal-focus-logo-header.svg","contentUrl":"https:\/\/primalfocus.eu\/wp-content\/uploads\/2025\/11\/primal-focus-logo-header.svg","caption":"Primal Focus"},"image":{"@id":"https:\/\/primalfocus.eu\/de\/#\/schema\/logo\/image\/"},"sameAs":["https:\/\/www.facebook.com\/profile.php?id=61575377667059","https:\/\/x.com\/primalfocus_eu","https:\/\/www.instagram.com\/primalfocus.store\/"]}]}},"jetpack_sharing_enabled":true,"_links":{"self":[{"href":"https:\/\/primalfocus.eu\/de\/wp-json\/wp\/v2\/pages\/862994","targetHints":{"allow":["GET"]}}],"collection":[{"href":"https:\/\/primalfocus.eu\/de\/wp-json\/wp\/v2\/pages"}],"about":[{"href":"https:\/\/primalfocus.eu\/de\/wp-json\/wp\/v2\/types\/page"}],"author":[{"embeddable":true,"href":"https:\/\/primalfocus.eu\/de\/wp-json\/wp\/v2\/users\/1"}],"replies":[{"embeddable":true,"href":"https:\/\/primalfocus.eu\/de\/wp-json\/wp\/v2\/comments?post=862994"}],"version-history":[{"count":1,"href":"https:\/\/primalfocus.eu\/de\/wp-json\/wp\/v2\/pages\/862994\/revisions"}],"predecessor-version":[{"id":1116754,"href":"https:\/\/primalfocus.eu\/de\/wp-json\/wp\/v2\/pages\/862994\/revisions\/1116754"}],"wp:attachment":[{"href":"https:\/\/primalfocus.eu\/de\/wp-json\/wp\/v2\/media?parent=862994"}],"curies":[{"name":"wp","href":"https:\/\/api.w.org\/{rel}","templated":true}]}}