{"id":7805,"date":"2023-12-12T14:29:21","date_gmt":"2023-12-12T13:29:21","guid":{"rendered":"https:\/\/primalfocus.eu\/affiliate-dashboard\/"},"modified":"2024-03-15T08:57:53","modified_gmt":"2024-03-15T07:57:53","slug":"dashboard-fur-partner","status":"publish","type":"page","link":"https:\/\/primalfocus.eu\/de\/affiliate-dashboard\/","title":{"rendered":"Partner-Dashboard"},"content":{"rendered":"<div class=\"yith-wcaf yith-wcaf-registration-form woocommerce\">\n\t\n\t\n\t\t\t\t<div class=\"forms-container u-columns col2-set\">\n\n\t\t\t\t\t\t\t<div class=\"u-column1 col-1\">\n\n\t\t\t\t\t\t\t\t\t\t\t<h2 class=\"login-title\">\n\t\t\t\t\t\t\tAnmeldung\t\t\t\t\t\t<\/h2>\n\t\t\t\t\t\n\t\t\t\t\t<div class=\"login-form\">\n\t\t\t\t\t\t<form class=\"woocomerce-form woocommerce-form-login login\" method=\"post\" action=\"\">\n\n\t\t\t\t\t\t\t\n\t\t\t\t\t\t\t<p class=\"woocommerce-form-row woocommerce-form-row--wide form-row form-row-wide\">\n\t\t\t\t\t\t\t\t<label for=\"username\">\n\t\t\t\t\t\t\t\t\tUsername or email address\t\t\t\t\t\t\t\t\t<span class=\"required\">*<\/span>\n\t\t\t\t\t\t\t\t<\/label>\n\t\t\t\t\t\t\t\t<input type=\"text\" class=\"woocommerce-Input woocommerce-Input--text input-text\" name=\"username\" id=\"username\" value=\"\" \/>\n\t\t\t\t\t\t\t<\/p>\n\t\t\t\t\t\t\t<p class=\"woocommerce-form-row woocommerce-form-row--wide form-row form-row-wide\">\n\t\t\t\t\t\t\t\t<label for=\"password\">\n\t\t\t\t\t\t\t\t\tPassword\t\t\t\t\t\t\t\t\t<span class=\"required\">*<\/span>\n\t\t\t\t\t\t\t\t<\/label>\n\t\t\t\t\t\t\t\t<input class=\"woocommerce-Input woocommerce-Input--text input-text\" type=\"password\" name=\"password\" id=\"password\" \/>\n\t\t\t\t\t\t\t<\/p>\n\n\t\t\t\t\t\t\t\n\t\t\t\t\t\t\t<p class=\"form-row\">\n\t\t\t\t\t\t\t\t<input type=\"hidden\" id=\"woocommerce-login-nonce\" name=\"woocommerce-login-nonce\" value=\"d61f20d786\" \/><input type=\"hidden\" name=\"_wp_http_referer\" value=\"\/de\/wp-json\/wp\/v2\/pages\/7805\" \/>\t\t\t\t\t\t\t\t<input type=\"submit\" class=\"woocommerce-Button button\" name=\"login\" value=\"Anmeldung\"\/>\n\t\t\t\t\t\t\t\t<label class=\"woocommerce-form__label woocommerce-form__label-for-checkbox inline\">\n\t\t\t\t\t\t\t\t\t<input class=\"woocommerce-form__input woocommerce-form__input-checkbox\" name=\"rememberme\" type=\"checkbox\" id=\"rememberme\" value=\"forever\"\/>\n\t\t\t\t\t\t\t\t\t<span>Remember me<\/span>\n\t\t\t\t\t\t\t\t<\/label>\n\t\t\t\t\t\t\t<\/p>\n\n\t\t\t\t\t\t\t<p class=\"woocommerce-LostPassword lost_password\">\n\t\t\t\t\t\t\t\t<a href=\"https:\/\/primalfocus.eu\/de\/my-account\/lost-password\/\">\n\t\t\t\t\t\t\t\t\tLost your password?\t\t\t\t\t\t\t\t<\/a>\n\t\t\t\t\t\t\t<\/p>\n\n\t\t\t\t\t\t\t\n\t\t\t\t\t\t<input type=\"hidden\" name=\"trp-form-language\" value=\"de\"\/><\/form>\n\t\t\t\t\t<\/div>\n\n\t\t\t\t<\/div>\n\t\t\t\n\t\t\t\t\t\t\t<div class=\"u-column2 col-2\">\n\t\t\t\n\t\t\t\n\t\t\t\t\t\t\t\t\t<h2 class=\"register-title\">\n\t\t\t\t\t\tRegister\t\t\t\t\t<\/h2>\n\t\t\t\t\n\t\t\t\t<div class=\"register-form\">\n\t\t\t\t\t<form method=\"post\" class=\"register\" action=\"\">\n\n\t\t\t\t\t\t\t\t\t\t\t\t\t\t\t\t\t\t<p class=\"form-row validate-required\" id=\"profile_username_field\" data-priority=\"\"><label for=\"profile_username\" class=\"required_field\">Benutzername&nbsp;<span class=\"required\" aria-hidden=\"true\">*<\/span><\/label><span class=\"woocommerce-input-wrapper\"><input type=\"text\" class=\"input-text\" name=\"username\" id=\"profile_username\" placeholder=\"\"  value=\"\" aria-required=\"true\" \/><\/span><\/p><p class=\"form-row validate-required\" id=\"profile_first_name_field\" data-priority=\"\"><label for=\"profile_first_name\" class=\"required_field\">Vornamen&nbsp;<span class=\"required\" aria-hidden=\"true\">*<\/span><\/label><span class=\"woocommerce-input-wrapper\"><input type=\"text\" class=\"input-text\" name=\"first_name\" id=\"profile_first_name\" placeholder=\"\"  value=\"\" aria-required=\"true\" \/><\/span><\/p><p class=\"form-row validate-required\" id=\"profile_last_name_field\" data-priority=\"\"><label for=\"profile_last_name\" class=\"required_field\">Nachname&nbsp;<span class=\"required\" aria-hidden=\"true\">*<\/span><\/label><span class=\"woocommerce-input-wrapper\"><input type=\"text\" class=\"input-text\" name=\"last_name\" id=\"profile_last_name\" placeholder=\"\"  value=\"\" aria-required=\"true\" \/><\/span><\/p><p class=\"form-row validate-required\" id=\"profile_email_field\" data-priority=\"\"><label for=\"profile_email\" class=\"required_field\">E-Mail Adresse&nbsp;<span class=\"required\" aria-hidden=\"true\">*<\/span><\/label><span class=\"woocommerce-input-wrapper\"><input type=\"email\" class=\"input-text\" name=\"email\" id=\"profile_email\" placeholder=\"\"  value=\"\" data-validation=\"email\" aria-required=\"true\" \/><\/span><\/p>\t\t\t<p class=\"form-row\">\n\t\t\t\t<span class=\"woocommerce-privacy-policy-text\">\n\t\t\t\t\tIhre pers\u00f6nlichen Daten werden verwendet, um Ihre Erfahrung auf dieser Website zu unterst\u00fctzen, den Zugang zu Ihrem Konto zu verwalten und f\u00fcr andere Zwecke, die in unserer <a href=\"https:\/\/primalfocus.eu\/de\/privacy-policy\/\" class=\"woocommerce-privacy-policy-link\" target=\"_blank\" data-no-translation=\"\" data-trp-gettext=\"\">Datenschutzerkl\u00e4rung<\/a>.\t\t\t\t<\/span>\n\t\t\t<\/p>\n\t\t\t<p class=\"form-row terms-label validate-required\" id=\"profile_terms_field\" data-priority=\"\"><span class=\"woocommerce-input-wrapper\"><label class=\"checkbox terms-label\" ><input type=\"checkbox\" name=\"terms\" id=\"profile_terms\" value=\"1\" class=\"input-checkbox\"  aria-required=\"true\" \/> Ich habe die Website gelesen und stimme ihr zu <a href=\"https:\/\/primalfocus.eu\/de\/terms-and-conditions\/\" class=\"woocommerce-terms-and-conditions-link\" target=\"_blank\" data-no-translation=\"\" data-trp-gettext=\"\">Gesch\u00e4ftsbedingungen<\/a>&nbsp;<span class=\"required\" aria-hidden=\"true\">*<\/span><\/label><\/span><\/p>\t\t\t\t\t\t<wc-order-attribution-inputs><\/wc-order-attribution-inputs>\n\t\t\t\t\t\t<p class=\"form-row\">\n\t\t\t\t\t\t\t<input type=\"hidden\" id=\"woocommerce-register-nonce\" name=\"woocommerce-register-nonce\" value=\"ead5fe9c9e\" \/><input type=\"hidden\" name=\"_wp_http_referer\" value=\"\/de\/wp-json\/wp\/v2\/pages\/7805\" \/>\t\t\t\t\t\t\t<input type=\"hidden\" id=\"register_affiliate\" name=\"register_affiliate\" value=\"76ec8b33ed\" \/>\n\t\t\t\t\t\t\t<input type=\"submit\" class=\"button\" name=\"register\" value=\"Register\"\/>\n\t\t\t\t\t\t<\/p>\n\n\t\t\t\t\t\t\n\t\t\t\t\t<input type=\"hidden\" name=\"trp-form-language\" value=\"de\"\/><\/form>\n\t\t\t\t<\/div>\n\n\t\t\t\n\t\t\t\t\t\t\t<\/div>\n\t\t\t\n\t\t<\/div>\n\n\t<\/div>","protected":false},"excerpt":{"rendered":"","protected":false},"author":1,"featured_media":0,"parent":0,"menu_order":0,"comment_status":"closed","ping_status":"closed","template":"","meta":{"site-sidebar-layout":"default","site-content-layout":"","ast-site-content-layout":"default","site-content-style":"default","site-sidebar-style":"default","ast-global-header-display":"","ast-banner-title-visibility":"","ast-main-header-display":"","ast-hfb-above-header-display":"","ast-hfb-below-header-display":"","ast-hfb-mobile-header-display":"","site-post-title":"","ast-breadcrumbs-content":"","ast-featured-img":"","footer-sml-layout":"","ast-disable-related-posts":"","theme-transparent-header-meta":"disabled","adv-header-id-meta":"","stick-header-meta":"","header-above-stick-meta":"","header-main-stick-meta":"","header-below-stick-meta":"","astra-migrate-meta-layouts":"default","ast-page-background-enabled":"default","ast-page-background-meta":{"desktop":{"background-color":"","background-image":"","background-repeat":"repeat","background-position":"center center","background-size":"auto","background-attachment":"scroll","background-type":"","background-media":"","overlay-type":"","overlay-color":"","overlay-opacity":"","overlay-gradient":""},"tablet":{"background-color":"","background-image":"","background-repeat":"repeat","background-position":"center center","background-size":"auto","background-attachment":"scroll","background-type":"","background-media":"","overlay-type":"","overlay-color":"","overlay-opacity":"","overlay-gradient":""},"mobile":{"background-color":"","background-image":"","background-repeat":"repeat","background-position":"center center","background-size":"auto","background-attachment":"scroll","background-type":"","background-media":"","overlay-type":"","overlay-color":"","overlay-opacity":"","overlay-gradient":""}},"ast-content-background-meta":{"desktop":{"background-color":"var(--ast-global-color-5)","background-image":"","background-repeat":"repeat","background-position":"center center","background-size":"auto","background-attachment":"scroll","background-type":"","background-media":"","overlay-type":"","overlay-color":"","overlay-opacity":"","overlay-gradient":""},"tablet":{"background-color":"var(--ast-global-color-5)","background-image":"","background-repeat":"repeat","background-position":"center center","background-size":"auto","background-attachment":"scroll","background-type":"","background-media":"","overlay-type":"","overlay-color":"","overlay-opacity":"","overlay-gradient":""},"mobile":{"background-color":"var(--ast-global-color-5)","background-image":"","background-repeat":"repeat","background-position":"center center","background-size":"auto","background-attachment":"scroll","background-type":"","background-media":"","overlay-type":"","overlay-color":"","overlay-opacity":"","overlay-gradient":""}},"footnotes":""},"class_list":["post-7805","page","type-page","status-publish","hentry"],"yoast_head":"<!-- This site is optimized with the Yoast SEO plugin v27.3 - https:\/\/yoast.com\/product\/yoast-seo-wordpress\/ -->\n<title>Affiliate Dashboard - Primal Focus<\/title>\n<meta name=\"robots\" content=\"index, follow, max-snippet:-1, max-image-preview:large, max-video-preview:-1\" \/>\n<link rel=\"canonical\" href=\"https:\/\/primalfocus.eu\/de\/dashboard-fur-partner\/\" \/>\n<meta property=\"og:locale\" content=\"de_DE\" \/>\n<meta property=\"og:type\" content=\"article\" \/>\n<meta property=\"og:title\" content=\"Affiliate Dashboard - Primal Focus\" \/>\n<meta property=\"og:url\" content=\"https:\/\/primalfocus.eu\/de\/dashboard-fur-partner\/\" \/>\n<meta property=\"og:site_name\" content=\"Primal Focus\" \/>\n<meta property=\"article:publisher\" content=\"https:\/\/www.facebook.com\/profile.php?id=61575377667059\" \/>\n<meta property=\"article:modified_time\" content=\"2024-03-15T07:57:53+00:00\" \/>\n<meta name=\"twitter:card\" content=\"summary_large_image\" \/>\n<meta name=\"twitter:site\" content=\"@primalfocus_eu\" \/>\n<meta name=\"twitter:label1\" content=\"Gesch\u00e4tzte Lesezeit\" \/>\n\t<meta name=\"twitter:data1\" content=\"1\u00a0Minute\" \/>\n<script type=\"application\/ld+json\" class=\"yoast-schema-graph\">{\"@context\":\"https:\\\/\\\/schema.org\",\"@graph\":[{\"@type\":\"WebPage\",\"@id\":\"https:\\\/\\\/primalfocus.eu\\\/de\\\/affiliate-dashboard\\\/\",\"url\":\"https:\\\/\\\/primalfocus.eu\\\/de\\\/affiliate-dashboard\\\/\",\"name\":\"Affiliate Dashboard - Primal Focus\",\"isPartOf\":{\"@id\":\"https:\\\/\\\/primalfocus.eu\\\/de\\\/#website\"},\"datePublished\":\"2023-12-12T13:29:21+00:00\",\"dateModified\":\"2024-03-15T07:57:53+00:00\",\"breadcrumb\":{\"@id\":\"https:\\\/\\\/primalfocus.eu\\\/de\\\/affiliate-dashboard\\\/#breadcrumb\"},\"inLanguage\":\"de\",\"potentialAction\":[{\"@type\":\"ReadAction\",\"target\":[\"https:\\\/\\\/primalfocus.eu\\\/de\\\/affiliate-dashboard\\\/\"]}]},{\"@type\":\"BreadcrumbList\",\"@id\":\"https:\\\/\\\/primalfocus.eu\\\/de\\\/affiliate-dashboard\\\/#breadcrumb\",\"itemListElement\":[{\"@type\":\"ListItem\",\"position\":1,\"name\":\"Home\",\"item\":\"https:\\\/\\\/primalfocus.eu\\\/\"},{\"@type\":\"ListItem\",\"position\":2,\"name\":\"Affiliate Dashboard\"}]},{\"@type\":\"WebSite\",\"@id\":\"https:\\\/\\\/primalfocus.eu\\\/de\\\/#website\",\"url\":\"https:\\\/\\\/primalfocus.eu\\\/de\\\/\",\"name\":\"Primal Focus\",\"description\":\"Buy legal psychedelics online\",\"publisher\":{\"@id\":\"https:\\\/\\\/primalfocus.eu\\\/de\\\/#organization\"},\"potentialAction\":[{\"@type\":\"SearchAction\",\"target\":{\"@type\":\"EntryPoint\",\"urlTemplate\":\"https:\\\/\\\/primalfocus.eu\\\/de\\\/?s={search_term_string}\"},\"query-input\":{\"@type\":\"PropertyValueSpecification\",\"valueRequired\":true,\"valueName\":\"search_term_string\"}}],\"inLanguage\":\"de\"},{\"@type\":\"Organization\",\"@id\":\"https:\\\/\\\/primalfocus.eu\\\/de\\\/#organization\",\"name\":\"Primal Focus\",\"alternateName\":\"primalfocus.eu\",\"url\":\"https:\\\/\\\/primalfocus.eu\\\/de\\\/\",\"logo\":{\"@type\":\"ImageObject\",\"inLanguage\":\"de\",\"@id\":\"https:\\\/\\\/primalfocus.eu\\\/de\\\/#\\\/schema\\\/logo\\\/image\\\/\",\"url\":\"https:\\\/\\\/primalfocus.eu\\\/wp-content\\\/uploads\\\/2025\\\/11\\\/primal-focus-logo-header.svg\",\"contentUrl\":\"https:\\\/\\\/primalfocus.eu\\\/wp-content\\\/uploads\\\/2025\\\/11\\\/primal-focus-logo-header.svg\",\"caption\":\"Primal Focus\"},\"image\":{\"@id\":\"https:\\\/\\\/primalfocus.eu\\\/de\\\/#\\\/schema\\\/logo\\\/image\\\/\"},\"sameAs\":[\"https:\\\/\\\/www.facebook.com\\\/profile.php?id=61575377667059\",\"https:\\\/\\\/x.com\\\/primalfocus_eu\",\"https:\\\/\\\/www.instagram.com\\\/primalfocus.store\\\/\"]}]}<\/script>\n<!-- \/ Yoast SEO plugin. -->","yoast_head_json":{"title":"Dashboard f\u00fcr Partner - Primal Focus","robots":{"index":"index","follow":"follow","max-snippet":"max-snippet:-1","max-image-preview":"max-image-preview:large","max-video-preview":"max-video-preview:-1"},"canonical":"https:\/\/primalfocus.eu\/de\/dashboard-fur-partner\/","og_locale":"de_DE","og_type":"article","og_title":"Affiliate Dashboard - Primal Focus","og_url":"https:\/\/primalfocus.eu\/de\/dashboard-fur-partner\/","og_site_name":"Primal Focus","article_publisher":"https:\/\/www.facebook.com\/profile.php?id=61575377667059","article_modified_time":"2024-03-15T07:57:53+00:00","twitter_card":"summary_large_image","twitter_site":"@primalfocus_eu","twitter_misc":{"Gesch\u00e4tzte Lesezeit":"1\u00a0Minute"},"schema":{"@context":"https:\/\/schema.org","@graph":[{"@type":"WebPage","@id":"https:\/\/primalfocus.eu\/de\/affiliate-dashboard\/","url":"https:\/\/primalfocus.eu\/de\/affiliate-dashboard\/","name":"Dashboard f\u00fcr Partner - Primal Focus","isPartOf":{"@id":"https:\/\/primalfocus.eu\/de\/#website"},"datePublished":"2023-12-12T13:29:21+00:00","dateModified":"2024-03-15T07:57:53+00:00","breadcrumb":{"@id":"https:\/\/primalfocus.eu\/de\/affiliate-dashboard\/#breadcrumb"},"inLanguage":"de","potentialAction":[{"@type":"ReadAction","target":["https:\/\/primalfocus.eu\/de\/affiliate-dashboard\/"]}]},{"@type":"BreadcrumbList","@id":"https:\/\/primalfocus.eu\/de\/affiliate-dashboard\/#breadcrumb","itemListElement":[{"@type":"ListItem","position":1,"name":"Home","item":"https:\/\/primalfocus.eu\/"},{"@type":"ListItem","position":2,"name":"Affiliate Dashboard"}]},{"@type":"WebSite","@id":"https:\/\/primalfocus.eu\/de\/#website","url":"https:\/\/primalfocus.eu\/de\/","name":"Primal Focus","description":"Legale Psychedelika online kaufen","publisher":{"@id":"https:\/\/primalfocus.eu\/de\/#organization"},"potentialAction":[{"@type":"SearchAction","target":{"@type":"EntryPoint","urlTemplate":"https:\/\/primalfocus.eu\/de\/?s={search_term_string}"},"query-input":{"@type":"PropertyValueSpecification","valueRequired":true,"valueName":"search_term_string"}}],"inLanguage":"de"},{"@type":"Organization","@id":"https:\/\/primalfocus.eu\/de\/#organization","name":"Primal Focus","alternateName":"primalfocus.eu","url":"https:\/\/primalfocus.eu\/de\/","logo":{"@type":"ImageObject","inLanguage":"de","@id":"https:\/\/primalfocus.eu\/de\/#\/schema\/logo\/image\/","url":"https:\/\/primalfocus.eu\/wp-content\/uploads\/2025\/11\/primal-focus-logo-header.svg","contentUrl":"https:\/\/primalfocus.eu\/wp-content\/uploads\/2025\/11\/primal-focus-logo-header.svg","caption":"Primal Focus"},"image":{"@id":"https:\/\/primalfocus.eu\/de\/#\/schema\/logo\/image\/"},"sameAs":["https:\/\/www.facebook.com\/profile.php?id=61575377667059","https:\/\/x.com\/primalfocus_eu","https:\/\/www.instagram.com\/primalfocus.store\/"]}]}},"jetpack_sharing_enabled":true,"_links":{"self":[{"href":"https:\/\/primalfocus.eu\/de\/wp-json\/wp\/v2\/pages\/7805","targetHints":{"allow":["GET"]}}],"collection":[{"href":"https:\/\/primalfocus.eu\/de\/wp-json\/wp\/v2\/pages"}],"about":[{"href":"https:\/\/primalfocus.eu\/de\/wp-json\/wp\/v2\/types\/page"}],"author":[{"embeddable":true,"href":"https:\/\/primalfocus.eu\/de\/wp-json\/wp\/v2\/users\/1"}],"replies":[{"embeddable":true,"href":"https:\/\/primalfocus.eu\/de\/wp-json\/wp\/v2\/comments?post=7805"}],"version-history":[{"count":0,"href":"https:\/\/primalfocus.eu\/de\/wp-json\/wp\/v2\/pages\/7805\/revisions"}],"wp:attachment":[{"href":"https:\/\/primalfocus.eu\/de\/wp-json\/wp\/v2\/media?parent=7805"}],"curies":[{"name":"wp","href":"https:\/\/api.w.org\/{rel}","templated":true}]}}