{"id":5200,"date":"2023-09-03T20:14:52","date_gmt":"2023-09-03T18:14:52","guid":{"rendered":"https:\/\/primalfocus.eu\/?page_id=5200"},"modified":"2025-04-12T12:04:34","modified_gmt":"2025-04-12T10:04:34","slug":"rechtsstatus-von-1cp-lsd","status":"publish","type":"page","link":"https:\/\/primalfocus.eu\/de\/rechtsstatus-von-1cp-lsd\/","title":{"rendered":"Rechtsstatus 1S-LSD"},"content":{"rendered":"<h1 class=\"wp-block-heading\"><strong>Der rechtliche Status von 1S-LSD<\/strong><\/h1>\n\n\n\n<p>Wir bei Primal Focus haben uns zu Transparenz und Einhaltung der Vorschriften verpflichtet. Obwohl wir unser Bestes tun, um auf dem Laufenden zu bleiben, kann die Rechtslage in Bezug auf neuartige Verbindungen wie 1S-LSD (1-(3-(Trimethylsilyl)propionyl)-Lysergs\u00e4urediethylamid) je nach Rechtsordnung erheblich variieren - und sie \u00e4ndert sich h\u00e4ufig.<\/p>\n\n\n\n<h3 class=\"wp-block-heading\">EU-\u00dcbersichtsdokument<\/h3>\n\n\n\n<p>Um unsere Kunden und Partner zu unterst\u00fctzen, haben wir ein Dokument erstellt, das den rechtlichen Status von 1S-LSD in den Mitgliedsstaaten der Europ\u00e4ischen Union zusammenfasst. Diese \u00dcbersicht wird j\u00e4hrlich auf der Grundlage unserer eigenen rechtlichen Recherchen aktualisiert und soll als allgemeine Referenz dienen.<\/p>\n\n\n\n<p>\ud83d\udcc4 <strong>Hier k\u00f6nnen Sie das Dokument einsehen:<\/strong><br><a class=\"\" href=\"https:\/\/primalfocus.eu\/wp-content\/uploads\/2025\/04\/Legality-1S-LSD-in-the-EU.pdf\">Legalit\u00e4t von 1S-LSD in der EU (PDF)<\/a><\/p>\n\n\n\n<p>Bitte beachten Sie: Dieses Dokument erhebt keinen Anspruch auf Vollst\u00e4ndigkeit, und wir k\u00f6nnen nicht garantieren, dass es jederzeit korrekt ist. Es tut <strong>nicht<\/strong> stellen keine Rechtsberatung dar. Die Kunden sind selbst daf\u00fcr verantwortlich, vor einer Bestellung zu pr\u00fcfen, ob die 1S-LSD in ihrem Land legal ist.<\/p>\n\n\n\n<p>Wenn Sie feststellen, dass die Informationen nicht korrekt sind, oder wenn Ihr Land als \"unbekannt\" aufgef\u00fchrt ist und Sie Zugang zu <strong>offizielle Dokumentation<\/strong> die zeigen, dass 1S-LSD <em>nicht<\/em> eine kontrollierte Substanz, bitten wir Sie, diese an unser Team zu senden <a class=\"\">info@primalfocus.eu<\/a>. Wir sind Ihnen sehr dankbar, wenn Sie uns helfen, diese \u00dcbersicht auf dem neuesten Stand zu halten.<\/p>\n\n\n\n<h3 class=\"wp-block-heading\">Au\u00dferhalb der EU<\/h3>\n\n\n\n<p>Aufgrund der Komplexit\u00e4t und Undurchsichtigkeit des internationalen Rechts - insbesondere in L\u00e4ndern au\u00dferhalb der EU - ist es f\u00fcr uns nicht m\u00f6glich, einen zuverl\u00e4ssigen Rechts\u00fcberblick f\u00fcr Nicht-EU-L\u00e4nder zu behalten.<br><br>Wir versenden 1S-LSD nicht in die Vereinigten Staaten, nach Australien oder in andere L\u00e4nder, in denen die Einfuhr oder der Besitz dieser Substanz als illegal gilt.<\/p>\n\n\n\n<hr class=\"wp-block-separator has-alpha-channel-opacity\"\/>\n\n\n\n<p>Diese Richtlinie dient dem Schutz sowohl unserer Kunden als auch unseres Unternehmens. Wir behalten uns das Recht vor, jede Bestellung zu stornieren, die ein rechtliches Risiko darstellen k\u00f6nnte, und wir ermutigen alle K\u00e4ufer, verantwortungsvoll und in \u00dcbereinstimmung mit den Gesetzen ihres eigenen Landes zu handeln.<\/p>\n\n\n\n<p>Wenn Sie Fragen haben, k\u00f6nnen Sie sich gerne an uns wenden unter <a class=\"\">info@primalfocus.eu<\/a>.<\/p>","protected":false},"excerpt":{"rendered":"<p>The Legal Status of 1S-LSD At Primal Focus, we are committed to transparency and compliance. While we do our best to stay informed, the legal landscape surrounding novel compounds such as 1S-LSD (1-(3-(trimethylsilyl)propionyl)-lysergic acid diethylamide) can vary significantly across jurisdictions \u2014 and it changes frequently. EU Overview Document To support our customers and partners, we\u2019ve [&hellip;]<\/p>\n","protected":false},"author":1,"featured_media":0,"parent":0,"menu_order":0,"comment_status":"closed","ping_status":"closed","template":"","meta":{"site-sidebar-layout":"default","site-content-layout":"","ast-site-content-layout":"default","site-content-style":"default","site-sidebar-style":"default","ast-global-header-display":"","ast-banner-title-visibility":"","ast-main-header-display":"","ast-hfb-above-header-display":"","ast-hfb-below-header-display":"","ast-hfb-mobile-header-display":"","site-post-title":"disabled","ast-breadcrumbs-content":"","ast-featured-img":"","footer-sml-layout":"","theme-transparent-header-meta":"disabled","adv-header-id-meta":"","stick-header-meta":"","header-above-stick-meta":"","header-main-stick-meta":"","header-below-stick-meta":"","astra-migrate-meta-layouts":"set","ast-page-background-enabled":"default","ast-page-background-meta":{"desktop":{"background-color":"","background-image":"","background-repeat":"repeat","background-position":"center center","background-size":"auto","background-attachment":"scroll","background-type":"","background-media":"","overlay-type":"","overlay-color":"","overlay-gradient":""},"tablet":{"background-color":"","background-image":"","background-repeat":"repeat","background-position":"center center","background-size":"auto","background-attachment":"scroll","background-type":"","background-media":"","overlay-type":"","overlay-color":"","overlay-gradient":""},"mobile":{"background-color":"","background-image":"","background-repeat":"repeat","background-position":"center center","background-size":"auto","background-attachment":"scroll","background-type":"","background-media":"","overlay-type":"","overlay-color":"","overlay-gradient":""}},"ast-content-background-meta":{"desktop":{"background-color":"var(--ast-global-color-5)","background-image":"","background-repeat":"repeat","background-position":"center center","background-size":"auto","background-attachment":"scroll","background-type":"","background-media":"","overlay-type":"","overlay-color":"","overlay-gradient":""},"tablet":{"background-color":"var(--ast-global-color-5)","background-image":"","background-repeat":"repeat","background-position":"center center","background-size":"auto","background-attachment":"scroll","background-type":"","background-media":"","overlay-type":"","overlay-color":"","overlay-gradient":""},"mobile":{"background-color":"var(--ast-global-color-5)","background-image":"","background-repeat":"repeat","background-position":"center center","background-size":"auto","background-attachment":"scroll","background-type":"","background-media":"","overlay-type":"","overlay-color":"","overlay-gradient":""}},"footnotes":""},"class_list":["post-5200","page","type-page","status-publish","hentry"],"yoast_head":"<!-- This site is optimized with the Yoast SEO plugin v27.5 - https:\/\/yoast.com\/product\/yoast-seo-wordpress\/ -->\n<title>Legal Status 1S-LSD - Primal Focus<\/title>\n<meta name=\"description\" content=\"Primal Focus: Your trusted source for 1cP-LSD microdose pellets worldwide. Safe, legal, and responsible use.\" \/>\n<meta name=\"robots\" content=\"index, follow, max-snippet:-1, max-image-preview:large, max-video-preview:-1\" \/>\n<link rel=\"canonical\" href=\"https:\/\/primalfocus.eu\/de\/rechtsstatus-von-1cp-lsd\/\" \/>\n<meta property=\"og:locale\" content=\"de_DE\" \/>\n<meta property=\"og:type\" content=\"article\" \/>\n<meta property=\"og:title\" content=\"Legal Status 1S-LSD - Primal Focus\" \/>\n<meta property=\"og:description\" content=\"Primal Focus: Your trusted source for 1cP-LSD microdose pellets worldwide. Safe, legal, and responsible use.\" \/>\n<meta property=\"og:url\" content=\"https:\/\/primalfocus.eu\/de\/rechtsstatus-von-1cp-lsd\/\" \/>\n<meta property=\"og:site_name\" content=\"Primal Focus\" \/>\n<meta property=\"article:publisher\" content=\"https:\/\/www.facebook.com\/profile.php?id=61575377667059\" \/>\n<meta property=\"article:modified_time\" content=\"2025-04-12T10:04:34+00:00\" \/>\n<meta name=\"twitter:card\" content=\"summary_large_image\" \/>\n<meta name=\"twitter:site\" content=\"@primalfocus_eu\" \/>\n<meta name=\"twitter:label1\" content=\"Gesch\u00e4tzte Lesezeit\" \/>\n\t<meta name=\"twitter:data1\" content=\"2\u00a0Minuten\" \/>\n<script type=\"application\/ld+json\" class=\"yoast-schema-graph\">{\"@context\":\"https:\\\/\\\/schema.org\",\"@graph\":[{\"@type\":\"WebPage\",\"@id\":\"https:\\\/\\\/primalfocus.eu\\\/de\\\/rechtsstatus-von-1cp-lsd\\\/\",\"url\":\"https:\\\/\\\/primalfocus.eu\\\/de\\\/rechtsstatus-von-1cp-lsd\\\/\",\"name\":\"Legal Status 1S-LSD - Primal Focus\",\"isPartOf\":{\"@id\":\"https:\\\/\\\/primalfocus.eu\\\/de\\\/#website\"},\"datePublished\":\"2023-09-03T18:14:52+00:00\",\"dateModified\":\"2025-04-12T10:04:34+00:00\",\"description\":\"Primal Focus: Your trusted source for 1cP-LSD microdose pellets worldwide. Safe, legal, and responsible use.\",\"breadcrumb\":{\"@id\":\"https:\\\/\\\/primalfocus.eu\\\/de\\\/rechtsstatus-von-1cp-lsd\\\/#breadcrumb\"},\"inLanguage\":\"de\",\"potentialAction\":[{\"@type\":\"ReadAction\",\"target\":[\"https:\\\/\\\/primalfocus.eu\\\/de\\\/rechtsstatus-von-1cp-lsd\\\/\"]}]},{\"@type\":\"BreadcrumbList\",\"@id\":\"https:\\\/\\\/primalfocus.eu\\\/de\\\/rechtsstatus-von-1cp-lsd\\\/#breadcrumb\",\"itemListElement\":[{\"@type\":\"ListItem\",\"position\":1,\"name\":\"Home\",\"item\":\"https:\\\/\\\/primalfocus.eu\\\/\"},{\"@type\":\"ListItem\",\"position\":2,\"name\":\"Legal Status 1S-LSD\"}]},{\"@type\":\"WebSite\",\"@id\":\"https:\\\/\\\/primalfocus.eu\\\/de\\\/#website\",\"url\":\"https:\\\/\\\/primalfocus.eu\\\/de\\\/\",\"name\":\"Primal Focus\",\"description\":\"Buy legal psychedelics online\",\"publisher\":{\"@id\":\"https:\\\/\\\/primalfocus.eu\\\/de\\\/#organization\"},\"potentialAction\":[{\"@type\":\"SearchAction\",\"target\":{\"@type\":\"EntryPoint\",\"urlTemplate\":\"https:\\\/\\\/primalfocus.eu\\\/de\\\/?s={search_term_string}\"},\"query-input\":{\"@type\":\"PropertyValueSpecification\",\"valueRequired\":true,\"valueName\":\"search_term_string\"}}],\"inLanguage\":\"de\"},{\"@type\":\"Organization\",\"@id\":\"https:\\\/\\\/primalfocus.eu\\\/de\\\/#organization\",\"name\":\"Primal Focus\",\"alternateName\":\"primalfocus.eu\",\"url\":\"https:\\\/\\\/primalfocus.eu\\\/de\\\/\",\"logo\":{\"@type\":\"ImageObject\",\"inLanguage\":\"de\",\"@id\":\"https:\\\/\\\/primalfocus.eu\\\/de\\\/#\\\/schema\\\/logo\\\/image\\\/\",\"url\":\"https:\\\/\\\/primalfocus.eu\\\/wp-content\\\/uploads\\\/2026\\\/04\\\/primal-focus-logo-6.svg\",\"contentUrl\":\"https:\\\/\\\/primalfocus.eu\\\/wp-content\\\/uploads\\\/2026\\\/04\\\/primal-focus-logo-6.svg\",\"width\":50,\"height\":50,\"caption\":\"Primal Focus\"},\"image\":{\"@id\":\"https:\\\/\\\/primalfocus.eu\\\/de\\\/#\\\/schema\\\/logo\\\/image\\\/\"},\"sameAs\":[\"https:\\\/\\\/www.facebook.com\\\/profile.php?id=61575377667059\",\"https:\\\/\\\/x.com\\\/primalfocus_eu\",\"https:\\\/\\\/www.instagram.com\\\/primalfocus.store\\\/\"]}]}<\/script>\n<!-- \/ Yoast SEO plugin. -->","yoast_head_json":{"title":"Rechtsstatus 1S-LSD - Primal Focus","description":"Primal Focus: Ihre vertrauensw\u00fcrdige Quelle f\u00fcr 1cP-LSD Mikrodosenpellets weltweit. Sicherer, legaler und verantwortungsvoller Gebrauch.","robots":{"index":"index","follow":"follow","max-snippet":"max-snippet:-1","max-image-preview":"max-image-preview:large","max-video-preview":"max-video-preview:-1"},"canonical":"https:\/\/primalfocus.eu\/de\/rechtsstatus-von-1cp-lsd\/","og_locale":"de_DE","og_type":"article","og_title":"Legal Status 1S-LSD - Primal Focus","og_description":"Primal Focus: Your trusted source for 1cP-LSD microdose pellets worldwide. Safe, legal, and responsible use.","og_url":"https:\/\/primalfocus.eu\/de\/rechtsstatus-von-1cp-lsd\/","og_site_name":"Primal Focus","article_publisher":"https:\/\/www.facebook.com\/profile.php?id=61575377667059","article_modified_time":"2025-04-12T10:04:34+00:00","twitter_card":"summary_large_image","twitter_site":"@primalfocus_eu","twitter_misc":{"Gesch\u00e4tzte Lesezeit":"2\u00a0Minuten"},"schema":{"@context":"https:\/\/schema.org","@graph":[{"@type":"WebPage","@id":"https:\/\/primalfocus.eu\/de\/rechtsstatus-von-1cp-lsd\/","url":"https:\/\/primalfocus.eu\/de\/rechtsstatus-von-1cp-lsd\/","name":"Rechtsstatus 1S-LSD - Primal Focus","isPartOf":{"@id":"https:\/\/primalfocus.eu\/de\/#website"},"datePublished":"2023-09-03T18:14:52+00:00","dateModified":"2025-04-12T10:04:34+00:00","description":"Primal Focus: Ihre vertrauensw\u00fcrdige Quelle f\u00fcr 1cP-LSD Mikrodosenpellets weltweit. Sicherer, legaler und verantwortungsvoller Gebrauch.","breadcrumb":{"@id":"https:\/\/primalfocus.eu\/de\/rechtsstatus-von-1cp-lsd\/#breadcrumb"},"inLanguage":"de","potentialAction":[{"@type":"ReadAction","target":["https:\/\/primalfocus.eu\/de\/rechtsstatus-von-1cp-lsd\/"]}]},{"@type":"BreadcrumbList","@id":"https:\/\/primalfocus.eu\/de\/rechtsstatus-von-1cp-lsd\/#breadcrumb","itemListElement":[{"@type":"ListItem","position":1,"name":"Home","item":"https:\/\/primalfocus.eu\/"},{"@type":"ListItem","position":2,"name":"Legal Status 1S-LSD"}]},{"@type":"WebSite","@id":"https:\/\/primalfocus.eu\/de\/#website","url":"https:\/\/primalfocus.eu\/de\/","name":"Primal Focus","description":"Legale Psychedelika online kaufen","publisher":{"@id":"https:\/\/primalfocus.eu\/de\/#organization"},"potentialAction":[{"@type":"SearchAction","target":{"@type":"EntryPoint","urlTemplate":"https:\/\/primalfocus.eu\/de\/?s={search_term_string}"},"query-input":{"@type":"PropertyValueSpecification","valueRequired":true,"valueName":"search_term_string"}}],"inLanguage":"de"},{"@type":"Organization","@id":"https:\/\/primalfocus.eu\/de\/#organization","name":"Primal Focus","alternateName":"primalfocus.eu","url":"https:\/\/primalfocus.eu\/de\/","logo":{"@type":"ImageObject","inLanguage":"de","@id":"https:\/\/primalfocus.eu\/de\/#\/schema\/logo\/image\/","url":"https:\/\/primalfocus.eu\/wp-content\/uploads\/2026\/04\/primal-focus-logo-6.svg","contentUrl":"https:\/\/primalfocus.eu\/wp-content\/uploads\/2026\/04\/primal-focus-logo-6.svg","width":50,"height":50,"caption":"Primal Focus"},"image":{"@id":"https:\/\/primalfocus.eu\/de\/#\/schema\/logo\/image\/"},"sameAs":["https:\/\/www.facebook.com\/profile.php?id=61575377667059","https:\/\/x.com\/primalfocus_eu","https:\/\/www.instagram.com\/primalfocus.store\/"]}]}},"jetpack_sharing_enabled":true,"_links":{"self":[{"href":"https:\/\/primalfocus.eu\/de\/wp-json\/wp\/v2\/pages\/5200","targetHints":{"allow":["GET"]}}],"collection":[{"href":"https:\/\/primalfocus.eu\/de\/wp-json\/wp\/v2\/pages"}],"about":[{"href":"https:\/\/primalfocus.eu\/de\/wp-json\/wp\/v2\/types\/page"}],"author":[{"embeddable":true,"href":"https:\/\/primalfocus.eu\/de\/wp-json\/wp\/v2\/users\/1"}],"replies":[{"embeddable":true,"href":"https:\/\/primalfocus.eu\/de\/wp-json\/wp\/v2\/comments?post=5200"}],"version-history":[{"count":0,"href":"https:\/\/primalfocus.eu\/de\/wp-json\/wp\/v2\/pages\/5200\/revisions"}],"wp:attachment":[{"href":"https:\/\/primalfocus.eu\/de\/wp-json\/wp\/v2\/media?parent=5200"}],"curies":[{"name":"wp","href":"https:\/\/api.w.org\/{rel}","templated":true}]}}