{"id":5198,"date":"2023-09-03T20:03:50","date_gmt":"2023-09-03T18:03:50","guid":{"rendered":"https:\/\/primalfocus.eu\/?page_id=5198"},"modified":"2023-11-15T19:42:14","modified_gmt":"2023-11-15T18:42:14","slug":"are-psilocybin-truffles-legal","status":"publish","type":"page","link":"https:\/\/primalfocus.eu\/de\/are-psilocybin-truffles-legal\/","title":{"rendered":"Rechtsstatus Tr\u00fcffel"},"content":{"rendered":"<h1 class=\"wp-block-heading\"><strong>Der rechtliche Status von Psilocybin-Tr\u00fcffeln: Ein umfassender Leitfaden<\/strong><\/h1>\n\n\n\n<div style=\"height:100px\" aria-hidden=\"true\" class=\"wp-block-spacer\"><\/div>\n\n\n\n<h3 class=\"wp-block-heading\"><strong>Einf\u00fchrung<\/strong><\/h3>\n\n\n\n<p>Willkommen bei Primal Focus, Ihrer zuverl\u00e4ssigen Quelle f\u00fcr frisch verpackte <a href=\"https:\/\/primalfocus.eu\/de\/produkt\/microdose-xp-truffles\/\">Psilocybe Tampanensis Mexicana Sclerotia Tr\u00fcffel. <\/a>Wir m\u00f6chten Sie mit den wichtigsten Informationen \u00fcber den rechtlichen Status dieser Tr\u00fcffel, die Einzelheiten des Produkts und die Vorschriften f\u00fcr ihren Vertrieb in der Europ\u00e4ischen Union (EU) versorgen.<\/p>\n\n\n\n<h3 class=\"wp-block-heading\"><strong>Beschreibung des Produkts<\/strong><\/h3>\n\n\n\n<p>Bei Primal Focus bieten wir Psilocybe Tampanensis Mexicana Sclerotia Tr\u00fcffeln an, die speziell f\u00fcr die Mikrodosierung entwickelt wurden. Bitte beachten Sie, dass es sich hierbei nicht um Ihre typischen \"magischen\" Pilze handelt, sondern um ein einzigartiges Produkt mit besonderen Eigenschaften.<\/p>\n\n\n\n<h3 class=\"wp-block-heading\"><strong>Rechtsstatus in den Niederlanden<\/strong><\/h3>\n\n\n\n<p>In den Niederlanden sind frische Psilocybe Mexicana-Tr\u00fcffeln (keine Pilze) v\u00f6llig legal. Sie k\u00f6nnen ohne rechtliche Einschr\u00e4nkungen produziert, gehandelt und verkauft werden. Diese Tr\u00fcffel fallen unter die Kategorie der Nahrungserg\u00e4nzungsmittel gem\u00e4\u00df den europ\u00e4ischen Richtlinien und entsprechen den Sicherheitsnormen in vollem Umfang.<\/p>\n\n\n\n<p>Nach Angaben der Europ\u00e4ischen Beh\u00f6rde f\u00fcr Lebensmittelsicherheit (EFSA) werden Pilze und Tr\u00fcffel als pflanzliche Stoffe eingestuft. Die EFSA definiert pflanzliche Stoffe als \"Zubereitungen aus Pflanzen, Algen, Pilzen oder Flechten, die auf dem EU-Markt in Form von Nahrungserg\u00e4nzungsmitteln erh\u00e4ltlich sind\".<\/p>\n\n\n\n<p>Zaubertr\u00fcffel, wie Psilocybe Tampanensis Mexicana Sclerotia, wachsen unter der Erde. Aufgrund ihres einzigartigen nat\u00fcrlichen Wachstumsprozesses fallen sie nicht unter die Klassifizierung von Pilzen und entziehen sich somit den gesetzlichen Vorschriften f\u00fcr Pilze.<\/p>\n\n\n\n<p>Nach einer Reihe von Vorf\u00e4llen im Zusammenhang mit Zauberpilzen verabschiedete die niederl\u00e4ndische Regierung im Jahr 2008 ein Gesetz, mit dem frische Zauberpilze verboten wurden. Dieses Gesetz erw\u00e4hnte jedoch ausdr\u00fccklich \"De Paddestoel\" und lie\u00df eine rechtliche Unterscheidung f\u00fcr \"magische\" Psilocybin-Tr\u00fcffeln, die technisch gesehen Pilzsubstrate sind, die als Sklerotien bekannt sind.<\/p>\n\n\n\n<p>Zusammenfassend l\u00e4sst sich sagen, dass frische Psilocybin-Tr\u00fcffeln in den Niederlanden v\u00f6llig legal sind.<\/p>\n\n\n\n<h3 class=\"wp-block-heading\"><strong>Internationaler Rechtsrahmen<\/strong><\/h3>\n\n\n\n<p>Die halluzinogenen Substanzen, die f\u00fcr die Wirkung der Zaubertr\u00fcffel verantwortlich sind, sind im \u00dcbereinkommen \u00fcber psychotrope Stoffe aufgef\u00fchrt. Es gibt jedoch eine Ausnahme f\u00fcr Naturprodukte wie Peyote-Kakteen und Psilocybe-Pilze, zu denen auch Tr\u00fcffel geh\u00f6ren. Diese Naturprodukte genie\u00dfen im Rahmen dieses \u00dcbereinkommens einen rechtlichen Status, wie in Artikel 32, Punkt 12 ausdr\u00fccklich festgestellt wird.<\/p>\n\n\n\n<p>Der Besitz von Psilocybin-Pilzen oder -Tr\u00fcffeln ist also nach diesem internationalen Abkommen legal, solange die psychoaktiven Substanzen nicht extrahiert oder synthetisiert werden, was gegen die bestehenden Gesetze versto\u00dfen w\u00fcrde.<\/p>\n\n\n\n<h3 class=\"wp-block-heading\"><strong>Versand in andere EU-L\u00e4nder<\/strong><\/h3>\n\n\n\n<p>Die gute Nachricht ist, dass Tr\u00fcffel in den Niederlanden legal sind, was bedeutet, dass sie nach dem von der Europ\u00e4ischen Kommission aufgestellten Grundsatz der gegenseitigen Anerkennung von Waren in alle anderen EU-L\u00e4nder versandt werden k\u00f6nnen. Dieser Grundsatz besagt, dass ein Produkt, das in einem EU-Land legal ist, auch in alle anderen EU-L\u00e4nder verkauft und geliefert werden darf.<\/p>\n\n\n\n<p>Es ist jedoch wichtig, sich \u00fcber die spezifischen Vorschriften in Ihrem Land zu informieren, da einzelne EU-L\u00e4nder, Staaten oder lokale Beh\u00f6rden befugt sein k\u00f6nnen, zus\u00e4tzliche Beschr\u00e4nkungen aufzuerlegen. Wenn Sie bei uns einkaufen, \u00fcbernehmen Sie die Verantwortung f\u00fcr die Einhaltung der \u00f6rtlichen Gesetze und Zollvorschriften. Bitte vergewissern Sie sich, dass das von Ihnen bestellte Produkt in Ihrem Einfuhrland legal ist. Primal Focus haftet nicht f\u00fcr Waren, die von Dritten, wie z.B. Zoll- oder Strafverfolgungsbeh\u00f6rden in Ihrem Importland, gelagert oder beschlagnahmt werden.<\/p>\n\n\n\n<h3 class=\"wp-block-heading\"><strong>Haftungsausschluss<\/strong><\/h3>\n\n\n\n<p>Bei Primal Focus stellen wir Ressourcen f\u00fcr Erwachsene bereit, die sich f\u00fcr eine verantwortungsvolle Mikrodosierung entscheiden. Es ist wichtig zu beachten, dass wir nicht behaupten, dass Microdosing ein Ersatz f\u00fcr professionelle medizinische Beratung, Behandlung oder Therapie ist. Wenn Sie medizinische oder psychologische Bedenken haben oder Symptome von Depressionen oder \u00c4ngsten versp\u00fcren, raten wir Ihnen dringend, sich an eine medizinische Fachkraft zu wenden.<\/p>\n\n\n\n<p>Wir bef\u00fcrworten oder f\u00f6rdern in keiner Weise die Verwendung illegaler Psychedelika und dulden auch keine Handlungen, die gegen das Gesetz versto\u00dfen, einschlie\u00dflich des Besitzes illegaler Substanzen.<\/p>\n\n\n\n<p>Vielen Dank, dass Sie Primal Focus als Ihre vertrauensw\u00fcrdige Quelle f\u00fcr Psilocybin-Tr\u00fcffel gew\u00e4hlt haben. Wir sind bestrebt, Ihnen sichere und legale Optionen f\u00fcr Ihre Erkundungen in der Welt der Mikrodosierung zu bieten.<\/p>","protected":false},"excerpt":{"rendered":"<p>The Legal Status of Psilocybin Truffles: A Comprehensive Guide Introduction Welcome to Primal Focus, your trusted source for freshly prepackaged Psilocybe Tampanensis Mexicana Sclerotia truffles. We are here to provide you with essential information regarding the legal status of these truffles, product details, and the regulations surrounding their distribution within the European Union (EU). Product [&hellip;]<\/p>\n","protected":false},"author":1,"featured_media":0,"parent":0,"menu_order":0,"comment_status":"closed","ping_status":"closed","template":"","meta":{"site-sidebar-layout":"default","site-content-layout":"","ast-site-content-layout":"","site-content-style":"default","site-sidebar-style":"default","ast-global-header-display":"","ast-banner-title-visibility":"","ast-main-header-display":"","ast-hfb-above-header-display":"","ast-hfb-below-header-display":"","ast-hfb-mobile-header-display":"","site-post-title":"disabled","ast-breadcrumbs-content":"","ast-featured-img":"","footer-sml-layout":"","theme-transparent-header-meta":"disabled","adv-header-id-meta":"","stick-header-meta":"","header-above-stick-meta":"","header-main-stick-meta":"","header-below-stick-meta":"","astra-migrate-meta-layouts":"default","ast-page-background-enabled":"default","ast-page-background-meta":{"desktop":{"background-color":"","background-image":"","background-repeat":"repeat","background-position":"center center","background-size":"auto","background-attachment":"scroll","background-type":"","background-media":"","overlay-type":"","overlay-color":"","overlay-gradient":""},"tablet":{"background-color":"","background-image":"","background-repeat":"repeat","background-position":"center center","background-size":"auto","background-attachment":"scroll","background-type":"","background-media":"","overlay-type":"","overlay-color":"","overlay-gradient":""},"mobile":{"background-color":"","background-image":"","background-repeat":"repeat","background-position":"center center","background-size":"auto","background-attachment":"scroll","background-type":"","background-media":"","overlay-type":"","overlay-color":"","overlay-gradient":""}},"ast-content-background-meta":{"desktop":{"background-color":"var(--ast-global-color-5)","background-image":"","background-repeat":"repeat","background-position":"center center","background-size":"auto","background-attachment":"scroll","background-type":"","background-media":"","overlay-type":"","overlay-color":"","overlay-gradient":""},"tablet":{"background-color":"var(--ast-global-color-5)","background-image":"","background-repeat":"repeat","background-position":"center center","background-size":"auto","background-attachment":"scroll","background-type":"","background-media":"","overlay-type":"","overlay-color":"","overlay-gradient":""},"mobile":{"background-color":"var(--ast-global-color-5)","background-image":"","background-repeat":"repeat","background-position":"center center","background-size":"auto","background-attachment":"scroll","background-type":"","background-media":"","overlay-type":"","overlay-color":"","overlay-gradient":""}},"footnotes":""},"class_list":["post-5198","page","type-page","status-publish","hentry"],"yoast_head":"<!-- This site is optimized with the Yoast SEO plugin v27.5 - https:\/\/yoast.com\/product\/yoast-seo-wordpress\/ -->\n<title>Legal Status Truffles - Primal Focus<\/title>\n<meta name=\"description\" content=\"Discover the legality of psilocybin truffles at Primal Focus. We provide fresh, legal truffles for microdosing in the Netherlands and EU.\" \/>\n<meta name=\"robots\" content=\"index, follow, max-snippet:-1, max-image-preview:large, max-video-preview:-1\" \/>\n<link rel=\"canonical\" href=\"https:\/\/primalfocus.eu\/de\/are-psilocybin-truffles-legal\/\" \/>\n<meta property=\"og:locale\" content=\"de_DE\" \/>\n<meta property=\"og:type\" content=\"article\" \/>\n<meta property=\"og:title\" content=\"Legal Status Truffles - Primal Focus\" \/>\n<meta property=\"og:description\" content=\"Discover the legality of psilocybin truffles at Primal Focus. We provide fresh, legal truffles for microdosing in the Netherlands and EU.\" \/>\n<meta property=\"og:url\" content=\"https:\/\/primalfocus.eu\/de\/are-psilocybin-truffles-legal\/\" \/>\n<meta property=\"og:site_name\" content=\"Primal Focus\" \/>\n<meta property=\"article:publisher\" content=\"https:\/\/www.facebook.com\/profile.php?id=61575377667059\" \/>\n<meta property=\"article:modified_time\" content=\"2023-11-15T18:42:14+00:00\" \/>\n<meta name=\"twitter:card\" content=\"summary_large_image\" \/>\n<meta name=\"twitter:site\" content=\"@primalfocus_eu\" \/>\n<meta name=\"twitter:label1\" content=\"Gesch\u00e4tzte Lesezeit\" \/>\n\t<meta name=\"twitter:data1\" content=\"3\u00a0Minuten\" \/>\n<script type=\"application\/ld+json\" class=\"yoast-schema-graph\">{\"@context\":\"https:\\\/\\\/schema.org\",\"@graph\":[{\"@type\":\"WebPage\",\"@id\":\"https:\\\/\\\/primalfocus.eu\\\/de\\\/are-psilocybin-truffles-legal\\\/\",\"url\":\"https:\\\/\\\/primalfocus.eu\\\/de\\\/are-psilocybin-truffles-legal\\\/\",\"name\":\"Legal Status Truffles - Primal Focus\",\"isPartOf\":{\"@id\":\"https:\\\/\\\/primalfocus.eu\\\/de\\\/#website\"},\"datePublished\":\"2023-09-03T18:03:50+00:00\",\"dateModified\":\"2023-11-15T18:42:14+00:00\",\"description\":\"Discover the legality of psilocybin truffles at Primal Focus. We provide fresh, legal truffles for microdosing in the Netherlands and EU.\",\"breadcrumb\":{\"@id\":\"https:\\\/\\\/primalfocus.eu\\\/de\\\/are-psilocybin-truffles-legal\\\/#breadcrumb\"},\"inLanguage\":\"de\",\"potentialAction\":[{\"@type\":\"ReadAction\",\"target\":[\"https:\\\/\\\/primalfocus.eu\\\/de\\\/are-psilocybin-truffles-legal\\\/\"]}]},{\"@type\":\"BreadcrumbList\",\"@id\":\"https:\\\/\\\/primalfocus.eu\\\/de\\\/are-psilocybin-truffles-legal\\\/#breadcrumb\",\"itemListElement\":[{\"@type\":\"ListItem\",\"position\":1,\"name\":\"Home\",\"item\":\"https:\\\/\\\/primalfocus.eu\\\/\"},{\"@type\":\"ListItem\",\"position\":2,\"name\":\"Legal Status Truffles\"}]},{\"@type\":\"WebSite\",\"@id\":\"https:\\\/\\\/primalfocus.eu\\\/de\\\/#website\",\"url\":\"https:\\\/\\\/primalfocus.eu\\\/de\\\/\",\"name\":\"Primal Focus\",\"description\":\"Buy legal psychedelics online\",\"publisher\":{\"@id\":\"https:\\\/\\\/primalfocus.eu\\\/de\\\/#organization\"},\"potentialAction\":[{\"@type\":\"SearchAction\",\"target\":{\"@type\":\"EntryPoint\",\"urlTemplate\":\"https:\\\/\\\/primalfocus.eu\\\/de\\\/?s={search_term_string}\"},\"query-input\":{\"@type\":\"PropertyValueSpecification\",\"valueRequired\":true,\"valueName\":\"search_term_string\"}}],\"inLanguage\":\"de\"},{\"@type\":\"Organization\",\"@id\":\"https:\\\/\\\/primalfocus.eu\\\/de\\\/#organization\",\"name\":\"Primal Focus\",\"alternateName\":\"primalfocus.eu\",\"url\":\"https:\\\/\\\/primalfocus.eu\\\/de\\\/\",\"logo\":{\"@type\":\"ImageObject\",\"inLanguage\":\"de\",\"@id\":\"https:\\\/\\\/primalfocus.eu\\\/de\\\/#\\\/schema\\\/logo\\\/image\\\/\",\"url\":\"https:\\\/\\\/primalfocus.eu\\\/wp-content\\\/uploads\\\/2026\\\/04\\\/primal-focus-logo-6.svg\",\"contentUrl\":\"https:\\\/\\\/primalfocus.eu\\\/wp-content\\\/uploads\\\/2026\\\/04\\\/primal-focus-logo-6.svg\",\"width\":50,\"height\":50,\"caption\":\"Primal Focus\"},\"image\":{\"@id\":\"https:\\\/\\\/primalfocus.eu\\\/de\\\/#\\\/schema\\\/logo\\\/image\\\/\"},\"sameAs\":[\"https:\\\/\\\/www.facebook.com\\\/profile.php?id=61575377667059\",\"https:\\\/\\\/x.com\\\/primalfocus_eu\",\"https:\\\/\\\/www.instagram.com\\\/primalfocus.store\\\/\"]}]}<\/script>\n<!-- \/ Yoast SEO plugin. -->","yoast_head_json":{"title":"Legal Status Truffles - Primal Focus","description":"Discover the legality of psilocybin truffles at Primal Focus. We provide fresh, legal truffles for microdosing in the Netherlands and EU.","robots":{"index":"index","follow":"follow","max-snippet":"max-snippet:-1","max-image-preview":"max-image-preview:large","max-video-preview":"max-video-preview:-1"},"canonical":"https:\/\/primalfocus.eu\/de\/are-psilocybin-truffles-legal\/","og_locale":"de_DE","og_type":"article","og_title":"Legal Status Truffles - Primal Focus","og_description":"Discover the legality of psilocybin truffles at Primal Focus. We provide fresh, legal truffles for microdosing in the Netherlands and EU.","og_url":"https:\/\/primalfocus.eu\/de\/are-psilocybin-truffles-legal\/","og_site_name":"Primal Focus","article_publisher":"https:\/\/www.facebook.com\/profile.php?id=61575377667059","article_modified_time":"2023-11-15T18:42:14+00:00","twitter_card":"summary_large_image","twitter_site":"@primalfocus_eu","twitter_misc":{"Gesch\u00e4tzte Lesezeit":"3\u00a0Minuten"},"schema":{"@context":"https:\/\/schema.org","@graph":[{"@type":"WebPage","@id":"https:\/\/primalfocus.eu\/de\/are-psilocybin-truffles-legal\/","url":"https:\/\/primalfocus.eu\/de\/are-psilocybin-truffles-legal\/","name":"Legal Status Truffles - Primal Focus","isPartOf":{"@id":"https:\/\/primalfocus.eu\/de\/#website"},"datePublished":"2023-09-03T18:03:50+00:00","dateModified":"2023-11-15T18:42:14+00:00","description":"Discover the legality of psilocybin truffles at Primal Focus. We provide fresh, legal truffles for microdosing in the Netherlands and EU.","breadcrumb":{"@id":"https:\/\/primalfocus.eu\/de\/are-psilocybin-truffles-legal\/#breadcrumb"},"inLanguage":"de","potentialAction":[{"@type":"ReadAction","target":["https:\/\/primalfocus.eu\/de\/are-psilocybin-truffles-legal\/"]}]},{"@type":"BreadcrumbList","@id":"https:\/\/primalfocus.eu\/de\/are-psilocybin-truffles-legal\/#breadcrumb","itemListElement":[{"@type":"ListItem","position":1,"name":"Home","item":"https:\/\/primalfocus.eu\/"},{"@type":"ListItem","position":2,"name":"Legal Status Truffles"}]},{"@type":"WebSite","@id":"https:\/\/primalfocus.eu\/de\/#website","url":"https:\/\/primalfocus.eu\/de\/","name":"Primal Focus","description":"Legale Psychedelika online kaufen","publisher":{"@id":"https:\/\/primalfocus.eu\/de\/#organization"},"potentialAction":[{"@type":"SearchAction","target":{"@type":"EntryPoint","urlTemplate":"https:\/\/primalfocus.eu\/de\/?s={search_term_string}"},"query-input":{"@type":"PropertyValueSpecification","valueRequired":true,"valueName":"search_term_string"}}],"inLanguage":"de"},{"@type":"Organization","@id":"https:\/\/primalfocus.eu\/de\/#organization","name":"Primal Focus","alternateName":"primalfocus.eu","url":"https:\/\/primalfocus.eu\/de\/","logo":{"@type":"ImageObject","inLanguage":"de","@id":"https:\/\/primalfocus.eu\/de\/#\/schema\/logo\/image\/","url":"https:\/\/primalfocus.eu\/wp-content\/uploads\/2026\/04\/primal-focus-logo-6.svg","contentUrl":"https:\/\/primalfocus.eu\/wp-content\/uploads\/2026\/04\/primal-focus-logo-6.svg","width":50,"height":50,"caption":"Primal Focus"},"image":{"@id":"https:\/\/primalfocus.eu\/de\/#\/schema\/logo\/image\/"},"sameAs":["https:\/\/www.facebook.com\/profile.php?id=61575377667059","https:\/\/x.com\/primalfocus_eu","https:\/\/www.instagram.com\/primalfocus.store\/"]}]}},"jetpack_sharing_enabled":true,"_links":{"self":[{"href":"https:\/\/primalfocus.eu\/de\/wp-json\/wp\/v2\/pages\/5198","targetHints":{"allow":["GET"]}}],"collection":[{"href":"https:\/\/primalfocus.eu\/de\/wp-json\/wp\/v2\/pages"}],"about":[{"href":"https:\/\/primalfocus.eu\/de\/wp-json\/wp\/v2\/types\/page"}],"author":[{"embeddable":true,"href":"https:\/\/primalfocus.eu\/de\/wp-json\/wp\/v2\/users\/1"}],"replies":[{"embeddable":true,"href":"https:\/\/primalfocus.eu\/de\/wp-json\/wp\/v2\/comments?post=5198"}],"version-history":[{"count":0,"href":"https:\/\/primalfocus.eu\/de\/wp-json\/wp\/v2\/pages\/5198\/revisions"}],"wp:attachment":[{"href":"https:\/\/primalfocus.eu\/de\/wp-json\/wp\/v2\/media?parent=5198"}],"curies":[{"name":"wp","href":"https:\/\/api.w.org\/{rel}","templated":true}]}}