{"id":485434,"date":"2024-10-18T11:06:13","date_gmt":"2024-10-18T09:06:13","guid":{"rendered":"https:\/\/primalfocus.eu\/?page_id=485434"},"modified":"2026-02-25T12:37:17","modified_gmt":"2026-02-25T11:37:17","slug":"ruckgabepolitik","status":"publish","type":"page","link":"https:\/\/primalfocus.eu\/de\/return-policy\/","title":{"rendered":"R\u00fcckgabepolitik"},"content":{"rendered":"<div data-elementor-type=\"wp-page\" data-elementor-id=\"485434\" class=\"elementor elementor-485434\" data-elementor-post-type=\"page\">\n\t\t\t\t\t\t<section class=\"elementor-section elementor-top-section elementor-element elementor-element-2bbe6a3 elementor-section-boxed elementor-section-height-default elementor-section-height-default\" data-id=\"2bbe6a3\" data-element_type=\"section\" data-e-type=\"section\">\n\t\t\t\t\t\t<div class=\"elementor-container elementor-column-gap-default\">\n\t\t\t\t\t<div class=\"elementor-column elementor-col-100 elementor-top-column elementor-element elementor-element-05744ed\" data-id=\"05744ed\" data-element_type=\"column\" data-e-type=\"column\">\n\t\t\t<div class=\"elementor-widget-wrap elementor-element-populated\">\n\t\t\t\t\t\t<div class=\"elementor-element elementor-element-80c110a elementor-widget elementor-widget-heading\" data-id=\"80c110a\" data-element_type=\"widget\" data-e-type=\"widget\" data-widget_type=\"heading.default\">\n\t\t\t\t<div class=\"elementor-widget-container\">\n\t\t\t\t\t<h1 class=\"elementor-heading-title elementor-size-default\"><b>R\u00fcckgabepolitik<\/b><\/h1>\t\t\t\t<\/div>\n\t\t\t\t<\/div>\n\t\t\t\t<div class=\"elementor-element elementor-element-bc03df6 elementor-hidden-tablet elementor-hidden-mobile elementor-widget elementor-widget-text-editor\" data-id=\"bc03df6\" data-element_type=\"widget\" data-e-type=\"widget\" data-widget_type=\"text-editor.default\">\n\t\t\t\t<div class=\"elementor-widget-container\">\n\t\t\t\t\t\t\t\t\t<p>Danke, dass Sie bei uns einkaufen! Wir bem\u00fchen uns, Ihnen eine positive Erfahrung mit unseren Produkten zu erm\u00f6glichen. Nachfolgend finden Sie die R\u00fcckgaberichtlinien f\u00fcr die einzelnen Produktkategorien, die wir anbieten.<\/p><h3>\u00a0<\/h3><h3>Allgemeine R\u00fcckf\u00fchrungsrichtlinien<\/h3><p><strong>R\u00fcckgabefrist:<\/strong><br \/>Sie k\u00f6nnen berechtigte Produkte innerhalb von 14 Tagen nach Erhalt Ihrer Bestellung zur\u00fcckgeben. Um f\u00fcr eine R\u00fcckgabe in Frage zu kommen, m\u00fcssen die Produkte unge\u00f6ffnet und mit intaktem Siegel sein.<\/p><p><strong>R\u00fccksendung:<\/strong><br \/>Der Kunde ist f\u00fcr die R\u00fccksendekosten verantwortlich, es sei denn, das Produkt ist besch\u00e4digt oder defekt. Wir empfehlen die Verwendung eines verfolgbaren Versanddienstes, um eine sichere R\u00fccksendung zu gew\u00e4hrleisten.<\/p><p><strong>Erstattungsverfahren:<\/strong><br \/>Sobald wir den zur\u00fcckgegebenen Artikel erhalten und gepr\u00fcft haben, werden wir Sie \u00fcber die Genehmigung oder Ablehnung Ihrer R\u00fcckerstattung informieren. Genehmigte R\u00fcckerstattungen werden innerhalb von 7-10 Werktagen bearbeitet und auf die urspr\u00fcngliche Zahlungsmethode ausgestellt.<\/p><p><strong>Nicht r\u00fcckgabef\u00e4hige Bedingungen:<\/strong><br \/>Aus Gr\u00fcnden der Sicherheit und der Qualit\u00e4tskontrolle k\u00f6nnen wir keine R\u00fccksendungen akzeptieren, wenn das Siegel gebrochen oder die Verpackung ge\u00f6ffnet ist. Au\u00dferdem k\u00f6nnen Artikel, die nach Ablauf von 30 Tagen nach dem Lieferdatum zur\u00fcckgegeben werden, nicht erstattet werden.<\/p><h3>\u00a0<\/h3><h3>Spezifische Produktkategorien<\/h3><h4>\u00a0<\/h4><h4>1. <strong>Erg\u00e4nzungsmittel (Pilzkaffee, L\u00f6wenm\u00e4hne-Kapseln, Cordyceps-Kapseln, Chaga-Kapseln und Reishi-Kapseln)<\/strong><\/h4><ul><li><strong>Berechtigung zur R\u00fcckgabe:<\/strong> Unge\u00f6ffnet und mit intaktem Siegel.<\/li><li><strong>R\u00fcckgabefrist:<\/strong> 14 Tage ab dem Datum der Lieferung.<\/li><li><strong>Erstattungsbedingungen:<\/strong> Erstattungen werden nur f\u00fcr zur\u00fcckgegebene Erg\u00e4nzungskapseln gew\u00e4hrt, die die oben genannten Kriterien erf\u00fcllen.<\/li><\/ul><h4>\u00a0<\/h4><h4>2.\u00a0<strong>Magische Tr\u00fcffel, Mikrodosierungstr\u00fcffel, legale LSD-Produkte, Amsterdam Drops, Kakteen und Grow-Kits<\/strong><\/h4><ul><li><strong>Nicht umtauschbar:<\/strong> Aufgrund der Verderblichkeit und der hygienischen Aspekte dieser Produkte k\u00f6nnen wir keine R\u00fccksendungen f\u00fcr frische magische Tr\u00fcffel, Mikrodosierungstr\u00fcffel, 1S-LSD-Produkte, Amsterdam Drops, Kakteen oder Grow-Kits akzeptieren.<\/li><li><strong>Erstattungen:<\/strong> F\u00fcr diese Artikel wird unter keinen Umst\u00e4nden eine Erstattung gew\u00e4hrt.<\/li><\/ul><h4>3. <strong>Waren (Kleidung, Accessoires, etc.)<\/strong><\/h4><ul><li><strong>Berechtigung zur R\u00fcckgabe:<\/strong> Unge\u00f6ffnete und ungetragene Ware kann innerhalb von 14 Tagen nach Erhalt zur\u00fcckgegeben werden.<\/li><li><strong>Standardregeln f\u00fcr die R\u00fcckgabe von Kleidung:<\/strong><ul><li>Die Artikel m\u00fcssen sich in ihrem Originalzustand befinden, die Etiketten m\u00fcssen angebracht und die Verpackung intakt sein.<\/li><li>Getragene oder gewaschene Artikel k\u00f6nnen nicht zur\u00fcckgegeben werden.<\/li><li>Artikel, die nach Ablauf von 14 Tagen nach dem Lieferdatum zur\u00fcckgeschickt werden, k\u00f6nnen nicht erstattet werden.<\/li><\/ul><\/li><\/ul><h3>\u00a0<\/h3><h3>Adresse f\u00fcr R\u00fccksendungen<\/h3><p>Bitte senden Sie Ihre R\u00fccksendung an die folgende Adresse:<\/p><p>Kerkenbos 1063M,<br \/>6546 BB Nijmegen,<br \/>Die Niederlande.<\/p><p>Um einen reibungslosen R\u00fcckgabeprozess zu gew\u00e4hrleisten, bitten wir Sie <strong>Ihre Bestellnummer angeben<\/strong> und geben Sie an, welche(s) Produkt(e) Sie zur\u00fcckgeben m\u00f6chten.<\/p><p><strong>\u00a0<\/strong><\/p><p><strong>Anmerkung:<\/strong><br \/>Sobald das Plastiksiegel an den Kapseln des Nahrungserg\u00e4nzungsmittels gebrochen ist, k\u00f6nnen wir nicht mehr f\u00fcr die Qualit\u00e4t oder Sicherheit des Produkts garantieren, und es kann nicht zur\u00fcckgegeben oder erstattet werden,<\/p>\t\t\t\t\t\t\t\t<\/div>\n\t\t\t\t<\/div>\n\t\t\t\t\t<\/div>\n\t\t<\/div>\n\t\t\t\t\t<\/div>\n\t\t<\/section>\n\t\t\t\t<\/div>","protected":false},"excerpt":{"rendered":"<p>Return Policy Thank you for shopping with us! We strive to ensure you have a positive experience with our products. [&hellip;]<\/p>\n","protected":false},"author":1,"featured_media":0,"parent":0,"menu_order":0,"comment_status":"closed","ping_status":"closed","template":"","meta":{"site-sidebar-layout":"no-sidebar","site-content-layout":"page-builder","ast-site-content-layout":"full-width-container","site-content-style":"default","site-sidebar-style":"default","ast-global-header-display":"","ast-banner-title-visibility":"","ast-main-header-display":"","ast-hfb-above-header-display":"","ast-hfb-below-header-display":"","ast-hfb-mobile-header-display":"","site-post-title":"disabled","ast-breadcrumbs-content":"","ast-featured-img":"disabled","footer-sml-layout":"","ast-disable-related-posts":"","theme-transparent-header-meta":"disabled","adv-header-id-meta":"","stick-header-meta":"","header-above-stick-meta":"","header-main-stick-meta":"","header-below-stick-meta":"","astra-migrate-meta-layouts":"set","ast-page-background-enabled":"default","ast-page-background-meta":{"desktop":{"background-color":"","background-image":"","background-repeat":"repeat","background-position":"center center","background-size":"auto","background-attachment":"scroll","background-type":"","background-media":"","overlay-type":"","overlay-color":"","overlay-gradient":""},"tablet":{"background-color":"","background-image":"","background-repeat":"repeat","background-position":"center center","background-size":"auto","background-attachment":"scroll","background-type":"","background-media":"","overlay-type":"","overlay-color":"","overlay-gradient":""},"mobile":{"background-color":"","background-image":"","background-repeat":"repeat","background-position":"center center","background-size":"auto","background-attachment":"scroll","background-type":"","background-media":"","overlay-type":"","overlay-color":"","overlay-gradient":""}},"ast-content-background-meta":{"desktop":{"background-color":"var(--ast-global-color-5)","background-image":"","background-repeat":"repeat","background-position":"center center","background-size":"auto","background-attachment":"scroll","background-type":"","background-media":"","overlay-type":"","overlay-color":"","overlay-gradient":""},"tablet":{"background-color":"var(--ast-global-color-5)","background-image":"","background-repeat":"repeat","background-position":"center center","background-size":"auto","background-attachment":"scroll","background-type":"","background-media":"","overlay-type":"","overlay-color":"","overlay-gradient":""},"mobile":{"background-color":"var(--ast-global-color-5)","background-image":"","background-repeat":"repeat","background-position":"center center","background-size":"auto","background-attachment":"scroll","background-type":"","background-media":"","overlay-type":"","overlay-color":"","overlay-gradient":""}},"footnotes":""},"class_list":["post-485434","page","type-page","status-publish","hentry"],"yoast_head":"<!-- This site is optimized with the Yoast SEO plugin v27.3 - https:\/\/yoast.com\/product\/yoast-seo-wordpress\/ -->\n<title>Return Policy - Primal Focus<\/title>\n<meta name=\"robots\" content=\"index, follow, max-snippet:-1, max-image-preview:large, max-video-preview:-1\" \/>\n<link rel=\"canonical\" href=\"https:\/\/primalfocus.eu\/de\/ruckgabepolitik\/\" \/>\n<meta property=\"og:locale\" content=\"de_DE\" \/>\n<meta property=\"og:type\" content=\"article\" \/>\n<meta property=\"og:title\" content=\"Return Policy - Primal Focus\" \/>\n<meta property=\"og:description\" content=\"Return Policy Thank you for shopping with us! We strive to ensure you have a positive experience with our products. [&hellip;]\" \/>\n<meta property=\"og:url\" content=\"https:\/\/primalfocus.eu\/de\/ruckgabepolitik\/\" \/>\n<meta property=\"og:site_name\" content=\"Primal Focus\" \/>\n<meta property=\"article:publisher\" content=\"https:\/\/www.facebook.com\/profile.php?id=61575377667059\" \/>\n<meta property=\"article:modified_time\" content=\"2026-02-25T11:37:17+00:00\" \/>\n<meta name=\"twitter:card\" content=\"summary_large_image\" \/>\n<meta name=\"twitter:site\" content=\"@primalfocus_eu\" \/>\n<meta name=\"twitter:label1\" content=\"Gesch\u00e4tzte Lesezeit\" \/>\n\t<meta name=\"twitter:data1\" content=\"2\u00a0Minuten\" \/>\n<script type=\"application\/ld+json\" class=\"yoast-schema-graph\">{\"@context\":\"https:\\\/\\\/schema.org\",\"@graph\":[{\"@type\":\"WebPage\",\"@id\":\"https:\\\/\\\/primalfocus.eu\\\/de\\\/return-policy\\\/\",\"url\":\"https:\\\/\\\/primalfocus.eu\\\/de\\\/return-policy\\\/\",\"name\":\"Return Policy - Primal Focus\",\"isPartOf\":{\"@id\":\"https:\\\/\\\/primalfocus.eu\\\/de\\\/#website\"},\"datePublished\":\"2024-10-18T09:06:13+00:00\",\"dateModified\":\"2026-02-25T11:37:17+00:00\",\"breadcrumb\":{\"@id\":\"https:\\\/\\\/primalfocus.eu\\\/de\\\/return-policy\\\/#breadcrumb\"},\"inLanguage\":\"de\",\"potentialAction\":[{\"@type\":\"ReadAction\",\"target\":[\"https:\\\/\\\/primalfocus.eu\\\/de\\\/return-policy\\\/\"]}]},{\"@type\":\"BreadcrumbList\",\"@id\":\"https:\\\/\\\/primalfocus.eu\\\/de\\\/return-policy\\\/#breadcrumb\",\"itemListElement\":[{\"@type\":\"ListItem\",\"position\":1,\"name\":\"Home\",\"item\":\"https:\\\/\\\/primalfocus.eu\\\/\"},{\"@type\":\"ListItem\",\"position\":2,\"name\":\"Return Policy\"}]},{\"@type\":\"WebSite\",\"@id\":\"https:\\\/\\\/primalfocus.eu\\\/de\\\/#website\",\"url\":\"https:\\\/\\\/primalfocus.eu\\\/de\\\/\",\"name\":\"Primal Focus\",\"description\":\"Buy legal psychedelics online\",\"publisher\":{\"@id\":\"https:\\\/\\\/primalfocus.eu\\\/de\\\/#organization\"},\"potentialAction\":[{\"@type\":\"SearchAction\",\"target\":{\"@type\":\"EntryPoint\",\"urlTemplate\":\"https:\\\/\\\/primalfocus.eu\\\/de\\\/?s={search_term_string}\"},\"query-input\":{\"@type\":\"PropertyValueSpecification\",\"valueRequired\":true,\"valueName\":\"search_term_string\"}}],\"inLanguage\":\"de\"},{\"@type\":\"Organization\",\"@id\":\"https:\\\/\\\/primalfocus.eu\\\/de\\\/#organization\",\"name\":\"Primal Focus\",\"alternateName\":\"primalfocus.eu\",\"url\":\"https:\\\/\\\/primalfocus.eu\\\/de\\\/\",\"logo\":{\"@type\":\"ImageObject\",\"inLanguage\":\"de\",\"@id\":\"https:\\\/\\\/primalfocus.eu\\\/de\\\/#\\\/schema\\\/logo\\\/image\\\/\",\"url\":\"https:\\\/\\\/primalfocus.eu\\\/wp-content\\\/uploads\\\/2025\\\/11\\\/primal-focus-logo-header.svg\",\"contentUrl\":\"https:\\\/\\\/primalfocus.eu\\\/wp-content\\\/uploads\\\/2025\\\/11\\\/primal-focus-logo-header.svg\",\"caption\":\"Primal Focus\"},\"image\":{\"@id\":\"https:\\\/\\\/primalfocus.eu\\\/de\\\/#\\\/schema\\\/logo\\\/image\\\/\"},\"sameAs\":[\"https:\\\/\\\/www.facebook.com\\\/profile.php?id=61575377667059\",\"https:\\\/\\\/x.com\\\/primalfocus_eu\",\"https:\\\/\\\/www.instagram.com\\\/primalfocus.store\\\/\"]}]}<\/script>\n<!-- \/ Yoast SEO plugin. -->","yoast_head_json":{"title":"R\u00fcckgabebedingungen - Primal Focus","robots":{"index":"index","follow":"follow","max-snippet":"max-snippet:-1","max-image-preview":"max-image-preview:large","max-video-preview":"max-video-preview:-1"},"canonical":"https:\/\/primalfocus.eu\/de\/ruckgabepolitik\/","og_locale":"de_DE","og_type":"article","og_title":"Return Policy - Primal Focus","og_description":"Return Policy Thank you for shopping with us! We strive to ensure you have a positive experience with our products. [&hellip;]","og_url":"https:\/\/primalfocus.eu\/de\/ruckgabepolitik\/","og_site_name":"Primal Focus","article_publisher":"https:\/\/www.facebook.com\/profile.php?id=61575377667059","article_modified_time":"2026-02-25T11:37:17+00:00","twitter_card":"summary_large_image","twitter_site":"@primalfocus_eu","twitter_misc":{"Gesch\u00e4tzte Lesezeit":"2\u00a0Minuten"},"schema":{"@context":"https:\/\/schema.org","@graph":[{"@type":"WebPage","@id":"https:\/\/primalfocus.eu\/de\/return-policy\/","url":"https:\/\/primalfocus.eu\/de\/return-policy\/","name":"R\u00fcckgabebedingungen - Primal Focus","isPartOf":{"@id":"https:\/\/primalfocus.eu\/de\/#website"},"datePublished":"2024-10-18T09:06:13+00:00","dateModified":"2026-02-25T11:37:17+00:00","breadcrumb":{"@id":"https:\/\/primalfocus.eu\/de\/return-policy\/#breadcrumb"},"inLanguage":"de","potentialAction":[{"@type":"ReadAction","target":["https:\/\/primalfocus.eu\/de\/return-policy\/"]}]},{"@type":"BreadcrumbList","@id":"https:\/\/primalfocus.eu\/de\/return-policy\/#breadcrumb","itemListElement":[{"@type":"ListItem","position":1,"name":"Home","item":"https:\/\/primalfocus.eu\/"},{"@type":"ListItem","position":2,"name":"Return Policy"}]},{"@type":"WebSite","@id":"https:\/\/primalfocus.eu\/de\/#website","url":"https:\/\/primalfocus.eu\/de\/","name":"Primal Focus","description":"Legale Psychedelika online kaufen","publisher":{"@id":"https:\/\/primalfocus.eu\/de\/#organization"},"potentialAction":[{"@type":"SearchAction","target":{"@type":"EntryPoint","urlTemplate":"https:\/\/primalfocus.eu\/de\/?s={search_term_string}"},"query-input":{"@type":"PropertyValueSpecification","valueRequired":true,"valueName":"search_term_string"}}],"inLanguage":"de"},{"@type":"Organization","@id":"https:\/\/primalfocus.eu\/de\/#organization","name":"Primal Focus","alternateName":"primalfocus.eu","url":"https:\/\/primalfocus.eu\/de\/","logo":{"@type":"ImageObject","inLanguage":"de","@id":"https:\/\/primalfocus.eu\/de\/#\/schema\/logo\/image\/","url":"https:\/\/primalfocus.eu\/wp-content\/uploads\/2025\/11\/primal-focus-logo-header.svg","contentUrl":"https:\/\/primalfocus.eu\/wp-content\/uploads\/2025\/11\/primal-focus-logo-header.svg","caption":"Primal Focus"},"image":{"@id":"https:\/\/primalfocus.eu\/de\/#\/schema\/logo\/image\/"},"sameAs":["https:\/\/www.facebook.com\/profile.php?id=61575377667059","https:\/\/x.com\/primalfocus_eu","https:\/\/www.instagram.com\/primalfocus.store\/"]}]}},"jetpack_sharing_enabled":true,"_links":{"self":[{"href":"https:\/\/primalfocus.eu\/de\/wp-json\/wp\/v2\/pages\/485434","targetHints":{"allow":["GET"]}}],"collection":[{"href":"https:\/\/primalfocus.eu\/de\/wp-json\/wp\/v2\/pages"}],"about":[{"href":"https:\/\/primalfocus.eu\/de\/wp-json\/wp\/v2\/types\/page"}],"author":[{"embeddable":true,"href":"https:\/\/primalfocus.eu\/de\/wp-json\/wp\/v2\/users\/1"}],"replies":[{"embeddable":true,"href":"https:\/\/primalfocus.eu\/de\/wp-json\/wp\/v2\/comments?post=485434"}],"version-history":[{"count":3,"href":"https:\/\/primalfocus.eu\/de\/wp-json\/wp\/v2\/pages\/485434\/revisions"}],"predecessor-version":[{"id":1118034,"href":"https:\/\/primalfocus.eu\/de\/wp-json\/wp\/v2\/pages\/485434\/revisions\/1118034"}],"wp:attachment":[{"href":"https:\/\/primalfocus.eu\/de\/wp-json\/wp\/v2\/media?parent=485434"}],"curies":[{"name":"wp","href":"https:\/\/api.w.org\/{rel}","templated":true}]}}